{"id":66847,"date":"2022-03-29T18:52:02","date_gmt":"2022-03-29T17:52:02","guid":{"rendered":"https:\/\/paddleshifterz.com\/?post_type=product&#038;p=66847"},"modified":"2026-03-02T11:59:17","modified_gmt":"2026-03-02T10:59:17","slug":"bmw-m-performance-floor-mats-g42","status":"publish","type":"product","link":"https:\/\/paddleshifterz.com\/de\/bmw-m-performance-floor-mats-g42\/","title":{"rendered":"OEM BMW M Performance Fu\u00dfmatten - 51475A35AF0-51475A35AF9"},"content":{"rendered":"<p>Versehen mit dem M Performance Schriftzug und einer Fahne in den typischen M Farben unterstreichen die Fu\u00dfmatten den sportlichen Look. Eine Einfassung in Lederoptik mit farblich abgesetzter Ziernaht rundet die hochwertige Optik ab. Geeignet f\u00fcr <a href=\"https:\/\/paddleshifterz.com\/de\/vehicles\/bmw-g42\/\">BMW G42<\/a> und <a href=\"https:\/\/paddleshifterz.com\/de\/vehicles\/bmw-g87-m2\/\">BMW G87 M2<\/a>.<\/p>\n<h2>Spezifikationen<\/h2>\n<ul>\n<li>Echtes BMW M Performance Produkt<\/li>\n<li>Satz Fu\u00dfmatten vorne und hinten (4 St\u00fcck, 2 vorne, 2 hinten), Klettelemente mit Bajonettverschluss (4 St\u00fcck), Montagehinweise<\/li>\n<\/ul>\n<h2>Teilenummern<\/h2>\n<ul>\n<li>LHD: 51475A35AF0<\/li>\n<li>RHD: 51475A35AF9<\/li>\n<\/ul>","protected":false},"excerpt":{"rendered":"<p>Die OEM M Performance Fu\u00dfmatten erg\u00e4nzen das sportliche Erscheinungsbild des BMW, insbesondere bei Fahrzeugen mit vorhandenen M Performance Produkten.<\/p>\n<p>&nbsp;<\/p>","protected":false},"featured_media":65122,"template":"","meta":{"bwfblock_default_font":""},"product_brand":[],"product_cat":[1115,593],"product_tag":[],"class_list":{"0":"post-66847","1":"product","2":"type-product","3":"status-publish","4":"has-post-thumbnail","6":"product_cat-floor-mats","7":"product_cat-interior","8":"product_shipping_class-shifterz","9":"pa_brand-bmw","10":"pa_brand-m-performance","11":"pa_product-type-oem-original-equipment-manufacturer","12":"pa_vehicles-bmw-g42","13":"pa_vehicles-bmw-g87-m2","15":"first","16":"onbackorder","17":"taxable","18":"shipping-taxable","19":"purchasable","20":"product-type-variable"},"bundled_by":[],"bundle_stock_status":"onbackorder","bundle_stock_quantity":null,"bundle_virtual":false,"bundle_layout":"","bundle_add_to_cart_form_location":"","bundle_editable_in_cart":false,"bundle_sold_individually_context":"","bundle_item_grouping":"","bundle_min_size":"","bundle_max_size":"","bundle_price":[],"bundled_items":[],"bundle_sell_ids":[],"_links":{"self":[{"href":"https:\/\/paddleshifterz.com\/de\/wp-json\/wp\/v2\/product\/66847","targetHints":{"allow":["GET"]}}],"collection":[{"href":"https:\/\/paddleshifterz.com\/de\/wp-json\/wp\/v2\/product"}],"about":[{"href":"https:\/\/paddleshifterz.com\/de\/wp-json\/wp\/v2\/types\/product"}],"wp:featuredmedia":[{"embeddable":true,"href":"https:\/\/paddleshifterz.com\/de\/wp-json\/wp\/v2\/media\/65122"}],"wp:attachment":[{"href":"https:\/\/paddleshifterz.com\/de\/wp-json\/wp\/v2\/media?parent=66847"}],"wp:term":[{"taxonomy":"product_brand","embeddable":true,"href":"https:\/\/paddleshifterz.com\/de\/wp-json\/wp\/v2\/product_brand?post=66847"},{"taxonomy":"product_cat","embeddable":true,"href":"https:\/\/paddleshifterz.com\/de\/wp-json\/wp\/v2\/product_cat?post=66847"},{"taxonomy":"product_tag","embeddable":true,"href":"https:\/\/paddleshifterz.com\/de\/wp-json\/wp\/v2\/product_tag?post=66847"}],"curies":[{"name":"wp","href":"https:\/\/api.w.org\/{rel}","templated":true}]}}