{"id":66924,"date":"2022-09-26T07:35:28","date_gmt":"2022-09-26T06:35:28","guid":{"rendered":"https:\/\/paddleshifterz.com\/?post_type=product&#038;p=66924"},"modified":"2026-01-26T10:30:46","modified_gmt":"2026-01-26T09:30:46","slug":"oem-bmw-m-sport-alcantara-steering-wheel-m5cs","status":"publish","type":"product","link":"https:\/\/paddleshifterz.com\/de\/oem-bmw-m-sport-alcantara-steering-wheel-m5cs\/","title":{"rendered":"OEM BMW M Sport M5 CS Alcantara Lenkrad - 32309503439"},"content":{"rendered":"<h2>Spezifikationen<\/h2>\n<ul>\n<li>Original BMW Produkt<\/li>\n<li>Paket enth\u00e4lt: Alcantara-Lenkrad<\/li>\n<li>\/\/\/M Farbige Dreifachn\u00e4hte<\/li>\n<li>Die Option Lenkradheizung funktioniert nicht mehr<\/li>\n<li>Dieses Produkt passt sowohl auf BMWs mit Links- als auch mit Rechtslenkung.<\/li>\n<li><em>Das Produkt wird nicht mit Airbag geliefert, Sie m\u00fcssen Ihren alten Airbag austauschen<\/em><\/li>\n<li><em>Das Produkt wird nicht mit Schaltwippen oder Tasten geliefert, Sie m\u00fcssen diese austauschen. Sie k\u00f6nnen eine der folgende\u00a0<a href=\"https:\/\/paddleshifterz.com\/de\/produkt-kategorie\/paddle-shifters\/\">unsere Schaltwippen hier kaufen<\/a>.<\/em><\/li>\n<\/ul>\n<h2>Unboxing<\/h2>\n<p>Schauen Sie sich das Unboxing-Video unten an, um zu sehen, was sich in der Schachtel befindet, und um sich das Produkt vor dem Kauf genauer anzusehen.<\/p>\n<p><iframe loading=\"lazy\" title=\"YouTube-Video-Player\" src=\"https:\/\/www.youtube.com\/embed\/CXhaquOYeuM\" width=\"560\" height=\"315\" frameborder=\"0\" allowfullscreen=\"allowfullscreen\"><span data-mce-type=\"bookmark\" style=\"display: inline-block; width: 0px; overflow: hidden; line-height: 0;\" class=\"mce_SELRES_start\"><\/span><\/iframe><\/p>\n<h2>Passende Fahrzeuge<\/h2>\n<p>Dieses M5 Alcantara Lenkrad passt nicht nur f\u00fcr den BMW F90 M5 CS, sondern kann auch f\u00fcr andere Modelle nachger\u00fcstet werden, wie z.B.:<\/p>\n<ul>\n<li><a href=\"https:\/\/paddleshifterz.com\/de\/vehicles\/bmw-f90-m5\/\">BMW F90 M5<\/a><\/li>\n<li>BMW G30 5er Reihe<\/li>\n<li>BMW G31 5er Reihe<\/li>\n<li>BMW G11, G12 7er Reihe<\/li>\n<li>BMW G14, G15, G16 8er Reihe<\/li>\n<li>BMW F91, F92, F93 M8<\/li>\n<li><a href=\"https:\/\/paddleshifterz.com\/de\/vehicles\/bmw-g01-x3\/\">BMW G01 X3<\/a><\/li>\n<li><a href=\"https:\/\/paddleshifterz.com\/de\/vehicles\/bmw-f97-x3m\/\">BMW F97 X3M<\/a><\/li>\n<li>BMW G02 X4<\/li>\n<li>BMW F98 X4M<\/li>\n<li>BMW G05 X5<\/li>\n<li>BMW F95 X5M<\/li>\n<li>BMW G06 X6<\/li>\n<li>BMW F96 X6M<\/li>\n<\/ul>\n<p>Weitere Alcantara- oder Lederlenkr\u00e4der finden Sie in unserem <a href=\"https:\/\/paddleshifterz.com\/de\/produkt-kategorie\/interior\/bmw-steering-wheels\/\">Sammlung von Lenkr\u00e4dern<\/a> und <a href=\"https:\/\/paddleshifterz.com\/de\/produkt-kategorie\/interior\/steering-wheel-trims\/\">Lenkradverkleidungen hier<\/a>.<\/p>","protected":false},"excerpt":{"rendered":"<p>Erh\u00f6hen Sie Ihr Interieur auf die n\u00e4chste Ebene mit diesem echten BMW M Sport Alcantara-Lenkrad aus dem BMW F90 M5 CS. Dieses Lenkrad ist ein Voll-Alcantara-Rad, das mit einem (lasergeschnittenen) perforierten Abschnitt mit einem kontrastierenden roten Hintergrund in der 12-Uhr-Position und einer \/\/\/M dreifarbigen Naht ausgestattet ist.<\/p>","protected":false},"featured_media":72397,"template":"","meta":{"bwfblock_default_font":""},"product_brand":[],"product_cat":[593,617],"product_tag":[],"class_list":{"0":"post-66924","1":"product","2":"type-product","3":"status-publish","4":"has-post-thumbnail","6":"product_cat-interior","7":"product_cat-bmw-steering-wheels","8":"product_shipping_class-shifterz","9":"pa_brand-bmw","10":"pa_product-type-oem-original-equipment-manufacturer","11":"pa_vehicles-bmw-f90-m5","12":"pa_vehicles-bmw-m8-f91-f92-f93","13":"pa_vehicles-bmw-f95-x5m","14":"pa_vehicles-bmw-f96-x6m","15":"pa_vehicles-bmw-f97-x3m","16":"pa_vehicles-bmw-f98-x4m","17":"pa_vehicles-bmw-g01-x3","18":"pa_vehicles-bmw-g02-x4","19":"pa_vehicles-bmw-g05-x5","20":"pa_vehicles-bmw-x6-g06","21":"pa_vehicles-bmw-g11-g12","22":"pa_vehicles-bmw-g14-g15-g16","23":"pa_vehicles-bmw-g30","24":"pa_vehicles-bmw-g31","26":"first","27":"onbackorder","28":"taxable","29":"shipping-taxable","30":"purchasable","31":"product-type-simple"},"bundled_by":[],"bundle_stock_status":"onbackorder","bundle_stock_quantity":-5,"bundle_virtual":false,"bundle_layout":"","bundle_add_to_cart_form_location":"","bundle_editable_in_cart":false,"bundle_sold_individually_context":"","bundle_item_grouping":"","bundle_min_size":"","bundle_max_size":"","bundle_price":[],"bundled_items":[],"bundle_sell_ids":[],"_links":{"self":[{"href":"https:\/\/paddleshifterz.com\/de\/wp-json\/wp\/v2\/product\/66924","targetHints":{"allow":["GET"]}}],"collection":[{"href":"https:\/\/paddleshifterz.com\/de\/wp-json\/wp\/v2\/product"}],"about":[{"href":"https:\/\/paddleshifterz.com\/de\/wp-json\/wp\/v2\/types\/product"}],"wp:featuredmedia":[{"embeddable":true,"href":"https:\/\/paddleshifterz.com\/de\/wp-json\/wp\/v2\/media\/72397"}],"wp:attachment":[{"href":"https:\/\/paddleshifterz.com\/de\/wp-json\/wp\/v2\/media?parent=66924"}],"wp:term":[{"taxonomy":"product_brand","embeddable":true,"href":"https:\/\/paddleshifterz.com\/de\/wp-json\/wp\/v2\/product_brand?post=66924"},{"taxonomy":"product_cat","embeddable":true,"href":"https:\/\/paddleshifterz.com\/de\/wp-json\/wp\/v2\/product_cat?post=66924"},{"taxonomy":"product_tag","embeddable":true,"href":"https:\/\/paddleshifterz.com\/de\/wp-json\/wp\/v2\/product_tag?post=66924"}],"curies":[{"name":"wp","href":"https:\/\/api.w.org\/{rel}","templated":true}]}}