{"id":66928,"date":"2022-04-07T18:59:37","date_gmt":"2022-04-07T17:59:37","guid":{"rendered":"https:\/\/paddleshifterz.com\/?post_type=product&#038;p=66928"},"modified":"2026-03-08T01:30:47","modified_gmt":"2026-03-08T00:30:47","slug":"oem-bmw-alcantara-m2-cs-steering-wheel-32308746879","status":"publish","type":"product","link":"https:\/\/paddleshifterz.com\/de\/oem-bmw-alcantara-m2-cs-steering-wheel-32308746879\/","title":{"rendered":"OEM BMW M2 CS Alcantara Lenkrad - 32308746879"},"content":{"rendered":"<p>Bringen Sie den Innenraum Ihres BMW auf das n\u00e4chste Level mit diesem original BMW M Sport Alcantara M2 CS Lenkrad aus dem BMW F87 M2 CS Modell. Dieses Lenkrad ist ein Voll-Alcantara-Rad, das mit einem lasergeschnittenen, perforierten Abschnitt mit rotem Hintergrund in der 12-Uhr-Position und M Farbe N\u00e4hte kommt. Dies ist ein perfektes Lenkrad f\u00fcr Enthusiasten und Fahrer, die gerne die gr\u00f6\u00dfte Menge an Grip w\u00e4hrend der Fahrt zu bekommen.<\/p>\n<h2>Das Paket enth\u00e4lt<\/h2>\n<ul>\n<li>Original BMW Produkt<\/li>\n<li>Alcantara-Lenkrad aus dem BMW F87 M2 CS<\/li>\n<li>M Farbige Dreifachn\u00e4hte entlang des Rades<\/li>\n<li>Lasergeschnittener Streifen auf der 12-Uhr-Position<\/li>\n<li>Die Option Lenkradheizung funktioniert nicht mehr<\/li>\n<li>Dieses Produkt passt sowohl auf Links- als auch auf Rechtslenker BMWs<\/li>\n<li>Das Produkt wird nicht mit einem Airbag geliefert, Sie m\u00fcssen Ihren alten Airbag austauschen.<\/li>\n<li>Das Produkt wird nicht mit Schaltwippen oder Tasten geliefert, Sie m\u00fcssen diese austauschen. Sie k\u00f6nnen eine der folgende\u00a0<a href=\"\/de\/produkt-kategorie\/paddle-shifters\/\">unsere Schaltwippen hier.<\/a><\/li>\n<\/ul>\n<h2>Unboxing<\/h2>\n<p>Schauen Sie sich das Unboxing-Video unten an, um zu sehen, was sich in der Schachtel befindet, und um sich das Produkt vor dem Kauf genauer anzusehen.<\/p>\n<p><iframe loading=\"lazy\" title=\"YouTube-Video-Player\" src=\"https:\/\/www.youtube.com\/embed\/d6Xd8m6mvbc\" width=\"560\" height=\"315\" frameborder=\"0\" allowfullscreen=\"allowfullscreen\"><span data-mce-type=\"bookmark\" style=\"display: inline-block; width: 0px; overflow: hidden; line-height: 0;\" class=\"mce_SELRES_start\"><\/span><\/iframe><\/p>\n<h2>Passende Fahrzeuge<\/h2>\n<p>Dieses Alcantara-Lenkrad passt zu folgenden Fahrzeugen:<\/p>\n<ul>\n<li>BMW F20<\/li>\n<li>BMW F21<\/li>\n<li>BMW F22<\/li>\n<li>BMW F23<\/li>\n<li>BMW F87 M2<\/li>\n<li>BMW F30<\/li>\n<li>BMW F31<\/li>\n<li>BMW F32<\/li>\n<li>BMW F33<\/li>\n<li>BMW F34<\/li>\n<li>BMW F36<\/li>\n<li>BMW F80 M3<\/li>\n<li>BMW F82 M4<\/li>\n<li>BMW F83 M4<\/li>\n<\/ul>","protected":false},"excerpt":{"rendered":"<p>Heben Sie Ihr Interieur auf das n\u00e4chste Level mit diesem original BMW M Sport Alcantara Lenkrad aus dem BMW F87 M2 CS.<\/p>\n<p>SKU: 32308746879<\/p>","protected":false},"featured_media":68338,"template":"","meta":{"bwfblock_default_font":""},"product_brand":[],"product_cat":[593,617],"product_tag":[],"class_list":{"0":"post-66928","1":"product","2":"type-product","3":"status-publish","4":"has-post-thumbnail","6":"product_cat-interior","7":"product_cat-bmw-steering-wheels","8":"product_shipping_class-shifterz","9":"pa_brand-bmw","10":"pa_product-type-oem-original-equipment-manufacturer","11":"pa_vehicles-bmw-f20-f21","12":"pa_vehicles-bmw-f22-f23","13":"pa_vehicles-bmw-f30","14":"pa_vehicles-bmw-f31","15":"pa_vehicles-bmw-f32","16":"pa_vehicles-bmw-f33","17":"pa_vehicles-bmw-f34","18":"pa_vehicles-bmw-f36","19":"pa_vehicles-bmw-f80-m3","20":"pa_vehicles-bmw-f82-m4","21":"pa_vehicles-4-series-f83-m4","22":"pa_vehicles-bmw-f87-m2","24":"first","25":"onbackorder","26":"taxable","27":"shipping-taxable","28":"purchasable","29":"product-type-simple"},"bundled_by":[],"bundle_stock_status":"onbackorder","bundle_stock_quantity":-27,"bundle_virtual":false,"bundle_layout":"","bundle_add_to_cart_form_location":"","bundle_editable_in_cart":false,"bundle_sold_individually_context":"","bundle_item_grouping":"","bundle_min_size":"","bundle_max_size":"","bundle_price":[],"bundled_items":[],"bundle_sell_ids":[],"_links":{"self":[{"href":"https:\/\/paddleshifterz.com\/de\/wp-json\/wp\/v2\/product\/66928","targetHints":{"allow":["GET"]}}],"collection":[{"href":"https:\/\/paddleshifterz.com\/de\/wp-json\/wp\/v2\/product"}],"about":[{"href":"https:\/\/paddleshifterz.com\/de\/wp-json\/wp\/v2\/types\/product"}],"wp:featuredmedia":[{"embeddable":true,"href":"https:\/\/paddleshifterz.com\/de\/wp-json\/wp\/v2\/media\/68338"}],"wp:attachment":[{"href":"https:\/\/paddleshifterz.com\/de\/wp-json\/wp\/v2\/media?parent=66928"}],"wp:term":[{"taxonomy":"product_brand","embeddable":true,"href":"https:\/\/paddleshifterz.com\/de\/wp-json\/wp\/v2\/product_brand?post=66928"},{"taxonomy":"product_cat","embeddable":true,"href":"https:\/\/paddleshifterz.com\/de\/wp-json\/wp\/v2\/product_cat?post=66928"},{"taxonomy":"product_tag","embeddable":true,"href":"https:\/\/paddleshifterz.com\/de\/wp-json\/wp\/v2\/product_tag?post=66928"}],"curies":[{"name":"wp","href":"https:\/\/api.w.org\/{rel}","templated":true}]}}