{"id":67034,"date":"2022-04-21T17:24:39","date_gmt":"2022-04-21T16:24:39","guid":{"rendered":"https:\/\/paddleshifterz.com\/?post_type=product&#038;p=67034"},"modified":"2025-11-03T07:22:45","modified_gmt":"2025-11-03T06:22:45","slug":"mini-floating-wheel-center-cap-set","status":"publish","type":"product","link":"https:\/\/paddleshifterz.com\/de\/mini-floating-wheel-center-cap-set\/","title":{"rendered":"MINI Schwimmend feststehend Radkappensatz - 36122469709"},"content":{"rendered":"","protected":false},"excerpt":{"rendered":"<p>Ein Satz schwimmender Original-MINI-Mittelkappen f\u00fcr Ihre R\u00e4der, um das MINI- oder JCW-Logo f\u00fcr den polierten Look immer gerade zu halten. Perfekt f\u00fcr Fotografen und f\u00fcr diejenigen, die f\u00fcr das gewisse Extra suchen, um ihren Stolz und Freude mit dem fehlenden Touch zu beenden.<\/p>\n<ul>\n<li>Enth\u00e4lt: Satz mit vier schwimmenden Radkappen<\/li>\n<li>Passend f\u00fcr alle MINI Leichtmetallr\u00e4der<\/li>\n<li>Superleichte Installation<\/li>\n<li><strong>Teilenummer: 36122469709<\/strong><\/li>\n<\/ul>","protected":false},"featured_media":67035,"template":"","meta":{"bwfblock_default_font":""},"product_brand":[],"product_cat":[1107],"product_tag":[],"class_list":{"0":"post-67034","1":"product","2":"type-product","3":"status-publish","4":"has-post-thumbnail","6":"product_cat-bmw-mini-wheels-and-tires","7":"product_shipping_class-shifterz","8":"pa_brand-mini","9":"pa_product-type-oem-original-equipment-manufacturer","10":"pa_vehicles-mini-f54","11":"pa_vehicles-mini-f55","12":"pa_vehicles-mini-f56","13":"pa_vehicles-mini-f56-gp3","14":"pa_vehicles-mini-f57","15":"pa_vehicles-mini-f60-countryman","17":"first","18":"onbackorder","19":"taxable","20":"shipping-taxable","21":"purchasable","22":"product-type-simple"},"bundled_by":[],"bundle_stock_status":"onbackorder","bundle_stock_quantity":-3,"bundle_virtual":false,"bundle_layout":"","bundle_add_to_cart_form_location":"","bundle_editable_in_cart":false,"bundle_sold_individually_context":"","bundle_item_grouping":"","bundle_min_size":"","bundle_max_size":"","bundle_price":[],"bundled_items":[],"bundle_sell_ids":[],"_links":{"self":[{"href":"https:\/\/paddleshifterz.com\/de\/wp-json\/wp\/v2\/product\/67034","targetHints":{"allow":["GET"]}}],"collection":[{"href":"https:\/\/paddleshifterz.com\/de\/wp-json\/wp\/v2\/product"}],"about":[{"href":"https:\/\/paddleshifterz.com\/de\/wp-json\/wp\/v2\/types\/product"}],"wp:featuredmedia":[{"embeddable":true,"href":"https:\/\/paddleshifterz.com\/de\/wp-json\/wp\/v2\/media\/67035"}],"wp:attachment":[{"href":"https:\/\/paddleshifterz.com\/de\/wp-json\/wp\/v2\/media?parent=67034"}],"wp:term":[{"taxonomy":"product_brand","embeddable":true,"href":"https:\/\/paddleshifterz.com\/de\/wp-json\/wp\/v2\/product_brand?post=67034"},{"taxonomy":"product_cat","embeddable":true,"href":"https:\/\/paddleshifterz.com\/de\/wp-json\/wp\/v2\/product_cat?post=67034"},{"taxonomy":"product_tag","embeddable":true,"href":"https:\/\/paddleshifterz.com\/de\/wp-json\/wp\/v2\/product_tag?post=67034"}],"curies":[{"name":"wp","href":"https:\/\/api.w.org\/{rel}","templated":true}]}}