{"id":67037,"date":"2022-04-21T17:31:22","date_gmt":"2022-04-21T16:31:22","guid":{"rendered":"https:\/\/paddleshifterz.com\/?post_type=product&#038;p=67037"},"modified":"2025-11-03T07:22:45","modified_gmt":"2025-11-03T06:22:45","slug":"mini-floating-wheel-center-cap-set-jcw-edition-36-12-2-469-710","status":"publish","type":"product","link":"https:\/\/paddleshifterz.com\/de\/mini-floating-wheel-center-cap-set-jcw-edition-36-12-2-469-710\/","title":{"rendered":"MINI Schwimmendes Radkappen-Set JCW Edition - 36122469710"},"content":{"rendered":"","protected":false},"excerpt":{"rendered":"<p>Ein Satz schwimmender Original-MINI-Mittelkappen f\u00fcr Ihre R\u00e4der, um das JCW-Logo f\u00fcr den polierten Look immer gerade zu halten. Perfekt f\u00fcr Fotografen und f\u00fcr diejenigen, die nach dem gewissen Extra suchen, um ihren Stolz und ihre Freude mit dem fehlenden Touch zu vervollst\u00e4ndigen.<\/p>\n<ul>\n<li>Enth\u00e4lt: Satz mit vier schwimmenden Radkappen<\/li>\n<li>Passend f\u00fcr alle MINI Leichtmetallr\u00e4der<\/li>\n<li>Superleichte Installation<\/li>\n<\/ul>\n<div><\/div>","protected":false},"featured_media":67038,"template":"","meta":{"bwfblock_default_font":""},"product_brand":[],"product_cat":[1107],"product_tag":[],"class_list":{"0":"post-67037","1":"product","2":"type-product","3":"status-publish","4":"has-post-thumbnail","6":"product_cat-bmw-mini-wheels-and-tires","7":"product_shipping_class-shifterz","8":"pa_brand-mini","9":"pa_brand-mini-jcw","10":"pa_product-type-oem-original-equipment-manufacturer","11":"pa_vehicles-mini-f54","12":"pa_vehicles-mini-f55","13":"pa_vehicles-mini-f56","14":"pa_vehicles-mini-f56-gp3","15":"pa_vehicles-mini-f57","16":"pa_vehicles-mini-f60-countryman","18":"first","19":"onbackorder","20":"taxable","21":"shipping-taxable","22":"purchasable","23":"product-type-simple"},"bundled_by":[],"bundle_stock_status":"onbackorder","bundle_stock_quantity":-4,"bundle_virtual":false,"bundle_layout":"","bundle_add_to_cart_form_location":"","bundle_editable_in_cart":false,"bundle_sold_individually_context":"","bundle_item_grouping":"","bundle_min_size":"","bundle_max_size":"","bundle_price":[],"bundled_items":[],"bundle_sell_ids":[],"_links":{"self":[{"href":"https:\/\/paddleshifterz.com\/de\/wp-json\/wp\/v2\/product\/67037","targetHints":{"allow":["GET"]}}],"collection":[{"href":"https:\/\/paddleshifterz.com\/de\/wp-json\/wp\/v2\/product"}],"about":[{"href":"https:\/\/paddleshifterz.com\/de\/wp-json\/wp\/v2\/types\/product"}],"wp:featuredmedia":[{"embeddable":true,"href":"https:\/\/paddleshifterz.com\/de\/wp-json\/wp\/v2\/media\/67038"}],"wp:attachment":[{"href":"https:\/\/paddleshifterz.com\/de\/wp-json\/wp\/v2\/media?parent=67037"}],"wp:term":[{"taxonomy":"product_brand","embeddable":true,"href":"https:\/\/paddleshifterz.com\/de\/wp-json\/wp\/v2\/product_brand?post=67037"},{"taxonomy":"product_cat","embeddable":true,"href":"https:\/\/paddleshifterz.com\/de\/wp-json\/wp\/v2\/product_cat?post=67037"},{"taxonomy":"product_tag","embeddable":true,"href":"https:\/\/paddleshifterz.com\/de\/wp-json\/wp\/v2\/product_tag?post=67037"}],"curies":[{"name":"wp","href":"https:\/\/api.w.org\/{rel}","templated":true}]}}