{"id":67590,"date":"2022-05-24T22:13:05","date_gmt":"2022-05-24T21:13:05","guid":{"rendered":"https:\/\/paddleshifterz.com\/?post_type=product&#038;p=67590"},"modified":"2026-03-12T14:32:26","modified_gmt":"2026-03-12T13:32:26","slug":"original-bmw-50-year-m-badge-51-14-8-087-190","status":"publish","type":"product","link":"https:\/\/paddleshifterz.com\/de\/original-bmw-50-year-m-badge-51-14-8-087-190\/","title":{"rendered":"OEM BMW 50 Jahre M Emblem - 51148087190"},"content":{"rendered":"","protected":false},"excerpt":{"rendered":"<p>Nachr\u00fcstbare BMW Plakette 50 Jahre M. Original BMW 50 Jahre M Jubil\u00e4umsplakette f\u00fcr die Motorhaube.<\/p>","protected":false},"featured_media":68370,"template":"","meta":{"bwfblock_default_font":""},"product_brand":[],"product_cat":[1090,1113,1084],"product_tag":[],"class_list":{"0":"post-67590","1":"product","2":"type-product","3":"status-publish","4":"has-post-thumbnail","6":"product_cat-50-year-m","7":"product_cat-exterior","8":"product_cat-trunk-badges","9":"product_shipping_class-shifterz","10":"pa_brand-bmw","11":"pa_product-type-oem-original-equipment-manufacturer","12":"pa_vehicles-bmw-g22","13":"pa_vehicles-bmw-g23","14":"pa_vehicles-bmw-g26-grancoupe","15":"pa_vehicles-bmw-g42","16":"pa_vehicles-bmw-i4-g26","18":"first","19":"onbackorder","20":"taxable","21":"shipping-taxable","22":"purchasable","23":"product-type-simple"},"bundled_by":["68103","68100"],"bundle_stock_status":"onbackorder","bundle_stock_quantity":-45,"bundle_virtual":false,"bundle_layout":"","bundle_add_to_cart_form_location":"","bundle_editable_in_cart":false,"bundle_sold_individually_context":"","bundle_item_grouping":"","bundle_min_size":"","bundle_max_size":"","bundle_price":[],"bundled_items":[],"bundle_sell_ids":[],"_links":{"self":[{"href":"https:\/\/paddleshifterz.com\/de\/wp-json\/wp\/v2\/product\/67590","targetHints":{"allow":["GET"]}}],"collection":[{"href":"https:\/\/paddleshifterz.com\/de\/wp-json\/wp\/v2\/product"}],"about":[{"href":"https:\/\/paddleshifterz.com\/de\/wp-json\/wp\/v2\/types\/product"}],"wp:featuredmedia":[{"embeddable":true,"href":"https:\/\/paddleshifterz.com\/de\/wp-json\/wp\/v2\/media\/68370"}],"wp:attachment":[{"href":"https:\/\/paddleshifterz.com\/de\/wp-json\/wp\/v2\/media?parent=67590"}],"wp:term":[{"taxonomy":"product_brand","embeddable":true,"href":"https:\/\/paddleshifterz.com\/de\/wp-json\/wp\/v2\/product_brand?post=67590"},{"taxonomy":"product_cat","embeddable":true,"href":"https:\/\/paddleshifterz.com\/de\/wp-json\/wp\/v2\/product_cat?post=67590"},{"taxonomy":"product_tag","embeddable":true,"href":"https:\/\/paddleshifterz.com\/de\/wp-json\/wp\/v2\/product_tag?post=67590"}],"curies":[{"name":"wp","href":"https:\/\/api.w.org\/{rel}","templated":true}]}}