{"id":67601,"date":"2022-05-24T22:46:15","date_gmt":"2022-05-24T21:46:15","guid":{"rendered":"https:\/\/paddleshifterz.com\/?post_type=product&#038;p=67601"},"modified":"2026-03-29T18:02:07","modified_gmt":"2026-03-29T17:02:07","slug":"original-bmw-50-year-m-badge-51-11-7-886-545","status":"publish","type":"product","link":"https:\/\/paddleshifterz.com\/de\/original-bmw-50-year-m-badge-51-11-7-886-545\/","title":{"rendered":"OEM BMW 50 Jahre M Emblem - 51117886545"},"content":{"rendered":"","protected":false},"excerpt":{"rendered":"<p>Nachr\u00fcstbare BMW Plakette 50 Jahre M. Original BMW 50 Jahre M Jubil\u00e4ums-Plaketten f\u00fcr Motorhaube und Kofferraum, Artikelnummer: 51117886545<\/p>","protected":false},"featured_media":68386,"template":"","meta":{"bwfblock_default_font":""},"product_brand":[],"product_cat":[1090,1113,1084],"product_tag":[],"class_list":{"0":"post-67601","1":"product","2":"type-product","3":"status-publish","4":"has-post-thumbnail","6":"product_cat-50-year-m","7":"product_cat-exterior","8":"product_cat-trunk-badges","9":"product_shipping_class-shifterz","10":"pa_brand-bmw","11":"pa_product-type-oem-original-equipment-manufacturer","12":"pa_vehicles-bmw-g80-m3","13":"pa_vehicles-bmw-g81-m3-touring","14":"pa_vehicles-bmw-g82-m4-csl","15":"pa_vehicles-bmw-g82-m4","16":"pa_vehicles-bmw-g83-m4","17":"pa_vehicles-bmw-g87-m2","19":"first","20":"onbackorder","21":"taxable","22":"shipping-taxable","23":"purchasable","24":"product-type-simple"},"bundled_by":["82557","76818","68133","68135"],"bundle_stock_status":"onbackorder","bundle_stock_quantity":-35,"bundle_virtual":false,"bundle_layout":"","bundle_add_to_cart_form_location":"","bundle_editable_in_cart":false,"bundle_sold_individually_context":"","bundle_item_grouping":"","bundle_min_size":"","bundle_max_size":"","bundle_price":[],"bundled_items":[],"bundle_sell_ids":[],"_links":{"self":[{"href":"https:\/\/paddleshifterz.com\/de\/wp-json\/wp\/v2\/product\/67601","targetHints":{"allow":["GET"]}}],"collection":[{"href":"https:\/\/paddleshifterz.com\/de\/wp-json\/wp\/v2\/product"}],"about":[{"href":"https:\/\/paddleshifterz.com\/de\/wp-json\/wp\/v2\/types\/product"}],"wp:featuredmedia":[{"embeddable":true,"href":"https:\/\/paddleshifterz.com\/de\/wp-json\/wp\/v2\/media\/68386"}],"wp:attachment":[{"href":"https:\/\/paddleshifterz.com\/de\/wp-json\/wp\/v2\/media?parent=67601"}],"wp:term":[{"taxonomy":"product_brand","embeddable":true,"href":"https:\/\/paddleshifterz.com\/de\/wp-json\/wp\/v2\/product_brand?post=67601"},{"taxonomy":"product_cat","embeddable":true,"href":"https:\/\/paddleshifterz.com\/de\/wp-json\/wp\/v2\/product_cat?post=67601"},{"taxonomy":"product_tag","embeddable":true,"href":"https:\/\/paddleshifterz.com\/de\/wp-json\/wp\/v2\/product_tag?post=67601"}],"curies":[{"name":"wp","href":"https:\/\/api.w.org\/{rel}","templated":true}]}}