{"id":67667,"date":"2022-06-01T19:19:06","date_gmt":"2022-06-01T18:19:06","guid":{"rendered":"https:\/\/paddleshifterz.com\/?post_type=product&#038;p=67667"},"modified":"2025-12-16T15:09:42","modified_gmt":"2025-12-16T14:09:42","slug":"bmw-m-performance-floor-mats-f97-x3m-f98-x4m","status":"publish","type":"product","link":"https:\/\/paddleshifterz.com\/de\/bmw-m-performance-floor-mats-f97-x3m-f98-x4m\/","title":{"rendered":"OEM BMW M Performance Fu\u00dfmatten - F97 X3M, F98 X4M"},"content":{"rendered":"<p>Versehen mit dem M Performance Schriftzug und einer Fahne in den typischen M Farben unterstreichen die Fu\u00dfmatten den sportlichen Look. Eine Einfassung in Lederoptik mit farblich abgesetzter Ziernaht rundet die hochwertige Optik ab.<\/p>\n<h2>Das Paket enth\u00e4lt<\/h2>\n<ul>\n<li>4-tlg. Satz Fu\u00dfmatten vorne und hinten, Klettelemente mit Bajonettverschluss (4 St\u00fcck), Montagehinweise<\/li>\n<\/ul>\n<h2>Teilenummern<\/h2>\n<ul>\n<li>F\u00fcr Fahrzeuge mit Linkslenkung: 51472465742<\/li>\n<li>F\u00fcr Fahrzeuge mit Rechtslenkung: 51472465743<\/li>\n<\/ul>\n<h2>Passende Fahrzeuge<\/h2>\n<p>Passt f\u00fcr die folgenden Fahrzeuge:<\/p>\n<ul>\n<li><a href=\"https:\/\/paddleshifterz.com\/de\/vehicles\/bmw-g01-x3\/\">BMW X3 G01<\/a><\/li>\n<li>BMW iX3 G08<\/li>\n<li><a href=\"https:\/\/paddleshifterz.com\/de\/vehicles\/bmw-f97-x3m\/\">BMW X3M F97<\/a><\/li>\n<li><a href=\"https:\/\/paddleshifterz.com\/de\/vehicles\/bmw-g02-x4\/\">BMW X4 G02<\/a><\/li>\n<li><a href=\"https:\/\/paddleshifterz.com\/de\/vehicles\/bmw-f98-x4m\/\">BMW X4M F98<\/a><\/li>\n<\/ul>","protected":false},"excerpt":{"rendered":"<p>OEM M Performance Fu\u00dfmatten erg\u00e4nzen das sportliche Erscheinungsbild des BMW, insbesondere f\u00fcr Fahrzeuge mit vorhandenen M Performance Produkten.<\/p>\n<p>SKU: 51472465742, 51472465743<\/p>","protected":false},"featured_media":65122,"template":"","meta":{"bwfblock_default_font":""},"product_brand":[],"product_cat":[1115,593],"product_tag":[],"class_list":{"0":"post-67667","1":"product","2":"type-product","3":"status-publish","4":"has-post-thumbnail","6":"product_cat-floor-mats","7":"product_cat-interior","8":"product_shipping_class-shifterz","9":"pa_brand-bmw","10":"pa_brand-m-performance","11":"pa_product-type-oem-original-equipment-manufacturer","12":"pa_vehicles-bmw-f97-x3m","13":"pa_vehicles-bmw-f98-x4m","14":"pa_vehicles-bmw-g01-x3","15":"pa_vehicles-bmw-g02-x4","17":"first","18":"onbackorder","19":"taxable","20":"shipping-taxable","21":"purchasable","22":"product-type-variable"},"bundled_by":[],"bundle_stock_status":"onbackorder","bundle_stock_quantity":null,"bundle_virtual":false,"bundle_layout":"","bundle_add_to_cart_form_location":"","bundle_editable_in_cart":false,"bundle_sold_individually_context":"","bundle_item_grouping":"","bundle_min_size":"","bundle_max_size":"","bundle_price":[],"bundled_items":[],"bundle_sell_ids":[],"_links":{"self":[{"href":"https:\/\/paddleshifterz.com\/de\/wp-json\/wp\/v2\/product\/67667","targetHints":{"allow":["GET"]}}],"collection":[{"href":"https:\/\/paddleshifterz.com\/de\/wp-json\/wp\/v2\/product"}],"about":[{"href":"https:\/\/paddleshifterz.com\/de\/wp-json\/wp\/v2\/types\/product"}],"wp:featuredmedia":[{"embeddable":true,"href":"https:\/\/paddleshifterz.com\/de\/wp-json\/wp\/v2\/media\/65122"}],"wp:attachment":[{"href":"https:\/\/paddleshifterz.com\/de\/wp-json\/wp\/v2\/media?parent=67667"}],"wp:term":[{"taxonomy":"product_brand","embeddable":true,"href":"https:\/\/paddleshifterz.com\/de\/wp-json\/wp\/v2\/product_brand?post=67667"},{"taxonomy":"product_cat","embeddable":true,"href":"https:\/\/paddleshifterz.com\/de\/wp-json\/wp\/v2\/product_cat?post=67667"},{"taxonomy":"product_tag","embeddable":true,"href":"https:\/\/paddleshifterz.com\/de\/wp-json\/wp\/v2\/product_tag?post=67667"}],"curies":[{"name":"wp","href":"https:\/\/api.w.org\/{rel}","templated":true}]}}