{"id":67671,"date":"2022-06-01T19:26:40","date_gmt":"2022-06-01T18:26:40","guid":{"rendered":"https:\/\/paddleshifterz.com\/?post_type=product&#038;p=67671"},"modified":"2025-12-08T07:39:35","modified_gmt":"2025-12-08T06:39:35","slug":"bmw-m-performance-front-air-inlet-carbon-fiber-x3m-f97-x4m-f98-pre-lci","status":"publish","type":"product","link":"https:\/\/paddleshifterz.com\/de\/bmw-m-performance-front-air-inlet-carbon-fiber-x3m-f97-x4m-f98-pre-lci\/","title":{"rendered":"OEM BMW M Performance Carbon Lufteinl\u00e4sse vorne F97\/F98"},"content":{"rendered":"<h2>Spezifikationen<\/h2>\n<ul>\n<li>BMW-Originalausstattung<\/li>\n<li>Einfache Installation, Plug and Play<\/li>\n<li>Vorimpr\u00e4gnierte Carbon fiber<\/li>\n<\/ul>\n<h2>Unboxing<\/h2>\n<p>Schauen Sie sich das Unboxing-Video unten an, um zu sehen, was sich in der Schachtel befindet, und um sich das Produkt vor dem Kauf genauer anzusehen.<\/p>\n<p><iframe loading=\"lazy\" title=\"YouTube-Video-Player\" src=\"https:\/\/www.youtube.com\/embed\/bw0RFCoJT54\" width=\"560\" height=\"315\" frameborder=\"0\" allowfullscreen=\"allowfullscreen\"><span data-mce-type=\"bookmark\" style=\"display: inline-block; width: 0px; overflow: hidden; line-height: 0;\" class=\"mce_SELRES_start\"><\/span><\/iframe><\/p>\n<h2>Passende Fahrzeuge<\/h2>\n<p>Nur f\u00fcr Vor-LCI-Modelle geeignet.<\/p>\n<ul>\n<li><a href=\"https:\/\/paddleshifterz.com\/de\/vehicles\/bmw-f97-x3m\/\">BMW F97 X3M<\/a><\/li>\n<li><a href=\"https:\/\/paddleshifterz.com\/de\/vehicles\/bmw-f98-x4m\/\">BMW F98 X4M<\/a><\/li>\n<\/ul>","protected":false},"excerpt":{"rendered":"<p>OEM BMW M Performance Lufteinlassblenden aus Carbon unterstreichen die maskuline Optik des BMW X3M F97 \/ X4M F98 pre-LCI auf besonders exklusive Weise. Individuelle Motorsport-Optik f\u00fcr h\u00f6chste Anspr\u00fcche.<\/p>","protected":false},"featured_media":68584,"template":"","meta":{"bwfblock_default_font":""},"product_brand":[],"product_cat":[1113,1317],"product_tag":[],"class_list":{"0":"post-67671","1":"product","2":"type-product","3":"status-publish","4":"has-post-thumbnail","6":"product_cat-exterior","7":"product_cat-front-bumper-and-accessories","8":"product_shipping_class-shifterz","9":"pa_brand-bmw","10":"pa_brand-m-performance","11":"pa_product-type-oem-original-equipment-manufacturer","12":"pa_vehicles-bmw-f97-x3m","13":"pa_vehicles-bmw-f98-x4m","15":"first","16":"onbackorder","17":"taxable","18":"shipping-taxable","19":"purchasable","20":"product-type-variable"},"bundled_by":[],"bundle_stock_status":"onbackorder","bundle_stock_quantity":-2,"bundle_virtual":false,"bundle_layout":"","bundle_add_to_cart_form_location":"","bundle_editable_in_cart":false,"bundle_sold_individually_context":"","bundle_item_grouping":"","bundle_min_size":"","bundle_max_size":"","bundle_price":[],"bundled_items":[],"bundle_sell_ids":[],"_links":{"self":[{"href":"https:\/\/paddleshifterz.com\/de\/wp-json\/wp\/v2\/product\/67671","targetHints":{"allow":["GET"]}}],"collection":[{"href":"https:\/\/paddleshifterz.com\/de\/wp-json\/wp\/v2\/product"}],"about":[{"href":"https:\/\/paddleshifterz.com\/de\/wp-json\/wp\/v2\/types\/product"}],"wp:featuredmedia":[{"embeddable":true,"href":"https:\/\/paddleshifterz.com\/de\/wp-json\/wp\/v2\/media\/68584"}],"wp:attachment":[{"href":"https:\/\/paddleshifterz.com\/de\/wp-json\/wp\/v2\/media?parent=67671"}],"wp:term":[{"taxonomy":"product_brand","embeddable":true,"href":"https:\/\/paddleshifterz.com\/de\/wp-json\/wp\/v2\/product_brand?post=67671"},{"taxonomy":"product_cat","embeddable":true,"href":"https:\/\/paddleshifterz.com\/de\/wp-json\/wp\/v2\/product_cat?post=67671"},{"taxonomy":"product_tag","embeddable":true,"href":"https:\/\/paddleshifterz.com\/de\/wp-json\/wp\/v2\/product_tag?post=67671"}],"curies":[{"name":"wp","href":"https:\/\/api.w.org\/{rel}","templated":true}]}}