{"id":67785,"date":"2022-06-09T21:45:32","date_gmt":"2022-06-09T20:45:32","guid":{"rendered":"https:\/\/paddleshifterz.com\/product\/bmw-f90-m5-competition-lci-front-grille-set\/"},"modified":"2026-04-07T17:39:54","modified_gmt":"2026-04-07T16:39:54","slug":"bmw-f90-m5-competition-lci-front-grille-set","status":"publish","type":"product","link":"https:\/\/paddleshifterz.com\/de\/bmw-f90-m5-competition-lci-front-grille-set\/","title":{"rendered":"OEM BMW Frontziergitter f\u00fcr F90 M5 Competition"},"content":{"rendered":"","protected":false},"excerpt":{"rendered":"<p>OEM BMW gl\u00e4nzend schwarzer K\u00fchlergrill f\u00fcr <strong>BMW F90 M5 LCI<\/strong> Modell (mit dem M5 Competition Logo). Erh\u00e4ltlich f\u00fcr Modelle mit Parkassistenzsystem Plus (S5DNA) oder ohne.<\/p>\n<p><strong>2021+ F90 M5 Nur LCI Modelle<\/strong><\/p>\n<p>Teilenummern: 51138082107, 51138082108<\/p>","protected":false},"featured_media":84343,"template":"","meta":{"bwfblock_default_font":""},"product_brand":[],"product_cat":[1113,1095],"product_tag":[],"class_list":{"0":"post-67785","1":"product","2":"type-product","3":"status-publish","4":"has-post-thumbnail","6":"product_cat-exterior","7":"product_cat-front-grilles","8":"product_shipping_class-shifterz","9":"pa_brand-bmw","10":"pa_product-type-oem-original-equipment-manufacturer","11":"pa_vehicles-bmw-f90-m5","13":"first","14":"onbackorder","15":"taxable","16":"shipping-taxable","17":"purchasable","18":"product-type-variable"},"bundled_by":[],"bundle_stock_status":"onbackorder","bundle_stock_quantity":null,"bundle_virtual":false,"bundle_layout":"","bundle_add_to_cart_form_location":"","bundle_editable_in_cart":false,"bundle_sold_individually_context":"","bundle_item_grouping":"","bundle_min_size":"","bundle_max_size":"","bundle_price":[],"bundled_items":[],"bundle_sell_ids":[],"_links":{"self":[{"href":"https:\/\/paddleshifterz.com\/de\/wp-json\/wp\/v2\/product\/67785","targetHints":{"allow":["GET"]}}],"collection":[{"href":"https:\/\/paddleshifterz.com\/de\/wp-json\/wp\/v2\/product"}],"about":[{"href":"https:\/\/paddleshifterz.com\/de\/wp-json\/wp\/v2\/types\/product"}],"wp:featuredmedia":[{"embeddable":true,"href":"https:\/\/paddleshifterz.com\/de\/wp-json\/wp\/v2\/media\/84343"}],"wp:attachment":[{"href":"https:\/\/paddleshifterz.com\/de\/wp-json\/wp\/v2\/media?parent=67785"}],"wp:term":[{"taxonomy":"product_brand","embeddable":true,"href":"https:\/\/paddleshifterz.com\/de\/wp-json\/wp\/v2\/product_brand?post=67785"},{"taxonomy":"product_cat","embeddable":true,"href":"https:\/\/paddleshifterz.com\/de\/wp-json\/wp\/v2\/product_cat?post=67785"},{"taxonomy":"product_tag","embeddable":true,"href":"https:\/\/paddleshifterz.com\/de\/wp-json\/wp\/v2\/product_tag?post=67785"}],"curies":[{"name":"wp","href":"https:\/\/api.w.org\/{rel}","templated":true}]}}