{"id":67889,"date":"2022-06-11T17:56:37","date_gmt":"2022-06-11T16:56:37","guid":{"rendered":"https:\/\/paddleshifterz.com\/?post_type=product&#038;p=67889"},"modified":"2026-03-27T07:48:46","modified_gmt":"2026-03-27T06:48:46","slug":"original-bmw-m4-csl-front-grill-51-13-8-085-968","status":"publish","type":"product","link":"https:\/\/paddleshifterz.com\/de\/original-bmw-m4-csl-front-grill-51-13-8-085-968\/","title":{"rendered":"OEM BMW M4 CSL Frontziergitter - 51138085968"},"content":{"rendered":"<h2>Passende Fahrzeuge<\/h2>\n<p>Erstmals im BMW G82 M4 CSL eingef\u00fchrt, kann dieser schwarz gl\u00e4nzende K\u00fchlergrill auch an den serienm\u00e4\u00dfigen BMW G82 M4 und G83 M3 montiert werden.<\/p>\n<ul>\n<li><a href=\"https:\/\/paddleshifterz.com\/de\/vehicles\/bmw-g82-m4\/\">BMW G82 M4<\/a><\/li>\n<li><a href=\"https:\/\/paddleshifterz.com\/de\/vehicles\/bmw-g83-m4\/\">BMW G83 M4<\/a><\/li>\n<\/ul>\n<p>Es gibt einen anderen Frontgrill, der an den M3-Modellen angebracht werden kann. Das <a href=\"https:\/\/paddleshifterz.com\/de\/produkt\/original-bmw-g80-m3-cs-front-grill-51138087848\/\">M3 CS Frontgrill finden Sie hier.<\/a><\/p>\n<p><strong>Teilenummer:<\/strong><\/p>\n<ul>\n<li>51138085968<\/li>\n<\/ul>","protected":false},"excerpt":{"rendered":"<p>Original BMW gloss black front grill for the G82 M4 CSL<\/p>\n<p>Teilenummer:<\/p>\n<p>51138085968, 51 13 8 085 968<\/p>","protected":false},"featured_media":77421,"template":"","meta":{"bwfblock_default_font":""},"product_brand":[],"product_cat":[1113,1095],"product_tag":[],"class_list":{"0":"post-67889","1":"product","2":"type-product","3":"status-publish","4":"has-post-thumbnail","6":"product_cat-exterior","7":"product_cat-front-grilles","8":"product_shipping_class-shifterz","9":"pa_brand-bmw","10":"pa_product-type-oem-original-equipment-manufacturer","11":"pa_vehicles-bmw-g82-m4-csl","12":"pa_vehicles-bmw-g82-m4","13":"pa_vehicles-bmw-g83-m4","15":"first","16":"onbackorder","17":"taxable","18":"shipping-taxable","19":"purchasable","20":"product-type-simple"},"bundled_by":[],"bundle_stock_status":"onbackorder","bundle_stock_quantity":-11,"bundle_virtual":false,"bundle_layout":"","bundle_add_to_cart_form_location":"","bundle_editable_in_cart":false,"bundle_sold_individually_context":"","bundle_item_grouping":"","bundle_min_size":"","bundle_max_size":"","bundle_price":[],"bundled_items":[],"bundle_sell_ids":[],"_links":{"self":[{"href":"https:\/\/paddleshifterz.com\/de\/wp-json\/wp\/v2\/product\/67889","targetHints":{"allow":["GET"]}}],"collection":[{"href":"https:\/\/paddleshifterz.com\/de\/wp-json\/wp\/v2\/product"}],"about":[{"href":"https:\/\/paddleshifterz.com\/de\/wp-json\/wp\/v2\/types\/product"}],"wp:featuredmedia":[{"embeddable":true,"href":"https:\/\/paddleshifterz.com\/de\/wp-json\/wp\/v2\/media\/77421"}],"wp:attachment":[{"href":"https:\/\/paddleshifterz.com\/de\/wp-json\/wp\/v2\/media?parent=67889"}],"wp:term":[{"taxonomy":"product_brand","embeddable":true,"href":"https:\/\/paddleshifterz.com\/de\/wp-json\/wp\/v2\/product_brand?post=67889"},{"taxonomy":"product_cat","embeddable":true,"href":"https:\/\/paddleshifterz.com\/de\/wp-json\/wp\/v2\/product_cat?post=67889"},{"taxonomy":"product_tag","embeddable":true,"href":"https:\/\/paddleshifterz.com\/de\/wp-json\/wp\/v2\/product_tag?post=67889"}],"curies":[{"name":"wp","href":"https:\/\/api.w.org\/{rel}","templated":true}]}}