{"id":67945,"date":"2022-06-16T21:13:34","date_gmt":"2022-06-16T20:13:34","guid":{"rendered":"https:\/\/paddleshifterz.com\/?post_type=product&#038;p=67945"},"modified":"2025-12-08T07:39:36","modified_gmt":"2025-12-08T06:39:36","slug":"original-bmw-carbon-fiber-center-console-f3x-f8x","status":"publish","type":"product","link":"https:\/\/paddleshifterz.com\/de\/original-bmw-carbon-fiber-center-console-f3x-f8x\/","title":{"rendered":"OEM BMW Kohlefaser-Mittelkonsole - F3X, F8X"},"content":{"rendered":"","protected":false},"excerpt":{"rendered":"<p>Original BMW Kohlefaser-Mittelkonsole f\u00fcr BMW 3er, 4er Modelle wie F80 M3. Erh\u00e4ltlich f\u00fcr Links- und Rechtslenker Fahrzeuge.<\/p>\n<p>&nbsp;<\/p>","protected":false},"featured_media":73444,"template":"","meta":{"bwfblock_default_font":""},"product_brand":[],"product_cat":[593],"product_tag":[],"class_list":{"0":"post-67945","1":"product","2":"type-product","3":"status-publish","4":"has-post-thumbnail","6":"product_cat-interior","7":"product_shipping_class-shifterz","8":"pa_brand-bmw","9":"pa_product-type-oem-original-equipment-manufacturer","10":"pa_vehicles-bmw-f30","11":"pa_vehicles-bmw-f31","12":"pa_vehicles-bmw-f32","13":"pa_vehicles-bmw-f33","14":"pa_vehicles-bmw-f34","15":"pa_vehicles-bmw-f36","16":"pa_vehicles-bmw-f80-m3","17":"pa_vehicles-bmw-f82-m4","19":"first","20":"onbackorder","21":"taxable","22":"shipping-taxable","23":"purchasable","24":"product-type-variable"},"bundled_by":[],"bundle_stock_status":"onbackorder","bundle_stock_quantity":null,"bundle_virtual":false,"bundle_layout":"","bundle_add_to_cart_form_location":"","bundle_editable_in_cart":false,"bundle_sold_individually_context":"","bundle_item_grouping":"","bundle_min_size":"","bundle_max_size":"","bundle_price":[],"bundled_items":[],"bundle_sell_ids":[],"_links":{"self":[{"href":"https:\/\/paddleshifterz.com\/de\/wp-json\/wp\/v2\/product\/67945","targetHints":{"allow":["GET"]}}],"collection":[{"href":"https:\/\/paddleshifterz.com\/de\/wp-json\/wp\/v2\/product"}],"about":[{"href":"https:\/\/paddleshifterz.com\/de\/wp-json\/wp\/v2\/types\/product"}],"wp:featuredmedia":[{"embeddable":true,"href":"https:\/\/paddleshifterz.com\/de\/wp-json\/wp\/v2\/media\/73444"}],"wp:attachment":[{"href":"https:\/\/paddleshifterz.com\/de\/wp-json\/wp\/v2\/media?parent=67945"}],"wp:term":[{"taxonomy":"product_brand","embeddable":true,"href":"https:\/\/paddleshifterz.com\/de\/wp-json\/wp\/v2\/product_brand?post=67945"},{"taxonomy":"product_cat","embeddable":true,"href":"https:\/\/paddleshifterz.com\/de\/wp-json\/wp\/v2\/product_cat?post=67945"},{"taxonomy":"product_tag","embeddable":true,"href":"https:\/\/paddleshifterz.com\/de\/wp-json\/wp\/v2\/product_tag?post=67945"}],"curies":[{"name":"wp","href":"https:\/\/api.w.org\/{rel}","templated":true}]}}