{"id":68013,"date":"2022-06-19T17:02:05","date_gmt":"2022-06-19T16:02:05","guid":{"rendered":"https:\/\/paddleshifterz.com\/?post_type=product&#038;p=68013"},"modified":"2025-12-08T07:39:16","modified_gmt":"2025-12-08T06:39:16","slug":"original-bmw-dashcam-advanced-car-eye-3-0-pro-66215a44493","status":"publish","type":"product","link":"https:\/\/paddleshifterz.com\/de\/original-bmw-dashcam-advanced-car-eye-3-0-pro-66215a44493\/","title":{"rendered":"OEM BMW Advanced Car Eye 3.0 Pro mit Display - 66215A44493"},"content":{"rendered":"<p>OEM BMW advanced car eye 3.0 pro mit Display, Teilenummer: 66215A44493 Dashcam verf\u00fcgt \u00fcber eine hochaufl\u00f6sende QHD-Kamera an der Windschutzscheibe und eine FullHD-Kamera an der Heckscheibe, die das Fahrzeug sowohl w\u00e4hrend der Fahrt als auch im Stand \u00fcberwachen.<br \/>\nNeben gef\u00e4hrlichen Verkehrssituationen zeichnet die Kamera mit intelligenten Sensoren auch (versuchte) Einbr\u00fcche und Sachbesch\u00e4digungen auf, selbst bei schwierigen Lichtverh\u00e4ltnissen. Die Videos k\u00f6nnen mit der BMW advanced car eye 3.0 pro App ausgewertet werden. Die hochwertige Full-HD-Kamera an der Heckscheibe erg\u00e4nzt das BMW Advanced Car Eye 3.0 PRO, da sie bei Ersch\u00fctterungen das Geschehen hinter dem Fahrzeug aufzeichnet.<\/p>\n<ul>\n<li>Automatische Aufnahme von Situationen vor und hinter dem Fahrzeug, auch wenn es geparkt ist.<\/li>\n<li>Lichtempfindliche Objektivtechnologie f\u00fcr detaillierte Aufnahmen bei Tag und Nacht.<\/li>\n<li>Pr\u00e4zise Aufzeichnung der Route dank des integrierten GPS-Empf\u00e4ngers.<\/li>\n<li>Bewegungen und Ersch\u00fctterungen werden vom Radar und den Sensoren erfasst.<\/li>\n<li>Direkte Steuerung \u00fcber eine App, so dass aufgezeichnete Ereignisse auf dem Smartphone zug\u00e4nglich sind und archiviert werden k\u00f6nnen.<\/li>\n<li>Zus\u00e4tzliche Spracherkennung f\u00fcr Shortcuts w\u00e4hrend der Fahrt<\/li>\n<\/ul>\n<h2>Funktionsweise<\/h2>\n<ul>\n<li>Dank der Vibrationserkennung wird das BMW Advanced Car Eye 3.0 PRO bei Ersch\u00fctterungen automatisch aktiviert und erfasst relevante Situationen.<\/li>\n<li>Ebenso wichtig ist der Radarsensor, der die Bewegungen in unmittelbarer N\u00e4he, vor und hinter dem Fahrzeug, \u00fcberwacht.<\/li>\n<li>Dar\u00fcber hinaus kann die Aufnahme manuell mit der REC-Taste oder der integrierten Spracherkennung gestartet werden.<\/li>\n<li>Die Kamera speichert die Videos auf einer SD-Speicherkarte, so dass die aufgezeichneten Videos jederzeit \u00fcber die ACE 3.0-App auf dem Smartphone abrufbar und archivierbar sind oder auf den Computer heruntergeladen werden k\u00f6nnen.<\/li>\n<\/ul>\n<h2>Technische Daten<\/h2>\n<ul>\n<li>Kamera-Frontscheibe QHD (2560 x 1440)<\/li>\n<li>R\u00fcckfenster-Kamera Full HD (1920 x 1080)<\/li>\n<li>Max. 30 fps (Ausnahme: Japan max. 27 fps)<\/li>\n<li>Bildsensor: Kamera-Frontscheibe 3,69 Megapixel 1\/2,8\u2033.<\/li>\n<li>R\u00fcckfensterkamera 2,07 Megapixel 1\/2,8\u2033<\/li>\n<li>Betrachtungswinkel (Glaslinse): Diagonal 150\u00b0<\/li>\n<li>Speicher: NAND Flash 1GB<\/li>\n<li>DDR3 (Speicherchip)<\/li>\n<li>GPS (Globales Positionsbestimmungssystem)<\/li>\n<li>WLAN 2,4GHz (IEEE 802.11b\/g\/n), 5GHz (IEEE 802.11a\/n)<\/li>\n<li>Stromversorgung DC 12V; Super Cap 7F, 3.0V (Notstromversorgung)<\/li>\n<\/ul>\n<h2>Lieferumfang des Advanced Car Eye 3.0 PRO Pakets<\/h2>\n<ul>\n<li>1x Kamera-Frontscheibe<\/li>\n<li>1x Kamera Heckscheibe<\/li>\n<li>1x Kabelbaum<\/li>\n<li>1x 64GB SD-Speicherkarte<\/li>\n<li>1x Reinigungstuch f\u00fcr die Klebefl\u00e4che<\/li>\n<li>1x Anleitung (inkl. QR-Code f\u00fcr Betriebsanleitung)<\/li>\n<li>1x Konformit\u00e4tserkl\u00e4rung<\/li>\n<li>15x Kabelbinder, schwarz<\/li>\n<li>Teilenummer: 66 21 5 A44 493, 66215A44493<\/li>\n<\/ul>","protected":false},"excerpt":{"rendered":"<p>OEM BMW Advanced Car Eye 3.0 PRO dash cam has a high resolution QHD camera on the windscreen and a FullHD camera on the rear window, which monitor the vehicle both while driving and when parked.<\/p>\n<p>SKU: 66215A44493<\/p>","protected":false},"featured_media":79215,"template":"","meta":{"bwfblock_default_font":""},"product_brand":[],"product_cat":[593],"product_tag":[],"class_list":{"0":"post-68013","1":"product","2":"type-product","3":"status-publish","4":"has-post-thumbnail","6":"product_cat-interior","7":"product_shipping_class-shifterz","8":"pa_brand-bmw","9":"pa_product-type-oem-original-equipment-manufacturer","10":"pa_vehicles-bmw-f30","11":"pa_vehicles-bmw-f31","12":"pa_vehicles-bmw-f32","13":"pa_vehicles-bmw-f34","14":"pa_vehicles-bmw-f36","15":"pa_vehicles-bmw-f39-x2","16":"pa_vehicles-bmw-f44","17":"pa_vehicles-bmw-f45","18":"pa_vehicles-bmw-f46","19":"pa_vehicles-bmw-f48-x1","20":"pa_vehicles-bmw-f70","21":"pa_vehicles-bmw-f74","22":"pa_vehicles-bmw-f80-m3","23":"pa_vehicles-bmw-f82-m4","24":"pa_vehicles-bmw-f86-x6m","25":"pa_vehicles-bmw-f87-m2","26":"pa_vehicles-bmw-f90-m5","27":"pa_vehicles-bmw-m8-f91-f92-f93","28":"pa_vehicles-bmw-f95-x5m","29":"pa_vehicles-bmw-f96-x6m","30":"pa_vehicles-bmw-f97-x3m","31":"pa_vehicles-bmw-f98-x4m","32":"pa_vehicles-bmw-g01-x3","33":"pa_vehicles-bmw-g02-x4","34":"pa_vehicles-bmw-g05-x5","35":"pa_vehicles-bmw-x6-g06","36":"pa_vehicles-bmw-g07-x7","37":"pa_vehicles-bmw-g07-x7-lci","38":"pa_vehicles-bmw-g09-xm","39":"pa_vehicles-bmw-g11-g12","40":"pa_vehicles-bmw-g14-g15-g16","41":"pa_vehicles-bmw-g20","42":"pa_vehicles-bmw-g21","43":"pa_vehicles-bmw-g22","44":"pa_vehicles-bmw-g23","45":"pa_vehicles-bmw-g26-grancoupe","46":"pa_vehicles-bmw-z4-g29","47":"pa_vehicles-bmw-g30","48":"pa_vehicles-bmw-g31","49":"pa_vehicles-bmw-g32","50":"pa_vehicles-bmw-g42","51":"pa_vehicles-bmw-g45-x3","52":"pa_vehicles-bmw-g60","53":"pa_vehicles-bmw-g61","54":"pa_vehicles-bmw-g80-m3","55":"pa_vehicles-bmw-g81-m3-touring","56":"pa_vehicles-bmw-g82-m4-csl","57":"pa_vehicles-bmw-g82-m4","58":"pa_vehicles-bmw-g87-m2","59":"pa_vehicles-bmw-g90-m5","60":"pa_vehicles-bmw-i4-g26","61":"pa_vehicles-x-series-u10-x2","62":"pa_vehicles-bmw-u11-x1","64":"first","65":"onbackorder","66":"taxable","67":"shipping-taxable","68":"purchasable","69":"product-type-simple"},"bundled_by":[],"bundle_stock_status":"onbackorder","bundle_stock_quantity":-13,"bundle_virtual":false,"bundle_layout":"","bundle_add_to_cart_form_location":"","bundle_editable_in_cart":false,"bundle_sold_individually_context":"","bundle_item_grouping":"","bundle_min_size":"","bundle_max_size":"","bundle_price":[],"bundled_items":[],"bundle_sell_ids":[],"_links":{"self":[{"href":"https:\/\/paddleshifterz.com\/de\/wp-json\/wp\/v2\/product\/68013","targetHints":{"allow":["GET"]}}],"collection":[{"href":"https:\/\/paddleshifterz.com\/de\/wp-json\/wp\/v2\/product"}],"about":[{"href":"https:\/\/paddleshifterz.com\/de\/wp-json\/wp\/v2\/types\/product"}],"wp:featuredmedia":[{"embeddable":true,"href":"https:\/\/paddleshifterz.com\/de\/wp-json\/wp\/v2\/media\/79215"}],"wp:attachment":[{"href":"https:\/\/paddleshifterz.com\/de\/wp-json\/wp\/v2\/media?parent=68013"}],"wp:term":[{"taxonomy":"product_brand","embeddable":true,"href":"https:\/\/paddleshifterz.com\/de\/wp-json\/wp\/v2\/product_brand?post=68013"},{"taxonomy":"product_cat","embeddable":true,"href":"https:\/\/paddleshifterz.com\/de\/wp-json\/wp\/v2\/product_cat?post=68013"},{"taxonomy":"product_tag","embeddable":true,"href":"https:\/\/paddleshifterz.com\/de\/wp-json\/wp\/v2\/product_tag?post=68013"}],"curies":[{"name":"wp","href":"https:\/\/api.w.org\/{rel}","templated":true}]}}