{"id":68051,"date":"2022-06-22T13:36:02","date_gmt":"2022-06-22T12:36:02","guid":{"rendered":"https:\/\/paddleshifterz.com\/?post_type=product&#038;p=68051"},"modified":"2026-03-27T11:54:39","modified_gmt":"2026-03-27T10:54:39","slug":"original-bmw-carbon-fiber-dashboard-trim","status":"publish","type":"product","link":"https:\/\/paddleshifterz.com\/de\/original-bmw-carbon-fiber-dashboard-trim\/","title":{"rendered":"OEM BMW Carbon Armaturenbrett \u2013 51459503704-51459503705"},"content":{"rendered":"<h2>Spezifikationen<\/h2>\n<ul>\n<li>Original BMW Produkt<\/li>\n<li>Gloss 2&#215;2 weave carbon fiber dashboard trim<\/li>\n<li>Erh\u00e4ltlich f\u00fcr Fahrzeuge mit Links- und Rechtslenkung<\/li>\n<\/ul>\n<p>On some vehicles, coding after installation may be necessary to make ambient lights work<\/p>","protected":false},"excerpt":{"rendered":"<div>Original BMW gl\u00e4nzende Kohlefaser Armaturenbrettverkleidung f\u00fcr BMW G26, G26 i4, LCI G20, G21, LCI G80, G81 M3, G82, G83 M4, G87 M2.<\/div>\n<ol>\n<li>Armaturenbrettverkleidung aus Kohlefaser: 51 45 9 503 704 (LHD), 51 45 9 503 705 (RHD)<\/li>\n<\/ol>\n<p>Erh\u00e4ltlich als Nachr\u00fcstoption, wenn Sie sich bei Ihrem Fahrzeug nicht f\u00fcr die Kohlefaserverkleidung entschieden haben.<\/p>","protected":false},"featured_media":69359,"template":"","meta":{"bwfblock_default_font":""},"product_brand":[],"product_cat":[593],"product_tag":[],"class_list":{"0":"post-68051","1":"product","2":"type-product","3":"status-publish","4":"has-post-thumbnail","6":"product_cat-interior","7":"product_shipping_class-shifterz","8":"pa_brand-bmw","9":"pa_product-type-oem-original-equipment-manufacturer","10":"pa_vehicles-bmw-g20","11":"pa_vehicles-bmw-g21","12":"pa_vehicles-bmw-g22","13":"pa_vehicles-bmw-g23","14":"pa_vehicles-bmw-g26-grancoupe","15":"pa_vehicles-bmw-g42","16":"pa_vehicles-bmw-g80-m3","17":"pa_vehicles-bmw-g81-m3-touring","18":"pa_vehicles-bmw-g82-m4","19":"pa_vehicles-bmw-g83-m4","20":"pa_vehicles-bmw-g87-m2","21":"pa_vehicles-bmw-i4-g26","23":"first","24":"onbackorder","25":"taxable","26":"shipping-taxable","27":"purchasable","28":"product-type-variable"},"bundled_by":["68079","77313"],"bundle_stock_status":"onbackorder","bundle_stock_quantity":0,"bundle_virtual":false,"bundle_layout":"","bundle_add_to_cart_form_location":"","bundle_editable_in_cart":false,"bundle_sold_individually_context":"","bundle_item_grouping":"","bundle_min_size":"","bundle_max_size":"","bundle_price":[],"bundled_items":[],"bundle_sell_ids":[],"_links":{"self":[{"href":"https:\/\/paddleshifterz.com\/de\/wp-json\/wp\/v2\/product\/68051","targetHints":{"allow":["GET"]}}],"collection":[{"href":"https:\/\/paddleshifterz.com\/de\/wp-json\/wp\/v2\/product"}],"about":[{"href":"https:\/\/paddleshifterz.com\/de\/wp-json\/wp\/v2\/types\/product"}],"wp:featuredmedia":[{"embeddable":true,"href":"https:\/\/paddleshifterz.com\/de\/wp-json\/wp\/v2\/media\/69359"}],"wp:attachment":[{"href":"https:\/\/paddleshifterz.com\/de\/wp-json\/wp\/v2\/media?parent=68051"}],"wp:term":[{"taxonomy":"product_brand","embeddable":true,"href":"https:\/\/paddleshifterz.com\/de\/wp-json\/wp\/v2\/product_brand?post=68051"},{"taxonomy":"product_cat","embeddable":true,"href":"https:\/\/paddleshifterz.com\/de\/wp-json\/wp\/v2\/product_cat?post=68051"},{"taxonomy":"product_tag","embeddable":true,"href":"https:\/\/paddleshifterz.com\/de\/wp-json\/wp\/v2\/product_tag?post=68051"}],"curies":[{"name":"wp","href":"https:\/\/api.w.org\/{rel}","templated":true}]}}