{"id":68063,"date":"2022-06-22T22:21:01","date_gmt":"2022-06-22T21:21:01","guid":{"rendered":"https:\/\/paddleshifterz.com\/?post_type=product&#038;p=68063"},"modified":"2025-11-29T18:02:31","modified_gmt":"2025-11-29T17:02:31","slug":"bmw-m-performance-carbon-fiber-door-sill-trim-51472472520","status":"publish","type":"product","link":"https:\/\/paddleshifterz.com\/de\/bmw-m-performance-carbon-fiber-door-sill-trim-51472472520\/","title":{"rendered":"OEM BMW M Performance Carbon Einstiegleiste - 51472472520"},"content":{"rendered":"","protected":false},"excerpt":{"rendered":"<p>OEM BMW M Performance Einstiegsleisten f\u00fcr Ihre BMW G20, G21, G80, G81 und G26 Modelle.<\/p>\n<ul>\n<li>Material: ABS mit lackiertem Karboneinsatz<\/li>\n<li>verleiht dem Fahrzeug einen individuellen Charakter<\/li>\n<li>unterstreicht das sportliche Design des Fahrzeugs<\/li>\n<li>rundet das M Performance Exterieurpaket perfekt ab<\/li>\n<li>optimal und genau auf die Fahrzeuggeometrie abgestimmt<\/li>\n<li>einfache Montage in weniger als 15 Minuten<\/li>\n<li>links (Fahrerseite) und rechts (Beifahrerseite) identisch<\/li>\n<\/ul>\n<p>Zum Lieferumfang geh\u00f6ren eine M Performance Einstiegsplatte Carbon sowie das ben\u00f6tigte Befestigungsmaterial.<\/p>\n<p><strong>Das Paket enth\u00e4lt 2 St\u00fcck, f\u00fcr beide T\u00fcren.<\/strong><\/p>","protected":false},"featured_media":77164,"template":"","meta":{"bwfblock_default_font":""},"product_brand":[],"product_cat":[593],"product_tag":[],"class_list":{"0":"post-68063","1":"product","2":"type-product","3":"status-publish","4":"has-post-thumbnail","6":"product_cat-interior","7":"product_shipping_class-shifterz","8":"pa_brand-bmw","9":"pa_brand-m-performance","10":"pa_product-type-oem-original-equipment-manufacturer","11":"pa_vehicles-bmw-g20","12":"pa_vehicles-bmw-g21","13":"pa_vehicles-bmw-g26-grancoupe","14":"pa_vehicles-bmw-g80-m3","15":"pa_vehicles-bmw-g81-m3-touring","16":"pa_vehicles-bmw-i4-g26","18":"first","19":"outofstock","20":"taxable","21":"shipping-taxable","22":"purchasable","23":"product-type-simple"},"bundled_by":[],"bundle_stock_status":"outofstock","bundle_stock_quantity":-21,"bundle_virtual":false,"bundle_layout":"","bundle_add_to_cart_form_location":"","bundle_editable_in_cart":false,"bundle_sold_individually_context":"","bundle_item_grouping":"","bundle_min_size":"","bundle_max_size":"","bundle_price":[],"bundled_items":[],"bundle_sell_ids":[],"_links":{"self":[{"href":"https:\/\/paddleshifterz.com\/de\/wp-json\/wp\/v2\/product\/68063","targetHints":{"allow":["GET"]}}],"collection":[{"href":"https:\/\/paddleshifterz.com\/de\/wp-json\/wp\/v2\/product"}],"about":[{"href":"https:\/\/paddleshifterz.com\/de\/wp-json\/wp\/v2\/types\/product"}],"wp:featuredmedia":[{"embeddable":true,"href":"https:\/\/paddleshifterz.com\/de\/wp-json\/wp\/v2\/media\/77164"}],"wp:attachment":[{"href":"https:\/\/paddleshifterz.com\/de\/wp-json\/wp\/v2\/media?parent=68063"}],"wp:term":[{"taxonomy":"product_brand","embeddable":true,"href":"https:\/\/paddleshifterz.com\/de\/wp-json\/wp\/v2\/product_brand?post=68063"},{"taxonomy":"product_cat","embeddable":true,"href":"https:\/\/paddleshifterz.com\/de\/wp-json\/wp\/v2\/product_cat?post=68063"},{"taxonomy":"product_tag","embeddable":true,"href":"https:\/\/paddleshifterz.com\/de\/wp-json\/wp\/v2\/product_tag?post=68063"}],"curies":[{"name":"wp","href":"https:\/\/api.w.org\/{rel}","templated":true}]}}