{"id":68069,"date":"2022-06-22T22:37:00","date_gmt":"2022-06-22T21:37:00","guid":{"rendered":"https:\/\/paddleshifterz.com\/?post_type=product&#038;p=68069"},"modified":"2025-11-03T07:23:17","modified_gmt":"2025-11-03T06:23:17","slug":"bmw-m-performance-carbon-fiber-front-fender-m2-f87-41352449803-41352449804","status":"publish","type":"product","link":"https:\/\/paddleshifterz.com\/de\/bmw-m-performance-carbon-fiber-front-fender-m2-f87-41352449803-41352449804\/","title":{"rendered":"OEM BMW M Performance Carbon Kotfl\u00fcgel - M2 F87"},"content":{"rendered":"<p>Die M Performance Seitenwand ist aus hochwertigem Carbon gefertigt und f\u00fcgt sich perfekt in das Design des Fahrzeugs ein. Sie sorgt nicht nur f\u00fcr eine besonders sportliche und exklusive Optik. Sie verbessert auch die Aerodynamik des Fahrzeugs und reduziert das Gesamtgewicht. Wie alle M Performance Aerodynamik- und Exterieurkomponenten ist auch die Seitenwand nach den strengen BMW Qualit\u00e4tsrichtlinien gepr\u00fcft und freigegeben. F\u00fcr ein besonders individuelles und hochwertiges Erscheinungsbild.<\/p>\n<h2>Vorteile<\/h2>\n<ul>\n<li>hergestellt aus hochwertigem Carbon<\/li>\n<li>genau auf die Geometrie und das Aussehen des Fahrzeugs abgestimmt, um die Aerodynamik zu verbessern und das Gewicht zu reduzieren<\/li>\n<li>Gepr\u00fcft nach den strengen BMW Qualit\u00e4tskriterien<\/li>\n<li>Umfang der Lieferung: Je nach Auswahl, vordere linke oder rechte Seitenwand<\/li>\n<li>Teilenummern: 41352449803, 41352449804<\/li>\n<\/ul>\n<h2>Passende Fahrzeuge<\/h2>\n<p>Passend f\u00fcr alle Modelle des BMW F87 M2<\/p>","protected":false},"excerpt":{"rendered":"<p>OEM BMW M Performance Kohlefaser Kotfl\u00fcgel vorne (links und rechts) f\u00fcr den BMW M2 F87.<\/p>","protected":false},"featured_media":68074,"template":"","meta":{"bwfblock_default_font":""},"product_brand":[],"product_cat":[1113],"product_tag":[],"class_list":{"0":"post-68069","1":"product","2":"type-product","3":"status-publish","4":"has-post-thumbnail","6":"product_cat-exterior","7":"product_shipping_class-oversized-items","8":"pa_brand-bmw","9":"pa_brand-m-performance","10":"pa_product-type-oem-original-equipment-manufacturer","11":"pa_vehicles-bmw-f87-m2","13":"first","14":"onbackorder","15":"taxable","16":"shipping-taxable","17":"purchasable","18":"product-type-variable"},"bundled_by":[],"bundle_stock_status":"onbackorder","bundle_stock_quantity":null,"bundle_virtual":false,"bundle_layout":"","bundle_add_to_cart_form_location":"","bundle_editable_in_cart":false,"bundle_sold_individually_context":"","bundle_item_grouping":"","bundle_min_size":"","bundle_max_size":"","bundle_price":[],"bundled_items":[],"bundle_sell_ids":[],"_links":{"self":[{"href":"https:\/\/paddleshifterz.com\/de\/wp-json\/wp\/v2\/product\/68069","targetHints":{"allow":["GET"]}}],"collection":[{"href":"https:\/\/paddleshifterz.com\/de\/wp-json\/wp\/v2\/product"}],"about":[{"href":"https:\/\/paddleshifterz.com\/de\/wp-json\/wp\/v2\/types\/product"}],"wp:featuredmedia":[{"embeddable":true,"href":"https:\/\/paddleshifterz.com\/de\/wp-json\/wp\/v2\/media\/68074"}],"wp:attachment":[{"href":"https:\/\/paddleshifterz.com\/de\/wp-json\/wp\/v2\/media?parent=68069"}],"wp:term":[{"taxonomy":"product_brand","embeddable":true,"href":"https:\/\/paddleshifterz.com\/de\/wp-json\/wp\/v2\/product_brand?post=68069"},{"taxonomy":"product_cat","embeddable":true,"href":"https:\/\/paddleshifterz.com\/de\/wp-json\/wp\/v2\/product_cat?post=68069"},{"taxonomy":"product_tag","embeddable":true,"href":"https:\/\/paddleshifterz.com\/de\/wp-json\/wp\/v2\/product_tag?post=68069"}],"curies":[{"name":"wp","href":"https:\/\/api.w.org\/{rel}","templated":true}]}}