{"id":68079,"date":"2022-06-23T21:14:00","date_gmt":"2022-06-23T20:14:00","guid":{"rendered":"https:\/\/paddleshifterz.com\/?post_type=product&#038;p=68079"},"modified":"2025-12-01T07:07:36","modified_gmt":"2025-12-01T06:07:36","slug":"oem-bmw-gloss-carbon-fiber-interior-kit-curved-display","status":"publish","type":"product","link":"https:\/\/paddleshifterz.com\/de\/oem-bmw-gloss-carbon-fiber-interior-kit-curved-display\/","title":{"rendered":"OEM BMW Gloss Carbon Innenausstattung gro\u00dfes Display"},"content":{"rendered":"<h2>Spezifikationen<\/h2>\n<ul>\n<li>F\u00fcr Fahrzeuge mit dem neuen (2022\/2023-2025) gro\u00dfen, gebogenen Display. (Passt nicht zu den neuen 3er und 4er LCI Fahrzeugen wie dem G82 M4 mit aktualisierten L\u00fcftungs\u00f6ffnungen)<\/li>\n<li><span style=\"color: #555555; font-size: 14.4px;\">F\u00fcr Fahrzeuge mit <\/span><strong style=\"color: #555555; font-size: 14.4px;\">Automatikgetriebe.<\/strong><\/li>\n<li><span style=\"color: #555555; font-size: 14.4px;\">Erh\u00e4ltlich f\u00fcr Fahrzeuge mit Links- und Rechtslenkung.<\/span><\/li>\n<li>Enth\u00e4lt alle Kohlefaser-Innenteile, die f\u00fcr die Nachr\u00fcstung des Kohlefaser-Kits in Ihrem Fahrzeug ben\u00f6tigt werden<\/li>\n<li>Plug-and-Play-Bausatz, keine aufgeklebten Teile<\/li>\n<li>BMW-Originalteile<\/li>\n<\/ul>","protected":false},"excerpt":{"rendered":"<p>Ein kompletter Satz echter BMW Kohlefaser-Innenraumverkleidungen f\u00fcr Fahrzeuge mit dem gebogenen Display. Das Paket beinhaltet die gl\u00e4nzenden Kohlefaser-Mittelkonsolen (3 St\u00fcck) und die gl\u00e4nzende Kohlefaser-Armaturenbrettverkleidung.<\/p>","protected":false},"featured_media":70331,"template":"","meta":{"bwfblock_default_font":""},"product_brand":[],"product_cat":[593],"product_tag":[],"class_list":{"0":"post-68079","1":"product","2":"type-product","3":"status-publish","4":"has-post-thumbnail","6":"product_cat-interior","7":"product_shipping_class-shifterz","8":"pa_brand-bmw","9":"pa_product-type-oem-original-equipment-manufacturer","10":"pa_vehicles-bmw-g20","11":"pa_vehicles-bmw-g21","12":"pa_vehicles-bmw-g22","13":"pa_vehicles-bmw-g23","14":"pa_vehicles-bmw-g26-grancoupe","15":"pa_vehicles-bmw-g42","16":"pa_vehicles-bmw-g80-m3","17":"pa_vehicles-bmw-g81-m3-touring","18":"pa_vehicles-bmw-g82-m4-csl","19":"pa_vehicles-bmw-g82-m4","20":"pa_vehicles-bmw-g83-m4","21":"pa_vehicles-bmw-g87-m2","22":"pa_vehicles-bmw-i4-g26","24":"first","25":"onbackorder","26":"taxable","27":"shipping-taxable","28":"purchasable","29":"product-type-bundle"},"bundled_by":[],"bundle_stock_status":"instock","bundle_stock_quantity":"","bundle_virtual":false,"bundle_layout":"default","bundle_add_to_cart_form_location":"default","bundle_editable_in_cart":true,"bundle_sold_individually_context":"product","bundle_item_grouping":"parent","bundle_min_size":"","bundle_max_size":"","bundle_price":{"price":{"min":{"incl_tax":"1406","excl_tax":"1181.51"},"max":{"incl_tax":"1406","excl_tax":"1181.51"}},"regular_price":{"min":{"incl_tax":"1406","excl_tax":"1181.51"},"max":{"incl_tax":"1406","excl_tax":"1181.51"}}},"bundled_items":[{"bundled_item_id":153,"product_id":68051,"menu_order":0,"quantity_min":1,"quantity_max":1,"quantity_default":1,"priced_individually":true,"shipped_individually":false,"override_title":false,"title":"OEM BMW Carbon dashboard trim - 51459503704-51459503705","override_description":true,"description":"","optional":false,"hide_thumbnail":true,"discount":"","override_variations":false,"allowed_variations":[],"override_default_variation_attributes":false,"default_variation_attributes":[],"single_product_visibility":"visible","cart_visibility":"visible","order_visibility":"visible","single_product_price_visibility":"visible","cart_price_visibility":"visible","order_price_visibility":"visible","stock_status":"on_backorder"},{"bundled_item_id":154,"product_id":71841,"menu_order":1,"quantity_min":1,"quantity_max":1,"quantity_default":1,"priced_individually":true,"shipped_individually":false,"override_title":false,"title":"OEM BMW Carbon Mittelkonsole - 51168094591-51168094592","override_description":true,"description":"","optional":false,"hide_thumbnail":true,"discount":"","override_variations":false,"allowed_variations":[],"override_default_variation_attributes":false,"default_variation_attributes":[],"single_product_visibility":"visible","cart_visibility":"visible","order_visibility":"visible","single_product_price_visibility":"visible","cart_price_visibility":"visible","order_price_visibility":"visible","stock_status":"on_backorder"},{"bundled_item_id":155,"product_id":71837,"menu_order":2,"quantity_min":1,"quantity_max":1,"quantity_default":1,"priced_individually":true,"shipped_individually":false,"override_title":false,"title":"OEM BMW Carbon Becherhalterabdeckung - Automatik","override_description":true,"description":"","optional":false,"hide_thumbnail":true,"discount":"","override_variations":false,"allowed_variations":[],"override_default_variation_attributes":false,"default_variation_attributes":[],"single_product_visibility":"visible","cart_visibility":"visible","order_visibility":"visible","single_product_price_visibility":"visible","cart_price_visibility":"visible","order_price_visibility":"visible","stock_status":"on_backorder"},{"bundled_item_id":156,"product_id":71845,"menu_order":3,"quantity_min":1,"quantity_max":1,"quantity_default":1,"priced_individually":true,"shipped_individually":false,"override_title":false,"title":"OEM BMW Schwarz Mittelkonsole - 51165A0EF81-51165A0EF98","override_description":true,"description":"","optional":false,"hide_thumbnail":true,"discount":"","override_variations":false,"allowed_variations":[],"override_default_variation_attributes":false,"default_variation_attributes":[],"single_product_visibility":"visible","cart_visibility":"visible","order_visibility":"visible","single_product_price_visibility":"visible","cart_price_visibility":"visible","order_price_visibility":"visible","stock_status":"on_backorder"}],"bundle_sell_ids":[],"_links":{"self":[{"href":"https:\/\/paddleshifterz.com\/de\/wp-json\/wp\/v2\/product\/68079","targetHints":{"allow":["GET"]}}],"collection":[{"href":"https:\/\/paddleshifterz.com\/de\/wp-json\/wp\/v2\/product"}],"about":[{"href":"https:\/\/paddleshifterz.com\/de\/wp-json\/wp\/v2\/types\/product"}],"wp:featuredmedia":[{"embeddable":true,"href":"https:\/\/paddleshifterz.com\/de\/wp-json\/wp\/v2\/media\/70331"}],"wp:attachment":[{"href":"https:\/\/paddleshifterz.com\/de\/wp-json\/wp\/v2\/media?parent=68079"}],"wp:term":[{"taxonomy":"product_brand","embeddable":true,"href":"https:\/\/paddleshifterz.com\/de\/wp-json\/wp\/v2\/product_brand?post=68079"},{"taxonomy":"product_cat","embeddable":true,"href":"https:\/\/paddleshifterz.com\/de\/wp-json\/wp\/v2\/product_cat?post=68079"},{"taxonomy":"product_tag","embeddable":true,"href":"https:\/\/paddleshifterz.com\/de\/wp-json\/wp\/v2\/product_tag?post=68079"}],"curies":[{"name":"wp","href":"https:\/\/api.w.org\/{rel}","templated":true}]}}