{"id":68100,"date":"2022-06-24T19:28:08","date_gmt":"2022-06-24T18:28:08","guid":{"rendered":"https:\/\/paddleshifterz.com\/?post_type=product&#038;p=68100"},"modified":"2025-11-20T09:28:27","modified_gmt":"2025-11-20T08:28:27","slug":"original-bmw-50-year-m-hood-and-trunk-badges-g22-g23-g26","status":"publish","type":"product","link":"https:\/\/paddleshifterz.com\/de\/original-bmw-50-year-m-hood-and-trunk-badges-g22-g23-g26\/","title":{"rendered":"OEM BMW 50 Jahre M Embleme - G22\/G23\/G26"},"content":{"rendered":"","protected":false},"excerpt":{"rendered":"<p>Feiern Sie 50 Jahre M mit den speziellen Jubil\u00e4umsemblemen der BMW M GmbH f\u00fcr Ihren BMW G22, G23 und G26 (inklusive G26 i4). Echte, hochwertige Embleme f\u00fcr Motorhaube und Kofferraum.<\/p>\n<p>Weitere Embleme zum 50-j\u00e4hrigen M-Jubil\u00e4um und anderes Zubeh\u00f6r <a href=\"https:\/\/paddleshifterz.com\/de\/50-year-m\/\">St\u00f6bern Sie hier in unserer Produktkategorie.<\/a><\/p>\n<ul>\n<li><a href=\"https:\/\/paddleshifterz.com\/de\/original-bmw-50-year-m-badge-51-14-8-087-198\/\">51148087198<\/a> - f\u00fcr Fahrzeuge ohne R\u00fcckfahrkamera<\/li>\n<li><a href=\"https:\/\/paddleshifterz.com\/de\/original-bmw-50-year-m-badge-51-14-8-087-199\/\">51148087199<\/a> - f\u00fcr Fahrzeuge mit R\u00fcckfahrkamera<\/li>\n<\/ul>","protected":false},"featured_media":75665,"template":"","meta":{"bwfblock_default_font":""},"product_brand":[],"product_cat":[1090,1113,1084],"product_tag":[],"class_list":{"0":"post-68100","1":"product","2":"type-product","3":"status-publish","4":"has-post-thumbnail","6":"product_cat-50-year-m","7":"product_cat-exterior","8":"product_cat-trunk-badges","9":"product_shipping_class-shifterz","10":"pa_brand-bmw","11":"pa_product-type-oem-original-equipment-manufacturer","12":"pa_vehicles-bmw-g22","13":"pa_vehicles-bmw-g23","14":"pa_vehicles-bmw-g26-grancoupe","15":"pa_vehicles-bmw-i4-g26","17":"first","18":"onbackorder","19":"virtual","20":"taxable","21":"purchasable","22":"product-type-bundle"},"bundled_by":[],"bundle_stock_status":"instock","bundle_stock_quantity":"","bundle_virtual":false,"bundle_layout":"default","bundle_add_to_cart_form_location":"default","bundle_editable_in_cart":false,"bundle_sold_individually_context":"product","bundle_item_grouping":"parent","bundle_min_size":"","bundle_max_size":"","bundle_price":{"price":{"min":{"incl_tax":"94.9","excl_tax":"79.75"},"max":{"incl_tax":"284.7","excl_tax":"239.25"}},"regular_price":{"min":{"incl_tax":"94.9","excl_tax":"79.75"},"max":{"incl_tax":"284.7","excl_tax":"239.25"}}},"bundled_items":[{"bundled_item_id":175,"product_id":67590,"menu_order":0,"quantity_min":1,"quantity_max":1,"quantity_default":1,"priced_individually":true,"shipped_individually":false,"override_title":false,"title":"OEM BMW 50 Jahre M-Emblem - 51148087190","override_description":true,"description":"","optional":false,"hide_thumbnail":false,"discount":"","override_variations":false,"allowed_variations":[],"override_default_variation_attributes":false,"default_variation_attributes":[],"single_product_visibility":"visible","cart_visibility":"visible","order_visibility":"visible","single_product_price_visibility":"visible","cart_price_visibility":"visible","order_price_visibility":"visible","stock_status":"on_backorder"},{"bundled_item_id":176,"product_id":67610,"menu_order":1,"quantity_min":1,"quantity_max":1,"quantity_default":1,"priced_individually":true,"shipped_individually":false,"override_title":false,"title":"OEM BMW 50 Jahre M-Emblem - 51148087198","override_description":true,"description":"does NOT have the hole for the rear view camera","optional":true,"hide_thumbnail":false,"discount":"","override_variations":false,"allowed_variations":[],"override_default_variation_attributes":false,"default_variation_attributes":[],"single_product_visibility":"visible","cart_visibility":"visible","order_visibility":"visible","single_product_price_visibility":"visible","cart_price_visibility":"visible","order_price_visibility":"visible","stock_status":"on_backorder"},{"bundled_item_id":177,"product_id":67595,"menu_order":2,"quantity_min":1,"quantity_max":1,"quantity_default":1,"priced_individually":true,"shipped_individually":false,"override_title":false,"title":"OEM BMW 50 Jahre M-Emblem - 51148087199","override_description":true,"description":"does have the hole for the rear view camera","optional":true,"hide_thumbnail":false,"discount":"","override_variations":false,"allowed_variations":[],"override_default_variation_attributes":false,"default_variation_attributes":[],"single_product_visibility":"visible","cart_visibility":"visible","order_visibility":"visible","single_product_price_visibility":"visible","cart_price_visibility":"visible","order_price_visibility":"visible","stock_status":"on_backorder"}],"bundle_sell_ids":[],"_links":{"self":[{"href":"https:\/\/paddleshifterz.com\/de\/wp-json\/wp\/v2\/product\/68100","targetHints":{"allow":["GET"]}}],"collection":[{"href":"https:\/\/paddleshifterz.com\/de\/wp-json\/wp\/v2\/product"}],"about":[{"href":"https:\/\/paddleshifterz.com\/de\/wp-json\/wp\/v2\/types\/product"}],"wp:featuredmedia":[{"embeddable":true,"href":"https:\/\/paddleshifterz.com\/de\/wp-json\/wp\/v2\/media\/75665"}],"wp:attachment":[{"href":"https:\/\/paddleshifterz.com\/de\/wp-json\/wp\/v2\/media?parent=68100"}],"wp:term":[{"taxonomy":"product_brand","embeddable":true,"href":"https:\/\/paddleshifterz.com\/de\/wp-json\/wp\/v2\/product_brand?post=68100"},{"taxonomy":"product_cat","embeddable":true,"href":"https:\/\/paddleshifterz.com\/de\/wp-json\/wp\/v2\/product_cat?post=68100"},{"taxonomy":"product_tag","embeddable":true,"href":"https:\/\/paddleshifterz.com\/de\/wp-json\/wp\/v2\/product_tag?post=68100"}],"curies":[{"name":"wp","href":"https:\/\/api.w.org\/{rel}","templated":true}]}}