{"id":68107,"date":"2022-06-24T19:35:34","date_gmt":"2022-06-24T18:35:34","guid":{"rendered":"https:\/\/paddleshifterz.com\/?post_type=product&#038;p=68107"},"modified":"2025-11-19T20:35:01","modified_gmt":"2025-11-19T19:35:01","slug":"original-bmw-50-year-m-hood-and-trunk-badges-x3m-f97-m","status":"publish","type":"product","link":"https:\/\/paddleshifterz.com\/de\/original-bmw-50-year-m-hood-and-trunk-badges-x3m-f97-m\/","title":{"rendered":"OEM BMW 50 Jahre M Embleme \u2013 X3M F97"},"content":{"rendered":"","protected":false},"excerpt":{"rendered":"<p>Feiern Sie 50 Jahre M mit den speziellen Jubil\u00e4ums-Emblemen der BMW M GmbH f\u00fcr BMW X3M F97. Echte, hochwertige Embleme f\u00fcr Motorhaube und Kofferraum.<\/p>\n<p>Weitere Embleme zum 50-j\u00e4hrigen M-Jubil\u00e4um und anderes Zubeh\u00f6r <a href=\"https:\/\/paddleshifterz.com\/de\/produkt-kategorie\/50-year-m\/\">St\u00f6bern Sie hier in unserer Produktkategorie.<\/a><\/p>","protected":false},"featured_media":70599,"template":"","meta":{"bwfblock_default_font":""},"product_brand":[],"product_cat":[1090,1113,1084],"product_tag":[],"class_list":{"0":"post-68107","1":"product","2":"type-product","3":"status-publish","4":"has-post-thumbnail","6":"product_cat-50-year-m","7":"product_cat-exterior","8":"product_cat-trunk-badges","9":"product_shipping_class-shifterz","10":"pa_brand-bmw","11":"pa_product-type-oem-original-equipment-manufacturer","12":"pa_vehicles-bmw-f97-x3m","14":"first","15":"onbackorder","16":"virtual","17":"taxable","18":"purchasable","19":"product-type-bundle"},"bundled_by":[],"bundle_stock_status":"instock","bundle_stock_quantity":"","bundle_virtual":false,"bundle_layout":"default","bundle_add_to_cart_form_location":"default","bundle_editable_in_cart":true,"bundle_sold_individually_context":"product","bundle_item_grouping":"parent","bundle_min_size":"","bundle_max_size":"","bundle_price":{"price":{"min":{"incl_tax":"189.8","excl_tax":"159.5"},"max":{"incl_tax":"189.8","excl_tax":"159.5"}},"regular_price":{"min":{"incl_tax":"189.8","excl_tax":"159.5"},"max":{"incl_tax":"189.8","excl_tax":"159.5"}}},"bundled_items":[{"bundled_item_id":55,"product_id":67592,"menu_order":0,"quantity_min":1,"quantity_max":1,"quantity_default":1,"priced_individually":true,"shipped_individually":false,"override_title":false,"title":"OEM BMW 50 Jahre M-Emblem - 51148087193","override_description":true,"description":"","optional":false,"hide_thumbnail":true,"discount":"","override_variations":false,"allowed_variations":[],"override_default_variation_attributes":false,"default_variation_attributes":[],"single_product_visibility":"visible","cart_visibility":"visible","order_visibility":"visible","single_product_price_visibility":"visible","cart_price_visibility":"visible","order_price_visibility":"visible","stock_status":"on_backorder"},{"bundled_item_id":56,"product_id":67597,"menu_order":1,"quantity_min":1,"quantity_max":1,"quantity_default":1,"priced_individually":true,"shipped_individually":false,"override_title":false,"title":"OEM BMW 50 Jahre M-Emblem - 51148087194","override_description":true,"description":"","optional":false,"hide_thumbnail":true,"discount":"","override_variations":false,"allowed_variations":[],"override_default_variation_attributes":false,"default_variation_attributes":[],"single_product_visibility":"visible","cart_visibility":"visible","order_visibility":"visible","single_product_price_visibility":"visible","cart_price_visibility":"visible","order_price_visibility":"visible","stock_status":"on_backorder"}],"bundle_sell_ids":[],"_links":{"self":[{"href":"https:\/\/paddleshifterz.com\/de\/wp-json\/wp\/v2\/product\/68107","targetHints":{"allow":["GET"]}}],"collection":[{"href":"https:\/\/paddleshifterz.com\/de\/wp-json\/wp\/v2\/product"}],"about":[{"href":"https:\/\/paddleshifterz.com\/de\/wp-json\/wp\/v2\/types\/product"}],"wp:featuredmedia":[{"embeddable":true,"href":"https:\/\/paddleshifterz.com\/de\/wp-json\/wp\/v2\/media\/70599"}],"wp:attachment":[{"href":"https:\/\/paddleshifterz.com\/de\/wp-json\/wp\/v2\/media?parent=68107"}],"wp:term":[{"taxonomy":"product_brand","embeddable":true,"href":"https:\/\/paddleshifterz.com\/de\/wp-json\/wp\/v2\/product_brand?post=68107"},{"taxonomy":"product_cat","embeddable":true,"href":"https:\/\/paddleshifterz.com\/de\/wp-json\/wp\/v2\/product_cat?post=68107"},{"taxonomy":"product_tag","embeddable":true,"href":"https:\/\/paddleshifterz.com\/de\/wp-json\/wp\/v2\/product_tag?post=68107"}],"curies":[{"name":"wp","href":"https:\/\/api.w.org\/{rel}","templated":true}]}}