{"id":68137,"date":"2022-06-24T20:02:33","date_gmt":"2022-06-24T19:02:33","guid":{"rendered":"https:\/\/paddleshifterz.com\/?post_type=product&#038;p=68137"},"modified":"2025-11-19T20:33:16","modified_gmt":"2025-11-19T19:33:16","slug":"original-bmw-50-year-m-hood-and-trunk-badges-f39-x2","status":"publish","type":"product","link":"https:\/\/paddleshifterz.com\/de\/original-bmw-50-year-m-hood-and-trunk-badges-f39-x2\/","title":{"rendered":"OEM BMW 50 Jahre M Embleme - F39 X2"},"content":{"rendered":"","protected":false},"excerpt":{"rendered":"<p>Feiern Sie 50 Jahre M mit den speziellen Jubil\u00e4umsemblemen der BMW M GmbH f\u00fcr Ihren <a href=\"https:\/\/paddleshifterz.com\/de\/vehicles\/bmw-f39-x2\/\">BMW F39 X2<\/a>. Echte, hochwertige Plaketten f\u00fcr die Motorhaube und den Kofferraum.<\/p>\n<p>Weitere Embleme zum 50-j\u00e4hrigen M-Jubil\u00e4um und anderes Zubeh\u00f6r <a href=\"https:\/\/paddleshifterz.com\/de\/50-year-m\/\">St\u00f6bern Sie hier in unserer Produktkategorie.<\/a><\/p>\n<p>Paket enth\u00e4lt: Motorhauben- und Kofferraumembleme und 2x Embleme f\u00fcr die C-S\u00e4ule f\u00fcr BMW F39 X2.<\/p>","protected":false},"featured_media":66694,"template":"","meta":{"bwfblock_default_font":""},"product_brand":[],"product_cat":[1090,1113,1084],"product_tag":[],"class_list":{"0":"post-68137","1":"product","2":"type-product","3":"status-publish","4":"has-post-thumbnail","6":"product_cat-50-year-m","7":"product_cat-exterior","8":"product_cat-trunk-badges","9":"product_shipping_class-shifterz","10":"pa_brand-bmw","11":"pa_product-type-oem-original-equipment-manufacturer","12":"pa_vehicles-bmw-f39-x2","14":"first","15":"onbackorder","16":"virtual","17":"taxable","18":"purchasable","19":"product-type-bundle"},"bundled_by":[],"bundle_stock_status":"instock","bundle_stock_quantity":"","bundle_virtual":false,"bundle_layout":"default","bundle_add_to_cart_form_location":"default","bundle_editable_in_cart":true,"bundle_sold_individually_context":"product","bundle_item_grouping":"parent","bundle_min_size":"","bundle_max_size":"","bundle_price":{"price":{"min":{"incl_tax":"189.8","excl_tax":"159.5"},"max":{"incl_tax":"379.6","excl_tax":"319"}},"regular_price":{"min":{"incl_tax":"189.8","excl_tax":"159.5"},"max":{"incl_tax":"379.6","excl_tax":"319"}}},"bundled_items":[{"bundled_item_id":50,"product_id":67603,"menu_order":0,"quantity_min":1,"quantity_max":1,"quantity_default":1,"priced_individually":true,"shipped_individually":false,"override_title":false,"title":"OEM BMW 50 Jahre M-Emblem - 51148087189","override_description":true,"description":"","optional":false,"hide_thumbnail":true,"discount":"","override_variations":false,"allowed_variations":[],"override_default_variation_attributes":false,"default_variation_attributes":[],"single_product_visibility":"visible","cart_visibility":"visible","order_visibility":"visible","single_product_price_visibility":"visible","cart_price_visibility":"visible","order_price_visibility":"visible","stock_status":"on_backorder"},{"bundled_item_id":51,"product_id":67603,"menu_order":1,"quantity_min":1,"quantity_max":1,"quantity_default":1,"priced_individually":true,"shipped_individually":false,"override_title":false,"title":"OEM BMW 50 Jahre M-Emblem - 51148087189","override_description":true,"description":"","optional":false,"hide_thumbnail":true,"discount":"","override_variations":false,"allowed_variations":[],"override_default_variation_attributes":false,"default_variation_attributes":[],"single_product_visibility":"visible","cart_visibility":"visible","order_visibility":"visible","single_product_price_visibility":"visible","cart_price_visibility":"visible","order_price_visibility":"visible","stock_status":"on_backorder"},{"bundled_item_id":52,"product_id":67599,"menu_order":2,"quantity_min":2,"quantity_max":2,"quantity_default":2,"priced_individually":true,"shipped_individually":false,"override_title":true,"title":"2x Emblems for the C pillar","override_description":true,"description":"","optional":true,"hide_thumbnail":true,"discount":"","override_variations":false,"allowed_variations":[],"override_default_variation_attributes":false,"default_variation_attributes":[],"single_product_visibility":"visible","cart_visibility":"visible","order_visibility":"visible","single_product_price_visibility":"visible","cart_price_visibility":"visible","order_price_visibility":"visible","stock_status":"on_backorder"}],"bundle_sell_ids":[],"_links":{"self":[{"href":"https:\/\/paddleshifterz.com\/de\/wp-json\/wp\/v2\/product\/68137","targetHints":{"allow":["GET"]}}],"collection":[{"href":"https:\/\/paddleshifterz.com\/de\/wp-json\/wp\/v2\/product"}],"about":[{"href":"https:\/\/paddleshifterz.com\/de\/wp-json\/wp\/v2\/types\/product"}],"wp:featuredmedia":[{"embeddable":true,"href":"https:\/\/paddleshifterz.com\/de\/wp-json\/wp\/v2\/media\/66694"}],"wp:attachment":[{"href":"https:\/\/paddleshifterz.com\/de\/wp-json\/wp\/v2\/media?parent=68137"}],"wp:term":[{"taxonomy":"product_brand","embeddable":true,"href":"https:\/\/paddleshifterz.com\/de\/wp-json\/wp\/v2\/product_brand?post=68137"},{"taxonomy":"product_cat","embeddable":true,"href":"https:\/\/paddleshifterz.com\/de\/wp-json\/wp\/v2\/product_cat?post=68137"},{"taxonomy":"product_tag","embeddable":true,"href":"https:\/\/paddleshifterz.com\/de\/wp-json\/wp\/v2\/product_tag?post=68137"}],"curies":[{"name":"wp","href":"https:\/\/api.w.org\/{rel}","templated":true}]}}