{"id":68170,"date":"2022-06-28T08:51:24","date_gmt":"2022-06-28T07:51:24","guid":{"rendered":"https:\/\/paddleshifterz.com\/?post_type=product&#038;p=68170"},"modified":"2026-03-30T08:33:13","modified_gmt":"2026-03-30T07:33:13","slug":"oem-bmw-carbon-fiber-door-trims-51418089128-51418089127-x5-g05-f95","status":"publish","type":"product","link":"https:\/\/paddleshifterz.com\/de\/oem-bmw-carbon-fiber-door-trims-51418089128-51418089127-x5-g05-f95\/","title":{"rendered":"OEM BMW Carbon T\u00fcrverkleidungen - 51418089128-51418089127"},"content":{"rendered":"","protected":false},"excerpt":{"rendered":"<p>Original BMW Carbonfaser T\u00fcrverkleidungsteil f\u00fcr den G05 X5 und F95 X5M. Linke und rechte Seite separat oder als Satz zusammen erh\u00e4ltlich.<\/p>\n<p><strong>Teilenummern:<\/strong><br \/>\nLinks: 51 41 8 089 127<br \/>\nRechts: 51 41 8 089 128<\/p>","protected":false},"featured_media":68171,"template":"","meta":{"bwfblock_default_font":""},"product_brand":[],"product_cat":[593],"product_tag":[],"class_list":{"0":"post-68170","1":"product","2":"type-product","3":"status-publish","4":"has-post-thumbnail","6":"product_cat-interior","7":"product_shipping_class-shifterz","8":"pa_brand-bmw","9":"pa_product-type-oem-original-equipment-manufacturer","10":"pa_vehicles-bmw-f95-x5m","11":"pa_vehicles-bmw-g05-x5","13":"first","14":"onbackorder","15":"taxable","16":"shipping-taxable","17":"purchasable","18":"product-type-variable"},"bundled_by":[],"bundle_stock_status":"onbackorder","bundle_stock_quantity":0,"bundle_virtual":false,"bundle_layout":"","bundle_add_to_cart_form_location":"","bundle_editable_in_cart":false,"bundle_sold_individually_context":"","bundle_item_grouping":"","bundle_min_size":"","bundle_max_size":"","bundle_price":[],"bundled_items":[],"bundle_sell_ids":[],"_links":{"self":[{"href":"https:\/\/paddleshifterz.com\/de\/wp-json\/wp\/v2\/product\/68170","targetHints":{"allow":["GET"]}}],"collection":[{"href":"https:\/\/paddleshifterz.com\/de\/wp-json\/wp\/v2\/product"}],"about":[{"href":"https:\/\/paddleshifterz.com\/de\/wp-json\/wp\/v2\/types\/product"}],"wp:featuredmedia":[{"embeddable":true,"href":"https:\/\/paddleshifterz.com\/de\/wp-json\/wp\/v2\/media\/68171"}],"wp:attachment":[{"href":"https:\/\/paddleshifterz.com\/de\/wp-json\/wp\/v2\/media?parent=68170"}],"wp:term":[{"taxonomy":"product_brand","embeddable":true,"href":"https:\/\/paddleshifterz.com\/de\/wp-json\/wp\/v2\/product_brand?post=68170"},{"taxonomy":"product_cat","embeddable":true,"href":"https:\/\/paddleshifterz.com\/de\/wp-json\/wp\/v2\/product_cat?post=68170"},{"taxonomy":"product_tag","embeddable":true,"href":"https:\/\/paddleshifterz.com\/de\/wp-json\/wp\/v2\/product_tag?post=68170"}],"curies":[{"name":"wp","href":"https:\/\/api.w.org\/{rel}","templated":true}]}}