{"id":68232,"date":"2022-07-03T16:58:36","date_gmt":"2022-07-03T15:58:36","guid":{"rendered":"https:\/\/paddleshifterz.com\/?post_type=product&#038;p=68232"},"modified":"2025-11-03T07:21:51","modified_gmt":"2025-11-03T06:21:51","slug":"oem-bmw-m-performance-brake-kit-red-34-11-2-450-161","status":"publish","type":"product","link":"https:\/\/paddleshifterz.com\/de\/oem-bmw-m-performance-brake-kit-red-34-11-2-450-161\/","title":{"rendered":"OEM BMW M Performance Bremsensatz - 34112450161, 34108854026"},"content":{"rendered":"<p>Stressfrei auch bei hoher Belastung: Die M Performance 18\u2033-Bremsanlage mit Vier-Kolben-Aluminium-Festsattelbremsen vorn und Zwei-Kolben-Aluminium-Festsattelbremsen hinten sorgt f\u00fcr optimale Verz\u00f6gerung. Dank gr\u00f6\u00dferer bel\u00fcfteter Leichtbau-Sportbremsscheiben bietet die Bremsanlage eine verbesserte thermische Belastbarkeit. Gleichzeitig reduziert das geringe Gewicht die ungefederten Massen des Fahrzeugs - f\u00fcr mehr Agilit\u00e4t und ein besseres Ansprechverhalten des Fahrwerks.<\/p>\n<h2>Spezifikationen<\/h2>\n<ul>\n<li>Basierend auf den Eigenschaften Ihres Fahrzeugs <strong>Herstellungsdatum<\/strong>gibt es verschiedene Baus\u00e4tze:\n<ul>\n<li><strong>bis 09\/2022: Teilenummer:<\/strong> 34112450161<\/li>\n<li><strong>nach 09\/2022: Teilenummer:<\/strong> 34108854026<\/li>\n<\/ul>\n<\/li>\n<li><span style=\"color: #555555; font-size: 14.4px;\">Dieser m Performance Big Brake Kit erfordert mindestens 18 Zoll R\u00e4der<\/span><\/li>\n<\/ul>\n<h2>Passende Fahrzeuge<\/h2>\n<p>Dieser rote M Performance Bremsensatz kann in die folgenden Fahrzeuge eingebaut werden:<\/p>\n<ul>\n<li>BMW G20<\/li>\n<li>BMW G21<\/li>\n<li>BMW G22<\/li>\n<li>BMW G23<\/li>\n<li>BMW G26<\/li>\n<li>BMW G26 i4<\/li>\n<\/ul>\n<h2>Was ist inbegriffen?<\/h2>\n<p>Dieser Satz enth\u00e4lt die folgenden Bremskomponenten:<\/p>\n<ol>\n<li>Bremsscheiben vorne+hinten<\/li>\n<li>Bremss\u00e4ttel vorne+hinten<\/li>\n<li>Bremsbel\u00e4ge vorne+hinten<\/li>\n<li>Bremsbelagverschlei\u00dfsensor vorne+hinten<\/li>\n<li>Bremsstaubbleche vorne+hinten<\/li>\n<li>Einige andere Hardware f\u00fcr die Installation<\/li>\n<\/ol>","protected":false},"excerpt":{"rendered":"<p>OEM BMW M Performance roter Big-Brake-Kit f\u00fcr BMW Modelle. Erh\u00e4ltlich in zwei Versionen basierend auf dem Herstellungsdatum des Fahrzeugs. Wenn Sie Hilfe bei der Entscheidung, welche Sie ben\u00f6tigen, ben\u00f6tigen, <a href=\"https:\/\/paddleshifterz.com\/de\/contact\/\">Nehmen Sie Kontakt mit unserem Team auf.<\/a><\/p>\n<p>Part numbers: 34112450161, 34108854026<\/p>","protected":false},"featured_media":78908,"template":"","meta":{"bwfblock_default_font":""},"product_brand":[],"product_cat":[1119,1727],"product_tag":[],"class_list":{"0":"post-68232","1":"product","2":"type-product","3":"status-publish","4":"has-post-thumbnail","6":"product_cat-brake","7":"product_cat-performance","8":"product_shipping_class-shifterz","9":"pa_brand-bmw","10":"pa_brand-m-performance","11":"pa_product-type-oem-original-equipment-manufacturer","12":"pa_vehicles-bmw-g20","13":"pa_vehicles-bmw-g21","14":"pa_vehicles-bmw-g22","15":"pa_vehicles-bmw-g23","16":"pa_vehicles-bmw-g26-grancoupe","17":"pa_vehicles-bmw-i4-g26","19":"first","20":"onbackorder","21":"taxable","22":"shipping-taxable","23":"purchasable","24":"product-type-variable"},"bundled_by":[],"bundle_stock_status":"onbackorder","bundle_stock_quantity":null,"bundle_virtual":false,"bundle_layout":"","bundle_add_to_cart_form_location":"","bundle_editable_in_cart":false,"bundle_sold_individually_context":"","bundle_item_grouping":"","bundle_min_size":"","bundle_max_size":"","bundle_price":[],"bundled_items":[],"bundle_sell_ids":[],"_links":{"self":[{"href":"https:\/\/paddleshifterz.com\/de\/wp-json\/wp\/v2\/product\/68232","targetHints":{"allow":["GET"]}}],"collection":[{"href":"https:\/\/paddleshifterz.com\/de\/wp-json\/wp\/v2\/product"}],"about":[{"href":"https:\/\/paddleshifterz.com\/de\/wp-json\/wp\/v2\/types\/product"}],"wp:featuredmedia":[{"embeddable":true,"href":"https:\/\/paddleshifterz.com\/de\/wp-json\/wp\/v2\/media\/78908"}],"wp:attachment":[{"href":"https:\/\/paddleshifterz.com\/de\/wp-json\/wp\/v2\/media?parent=68232"}],"wp:term":[{"taxonomy":"product_brand","embeddable":true,"href":"https:\/\/paddleshifterz.com\/de\/wp-json\/wp\/v2\/product_brand?post=68232"},{"taxonomy":"product_cat","embeddable":true,"href":"https:\/\/paddleshifterz.com\/de\/wp-json\/wp\/v2\/product_cat?post=68232"},{"taxonomy":"product_tag","embeddable":true,"href":"https:\/\/paddleshifterz.com\/de\/wp-json\/wp\/v2\/product_tag?post=68232"}],"curies":[{"name":"wp","href":"https:\/\/api.w.org\/{rel}","templated":true}]}}