{"id":68280,"date":"2022-07-07T12:07:15","date_gmt":"2022-07-07T11:07:15","guid":{"rendered":"https:\/\/paddleshifterz.com\/?post_type=product&#038;p=68280"},"modified":"2025-12-01T07:07:36","modified_gmt":"2025-12-01T06:07:36","slug":"oem-bmw-gloss-carbon-fiber-interior-kit-g20-g21-g22-g23","status":"publish","type":"product","link":"https:\/\/paddleshifterz.com\/de\/oem-bmw-gloss-carbon-fiber-interior-kit-g20-g21-g22-g23\/","title":{"rendered":"OEM BMW Gl\u00e4nzende Carbon Innenverkleidung - G2X, G8X"},"content":{"rendered":"<h2>Teilenummern<\/h2>\n<ul>\n<li>Verkleidung des Armaturenbretts:\n<ul>\n<li><a href=\"https:\/\/paddleshifterz.com\/de\/oem-bmw-carbon-fiber-dashboard-trim-51458094579-51458094580\/\">51458094579 \/ 51458094580<\/a><\/li>\n<\/ul>\n<\/li>\n<li><span style=\"color: #555555; font-size: 14.4px;\">Abdeckung des Becherhalters:<\/span>\n<ul>\n<li><a style=\"font-size: 14.4px;\" href=\"https:\/\/paddleshifterz.com\/de\/original-bmw-carbon-fiber-cup-holder-cover-51168094583-51168094584\/?attribute_steering-wheel=Right+hand+drive\">51168094583\/51168094584<\/a><\/li>\n<\/ul>\n<\/li>\n<li><span style=\"color: #555555; font-size: 14.4px;\">Mittelkonsole:<\/span>\n<ul>\n<li><a style=\"font-size: 14.4px;\" href=\"https:\/\/paddleshifterz.com\/de\/original-bmw-carbon-fiber-center-console-51168094591-51168094592\/\">51168094591\/51168094592<\/a><\/li>\n<\/ul>\n<\/li>\n<li><span style=\"color: #555555; font-size: 14.4px;\">Schwarz gl\u00e4nzende Mittelverkleidung:<\/span>\n<ul>\n<li><a style=\"font-size: 14.4px;\" href=\"https:\/\/paddleshifterz.com\/de\/original-bmw-gloss-black-centre-stack-trim-51165a0ef81-51165a0ef98\/\">51165A0EF81\/51165A0EF98<\/a><\/li>\n<\/ul>\n<\/li>\n<\/ul>\n<h2>Passende Fahrzeuge<\/h2>\n<p>Passend f\u00fcr alle BMW 2er, 3er und 4er Modelle (vor iDrive 8).<\/p>\n<ul>\n<li>BMW G20<\/li>\n<li>BMW G21<\/li>\n<li>BMW G22<\/li>\n<li>BMW G23<\/li>\n<li>BMW G26<\/li>\n<li>BMW G80 M3<\/li>\n<li>BMW G82 M4<\/li>\n<li>BMW G83 M4<\/li>\n<\/ul>\n<p><em>Haftungsausschluss: Teilenummern k\u00f6nnen je nach Fahrzeug und Fahrzeugspezifikation abweichen, bitte <strong>immer <\/strong>geben Sie Ihre VIN-Nummer an.<\/em><\/p>\n<p>Nach dem Austausch der Armaturenbrettverkleidung kann eine Codierung erforderlich sein. Alternativ k\u00f6nnen Sie das LED-Modul aus Ihrem alten Armaturenbrett austauschen und auf das neue \u00fcbertragen.<\/p>","protected":false},"excerpt":{"rendered":"<p>Ein kompletter Satz Kohlefaser-Interieur-Kit f\u00fcr den G20\/G21 (vor LCI), G22, G23, G26 und G80, G82, G83 (Competition Modelle = Automatik). Das Paket beinhaltet die gl\u00e4nzenden Kohlefaser-Mittelkonsolen (2 St\u00fcck) und die gl\u00e4nzende Kohlefaser-Armaturenbrettverkleidung. <strong>(f\u00fcr Fahrzeuge ohne iDrive 8)<\/strong><\/p>","protected":false},"featured_media":69384,"template":"","meta":{"bwfblock_default_font":""},"product_brand":[],"product_cat":[593],"product_tag":[],"class_list":{"0":"post-68280","1":"product","2":"type-product","3":"status-publish","4":"has-post-thumbnail","6":"product_cat-interior","7":"product_shipping_class-shifterz","8":"pa_brand-bmw","9":"pa_product-type-oem-original-equipment-manufacturer","10":"pa_vehicles-bmw-g20","11":"pa_vehicles-bmw-g21","12":"pa_vehicles-bmw-g22","13":"pa_vehicles-bmw-g23","14":"pa_vehicles-bmw-g26-grancoupe","15":"pa_vehicles-bmw-g80-m3","16":"pa_vehicles-bmw-g82-m4-csl","17":"pa_vehicles-bmw-g82-m4","19":"first","20":"instock","21":"virtual","22":"taxable","23":"purchasable","24":"product-type-bundle"},"bundled_by":[],"bundle_stock_status":"instock","bundle_stock_quantity":"","bundle_virtual":false,"bundle_layout":"default","bundle_add_to_cart_form_location":"default","bundle_editable_in_cart":true,"bundle_sold_individually_context":"product","bundle_item_grouping":"parent","bundle_min_size":"","bundle_max_size":"","bundle_price":{"price":{"min":{"incl_tax":"1416","excl_tax":"1189.91"},"max":{"incl_tax":"1416","excl_tax":"1189.91"}},"regular_price":{"min":{"incl_tax":"1416","excl_tax":"1189.91"},"max":{"incl_tax":"1416","excl_tax":"1189.91"}}},"bundled_items":[{"bundled_item_id":149,"product_id":67892,"menu_order":0,"quantity_min":1,"quantity_max":1,"quantity_default":1,"priced_individually":true,"shipped_individually":false,"override_title":false,"title":"OEM BMW Carbon Armaturenbrett - 51458094579, 51458094580","override_description":true,"description":"","optional":false,"hide_thumbnail":true,"discount":"","override_variations":false,"allowed_variations":[],"override_default_variation_attributes":false,"default_variation_attributes":[],"single_product_visibility":"visible","cart_visibility":"visible","order_visibility":"visible","single_product_price_visibility":"visible","cart_price_visibility":"visible","order_price_visibility":"visible","stock_status":"on_backorder"},{"bundled_item_id":150,"product_id":71837,"menu_order":1,"quantity_min":1,"quantity_max":1,"quantity_default":1,"priced_individually":true,"shipped_individually":false,"override_title":false,"title":"OEM BMW Carbon Becherhalterabdeckung - Automatik","override_description":true,"description":"","optional":false,"hide_thumbnail":true,"discount":"","override_variations":false,"allowed_variations":[],"override_default_variation_attributes":false,"default_variation_attributes":[],"single_product_visibility":"visible","cart_visibility":"visible","order_visibility":"visible","single_product_price_visibility":"visible","cart_price_visibility":"visible","order_price_visibility":"visible","stock_status":"on_backorder"},{"bundled_item_id":151,"product_id":71841,"menu_order":2,"quantity_min":1,"quantity_max":1,"quantity_default":1,"priced_individually":true,"shipped_individually":false,"override_title":false,"title":"OEM BMW Carbon Mittelkonsole - 51168094591-51168094592","override_description":true,"description":"","optional":false,"hide_thumbnail":true,"discount":"","override_variations":false,"allowed_variations":[],"override_default_variation_attributes":false,"default_variation_attributes":[],"single_product_visibility":"visible","cart_visibility":"visible","order_visibility":"visible","single_product_price_visibility":"visible","cart_price_visibility":"visible","order_price_visibility":"visible","stock_status":"on_backorder"},{"bundled_item_id":152,"product_id":71845,"menu_order":3,"quantity_min":1,"quantity_max":1,"quantity_default":1,"priced_individually":true,"shipped_individually":false,"override_title":false,"title":"OEM BMW Schwarz Mittelkonsole - 51165A0EF81-51165A0EF98","override_description":true,"description":"","optional":false,"hide_thumbnail":true,"discount":"","override_variations":false,"allowed_variations":[],"override_default_variation_attributes":false,"default_variation_attributes":[],"single_product_visibility":"visible","cart_visibility":"visible","order_visibility":"visible","single_product_price_visibility":"visible","cart_price_visibility":"visible","order_price_visibility":"visible","stock_status":"on_backorder"}],"bundle_sell_ids":[],"_links":{"self":[{"href":"https:\/\/paddleshifterz.com\/de\/wp-json\/wp\/v2\/product\/68280","targetHints":{"allow":["GET"]}}],"collection":[{"href":"https:\/\/paddleshifterz.com\/de\/wp-json\/wp\/v2\/product"}],"about":[{"href":"https:\/\/paddleshifterz.com\/de\/wp-json\/wp\/v2\/types\/product"}],"wp:featuredmedia":[{"embeddable":true,"href":"https:\/\/paddleshifterz.com\/de\/wp-json\/wp\/v2\/media\/69384"}],"wp:attachment":[{"href":"https:\/\/paddleshifterz.com\/de\/wp-json\/wp\/v2\/media?parent=68280"}],"wp:term":[{"taxonomy":"product_brand","embeddable":true,"href":"https:\/\/paddleshifterz.com\/de\/wp-json\/wp\/v2\/product_brand?post=68280"},{"taxonomy":"product_cat","embeddable":true,"href":"https:\/\/paddleshifterz.com\/de\/wp-json\/wp\/v2\/product_cat?post=68280"},{"taxonomy":"product_tag","embeddable":true,"href":"https:\/\/paddleshifterz.com\/de\/wp-json\/wp\/v2\/product_tag?post=68280"}],"curies":[{"name":"wp","href":"https:\/\/api.w.org\/{rel}","templated":true}]}}