{"id":68295,"date":"2022-07-08T08:27:56","date_gmt":"2022-07-08T07:27:56","guid":{"rendered":"https:\/\/paddleshifterz.com\/?post_type=product&#038;p=68295"},"modified":"2026-04-02T22:24:35","modified_gmt":"2026-04-02T21:24:35","slug":"mini-retrofit-facelift-lights-63135a26bf0","status":"publish","type":"product","link":"https:\/\/paddleshifterz.com\/de\/mini-retrofit-facelift-lights-63135a26bf0\/","title":{"rendered":"OEM MINI F60 R\u00fcckleuchten - 63135A26BF0"},"content":{"rendered":"<p>Die neue Version der Facelift-R\u00fcckleuchten auf Basis der neuen MINI Union Jack R\u00fcckleuchten und das neue Erscheinungsbild erm\u00f6glichen eine klare Unterscheidung von Fahrzeugen vor dem LCI (Facelift).<\/p>\n<ul>\n<li>v\u00f6llig neues Erscheinungsbild<\/li>\n<li>alle Lichtfunktionen in LED<\/li>\n<li>modernes und sportliches Aussehen<\/li>\n<li>moderne LED-Technik: keine Gl\u00fchbirne im R\u00fccklicht<\/li>\n<li>M\u00f6glichkeit der Nachr\u00fcstung in Original-Serienqualit\u00e4t<\/li>\n<li>SKU: 63135A26BF0<\/li>\n<\/ul>\n<h2>Unboxing<\/h2>\n<p>Schauen Sie sich das Unboxing-Video unten an, um zu sehen, was sich in der Schachtel befindet, und um sich das Produkt vor dem Kauf genauer anzusehen.<\/p>\n<p><iframe loading=\"lazy\" title=\"YouTube-Video-Player\" src=\"https:\/\/www.youtube.com\/embed\/N3tWdTFRn6M\" width=\"560\" height=\"315\" frameborder=\"0\" allowfullscreen=\"allowfullscreen\"><span data-mce-type=\"bookmark\" style=\"display: inline-block; width: 0px; overflow: hidden; line-height: 0;\" class=\"mce_SELRES_start\"><\/span><\/iframe><\/p>\n<h2><strong>Videos f\u00fcr die Installation <\/strong><\/h2>\n<p>Einer unserer Kunden hat ein Video \u00fcber Installation und Codierung gedreht<\/p>\n<h2>Einrichtung<\/h2>\n<p><iframe loading=\"lazy\" title=\"YouTube-Video-Player\" src=\"https:\/\/www.youtube.com\/embed\/TZCQF3-9XFw\" width=\"560\" height=\"315\" frameborder=\"0\" allowfullscreen=\"allowfullscreen\"><span data-mce-type=\"bookmark\" style=\"display: inline-block; width: 0px; overflow: hidden; line-height: 0;\" class=\"mce_SELRES_start\"><\/span><\/iframe><\/p>\n<h2>Codierung<\/h2>\n<p><iframe loading=\"lazy\" title=\"YouTube-Video-Player\" src=\"https:\/\/www.youtube.com\/embed\/4SlbjsUukwc\" width=\"560\" height=\"315\" frameborder=\"0\" allowfullscreen=\"allowfullscreen\"><span data-mce-type=\"bookmark\" style=\"display: inline-block; width: 0px; overflow: hidden; line-height: 0;\" class=\"mce_SELRES_start\"><\/span><\/iframe><\/p>","protected":false},"excerpt":{"rendered":"<p>Dieses Kit bietet Ihnen die M\u00f6glichkeit, Ihr Fahrzeug mit einem Produktionsdatum bis 07\/2020 aufzuwerten. Die R\u00fcckleuchten im Union Jack Design k\u00f6nnen auf den neuen Facelift-Look umger\u00fcstet werden. Je nach Fahrzeug k\u00f6nnen zus\u00e4tzliche Teile f\u00fcr die Umr\u00fcstung notwendig sein.<\/p>\n<p>SKU: 63135A26BF0<\/p>","protected":false},"featured_media":70548,"template":"","meta":{"bwfblock_default_font":""},"product_brand":[],"product_cat":[1113,1094],"product_tag":[],"class_list":{"0":"post-68295","1":"product","2":"type-product","3":"status-publish","4":"has-post-thumbnail","6":"product_cat-exterior","7":"product_cat-headlights-taillights","8":"product_shipping_class-shifterz","9":"pa_brand-mini","10":"pa_product-type-oem-original-equipment-manufacturer","11":"pa_vehicles-mini-f60-countryman","13":"first","14":"onbackorder","15":"taxable","16":"shipping-taxable","17":"purchasable","18":"product-type-simple"},"bundled_by":[],"bundle_stock_status":"onbackorder","bundle_stock_quantity":-18,"bundle_virtual":false,"bundle_layout":"","bundle_add_to_cart_form_location":"","bundle_editable_in_cart":false,"bundle_sold_individually_context":"","bundle_item_grouping":"","bundle_min_size":"","bundle_max_size":"","bundle_price":[],"bundled_items":[],"bundle_sell_ids":[],"_links":{"self":[{"href":"https:\/\/paddleshifterz.com\/de\/wp-json\/wp\/v2\/product\/68295","targetHints":{"allow":["GET"]}}],"collection":[{"href":"https:\/\/paddleshifterz.com\/de\/wp-json\/wp\/v2\/product"}],"about":[{"href":"https:\/\/paddleshifterz.com\/de\/wp-json\/wp\/v2\/types\/product"}],"wp:featuredmedia":[{"embeddable":true,"href":"https:\/\/paddleshifterz.com\/de\/wp-json\/wp\/v2\/media\/70548"}],"wp:attachment":[{"href":"https:\/\/paddleshifterz.com\/de\/wp-json\/wp\/v2\/media?parent=68295"}],"wp:term":[{"taxonomy":"product_brand","embeddable":true,"href":"https:\/\/paddleshifterz.com\/de\/wp-json\/wp\/v2\/product_brand?post=68295"},{"taxonomy":"product_cat","embeddable":true,"href":"https:\/\/paddleshifterz.com\/de\/wp-json\/wp\/v2\/product_cat?post=68295"},{"taxonomy":"product_tag","embeddable":true,"href":"https:\/\/paddleshifterz.com\/de\/wp-json\/wp\/v2\/product_tag?post=68295"}],"curies":[{"name":"wp","href":"https:\/\/api.w.org\/{rel}","templated":true}]}}