{"id":68814,"date":"2022-07-22T06:32:55","date_gmt":"2022-07-22T05:32:55","guid":{"rendered":"https:\/\/paddleshifterz.com\/?post_type=product&#038;p=68814"},"modified":"2025-11-03T07:22:00","modified_gmt":"2025-11-03T06:22:00","slug":"oem-bmw-m50i-trunk-emblem-gloss-black-51-14-2-472-842","status":"publish","type":"product","link":"https:\/\/paddleshifterz.com\/de\/oem-bmw-m50i-trunk-emblem-gloss-black-51-14-2-472-842\/","title":{"rendered":"OEM BMW M50i Emblem schwarz gl\u00e4nzend - 51142472842"},"content":{"rendered":"","protected":false},"excerpt":{"rendered":"<p>Original BMW OEM Gl\u00e4nzend Schwarz M50i Kofferraum Emblem f\u00fcr X6 G06.<\/p>\n<p><strong>Teilenummer:<\/strong><\/p>\n<ul>\n<li>51142472842<\/li>\n<\/ul>","protected":false},"featured_media":68815,"template":"","meta":{"bwfblock_default_font":""},"product_brand":[],"product_cat":[1113,1084],"product_tag":[],"class_list":{"0":"post-68814","1":"product","2":"type-product","3":"status-publish","4":"has-post-thumbnail","6":"product_cat-exterior","7":"product_cat-trunk-badges","8":"product_shipping_class-shifterz","9":"pa_brand-bmw","10":"pa_product-type-oem-original-equipment-manufacturer","11":"pa_vehicles-bmw-x6-g06","13":"first","14":"onbackorder","15":"taxable","16":"shipping-taxable","17":"purchasable","18":"product-type-simple"},"bundled_by":[],"bundle_stock_status":"onbackorder","bundle_stock_quantity":-4,"bundle_virtual":false,"bundle_layout":"","bundle_add_to_cart_form_location":"","bundle_editable_in_cart":false,"bundle_sold_individually_context":"","bundle_item_grouping":"","bundle_min_size":"","bundle_max_size":"","bundle_price":[],"bundled_items":[],"bundle_sell_ids":[],"_links":{"self":[{"href":"https:\/\/paddleshifterz.com\/de\/wp-json\/wp\/v2\/product\/68814","targetHints":{"allow":["GET"]}}],"collection":[{"href":"https:\/\/paddleshifterz.com\/de\/wp-json\/wp\/v2\/product"}],"about":[{"href":"https:\/\/paddleshifterz.com\/de\/wp-json\/wp\/v2\/types\/product"}],"wp:featuredmedia":[{"embeddable":true,"href":"https:\/\/paddleshifterz.com\/de\/wp-json\/wp\/v2\/media\/68815"}],"wp:attachment":[{"href":"https:\/\/paddleshifterz.com\/de\/wp-json\/wp\/v2\/media?parent=68814"}],"wp:term":[{"taxonomy":"product_brand","embeddable":true,"href":"https:\/\/paddleshifterz.com\/de\/wp-json\/wp\/v2\/product_brand?post=68814"},{"taxonomy":"product_cat","embeddable":true,"href":"https:\/\/paddleshifterz.com\/de\/wp-json\/wp\/v2\/product_cat?post=68814"},{"taxonomy":"product_tag","embeddable":true,"href":"https:\/\/paddleshifterz.com\/de\/wp-json\/wp\/v2\/product_tag?post=68814"}],"curies":[{"name":"wp","href":"https:\/\/api.w.org\/{rel}","templated":true}]}}