{"id":68828,"date":"2022-07-22T19:30:36","date_gmt":"2022-07-22T18:30:36","guid":{"rendered":"https:\/\/paddleshifterz.com\/?post_type=product&#038;p=68828"},"modified":"2026-01-01T12:48:35","modified_gmt":"2026-01-01T11:48:35","slug":"oem-bmw-4-series-fx-shadow-line-lci-rear-side-panel-left-light-63219491575","status":"publish","type":"product","link":"https:\/\/paddleshifterz.com\/de\/oem-bmw-4-series-fx-shadow-line-lci-rear-side-panel-left-light-63219491575\/","title":{"rendered":"OEM BMW Shadowline LCI rear side left light &#8211; 63219491575"},"content":{"rendered":"","protected":false},"excerpt":{"rendered":"<p>Original OEM BMW FX 4er Shadow Line LCI Kofferraum-Seitenverkleidung links Licht - 63219491575<\/p>\n<p>Dieses Produkt enth\u00e4lt nur die R\u00fcckleuchte f\u00fcr die linke Seitenwand, <a href=\"https:\/\/paddleshifterz.com\/de\/oem-bmw-f32-f82-shadow-line-lci-rear-lights-set\/\">f\u00fcr das komplette R\u00fcckleuchten-Kit w\u00e4hlen Sie dieses Produkt hier<\/a>.<\/p>","protected":false},"featured_media":77459,"template":"","meta":{"bwfblock_default_font":""},"product_brand":[],"product_cat":[1113,1094],"product_tag":[],"class_list":{"0":"post-68828","1":"product","2":"type-product","3":"status-publish","4":"has-post-thumbnail","6":"product_cat-exterior","7":"product_cat-headlights-taillights","8":"product_shipping_class-shifterz","9":"pa_brand-bmw","10":"pa_product-type-oem-original-equipment-manufacturer","11":"pa_vehicles-bmw-f32","12":"pa_vehicles-bmw-f33","13":"pa_vehicles-bmw-f36","14":"pa_vehicles-bmw-f82-m4","15":"pa_vehicles-4-series-f83-m4","17":"first","18":"onbackorder","19":"taxable","20":"shipping-taxable","21":"purchasable","22":"product-type-simple"},"bundled_by":["68848","68858"],"bundle_stock_status":"onbackorder","bundle_stock_quantity":-2,"bundle_virtual":false,"bundle_layout":"","bundle_add_to_cart_form_location":"","bundle_editable_in_cart":false,"bundle_sold_individually_context":"","bundle_item_grouping":"","bundle_min_size":"","bundle_max_size":"","bundle_price":[],"bundled_items":[],"bundle_sell_ids":[],"_links":{"self":[{"href":"https:\/\/paddleshifterz.com\/de\/wp-json\/wp\/v2\/product\/68828","targetHints":{"allow":["GET"]}}],"collection":[{"href":"https:\/\/paddleshifterz.com\/de\/wp-json\/wp\/v2\/product"}],"about":[{"href":"https:\/\/paddleshifterz.com\/de\/wp-json\/wp\/v2\/types\/product"}],"wp:featuredmedia":[{"embeddable":true,"href":"https:\/\/paddleshifterz.com\/de\/wp-json\/wp\/v2\/media\/77459"}],"wp:attachment":[{"href":"https:\/\/paddleshifterz.com\/de\/wp-json\/wp\/v2\/media?parent=68828"}],"wp:term":[{"taxonomy":"product_brand","embeddable":true,"href":"https:\/\/paddleshifterz.com\/de\/wp-json\/wp\/v2\/product_brand?post=68828"},{"taxonomy":"product_cat","embeddable":true,"href":"https:\/\/paddleshifterz.com\/de\/wp-json\/wp\/v2\/product_cat?post=68828"},{"taxonomy":"product_tag","embeddable":true,"href":"https:\/\/paddleshifterz.com\/de\/wp-json\/wp\/v2\/product_tag?post=68828"}],"curies":[{"name":"wp","href":"https:\/\/api.w.org\/{rel}","templated":true}]}}