{"id":68865,"date":"2022-07-23T17:12:14","date_gmt":"2022-07-23T16:12:14","guid":{"rendered":"https:\/\/paddleshifterz.com\/?post_type=product&#038;p=68865"},"modified":"2025-12-01T07:07:36","modified_gmt":"2025-12-01T06:07:36","slug":"oem-bmw-gloss-carbon-fiber-interior-trim-kit-g80-g82-non-competition-manual","status":"publish","type":"product","link":"https:\/\/paddleshifterz.com\/de\/oem-bmw-gloss-carbon-fiber-interior-trim-kit-g80-g82-non-competition-manual\/","title":{"rendered":"OEM BMW Gloss carbon interior trim kit \u2013 G80-G82 Manual"},"content":{"rendered":"<p>Der Satz enth\u00e4lt alle Produkte, die Sie f\u00fcr den Austausch der Innenverkleidung ben\u00f6tigen:<\/p>\n<ol>\n<li>Verkleidung der Mittelkonsole<\/li>\n<li>Verkleidung Becherhalter<\/li>\n<li>Verkleidung der Mittelkonsole<\/li>\n<li>Armaturenbrettverkleidung<\/li>\n<\/ol>\n<p>Haftungsausschluss: Die Teilenummern k\u00f6nnen je nach Fahrzeug und Spezifikation abweichen, bitte <strong>immer<\/strong> Geben Sie Ihre VIN-Nummer an, damit wir das richtige Teil f\u00fcr Ihr Fahrzeug finden.<\/p>","protected":false},"excerpt":{"rendered":"<p>Original BMW Carbon Innenverkleidung f\u00fcr G80 M3, G82 M4\u00a0<strong>manuell, kein Competition<\/strong> Version.<\/p>","protected":false},"featured_media":101709,"template":"","meta":{"bwfblock_default_font":""},"product_brand":[],"product_cat":[593],"product_tag":[],"class_list":{"0":"post-68865","1":"product","2":"type-product","3":"status-publish","4":"has-post-thumbnail","6":"product_cat-interior","7":"product_shipping_class-shifterz","8":"pa_brand-bmw","9":"pa_product-type-oem-original-equipment-manufacturer","10":"pa_vehicles-bmw-g80-m3","11":"pa_vehicles-bmw-g82-m4","13":"first","14":"onbackorder","15":"taxable","16":"shipping-taxable","17":"purchasable","18":"product-type-bundle"},"bundled_by":[],"bundle_stock_status":"instock","bundle_stock_quantity":"","bundle_virtual":false,"bundle_layout":"default","bundle_add_to_cart_form_location":"default","bundle_editable_in_cart":true,"bundle_sold_individually_context":"product","bundle_item_grouping":"parent","bundle_min_size":"","bundle_max_size":"","bundle_price":{"price":{"min":{"incl_tax":"1347","excl_tax":"1131.93"},"max":{"incl_tax":"1396","excl_tax":"1173.11"}},"regular_price":{"min":{"incl_tax":"1347","excl_tax":"1131.93"},"max":{"incl_tax":"1396","excl_tax":"1173.11"}}},"bundled_items":[{"bundled_item_id":161,"product_id":67892,"menu_order":0,"quantity_min":1,"quantity_max":1,"quantity_default":1,"priced_individually":true,"shipped_individually":false,"override_title":false,"title":"OEM BMW Carbon Armaturenbrett - 51458094579, 51458094580","override_description":true,"description":"","optional":false,"hide_thumbnail":false,"discount":"","override_variations":false,"allowed_variations":[],"override_default_variation_attributes":false,"default_variation_attributes":[],"single_product_visibility":"visible","cart_visibility":"visible","order_visibility":"visible","single_product_price_visibility":"visible","cart_price_visibility":"visible","order_price_visibility":"visible","stock_status":"on_backorder"},{"bundled_item_id":162,"product_id":77318,"menu_order":1,"quantity_min":1,"quantity_max":1,"quantity_default":1,"priced_individually":true,"shipped_individually":false,"override_title":false,"title":"OEM BMW Carbon Mittelkonsole, manuell","override_description":true,"description":"","optional":false,"hide_thumbnail":false,"discount":"","override_variations":false,"allowed_variations":[],"override_default_variation_attributes":false,"default_variation_attributes":[],"single_product_visibility":"visible","cart_visibility":"visible","order_visibility":"visible","single_product_price_visibility":"visible","cart_price_visibility":"visible","order_price_visibility":"visible","stock_status":"on_backorder"},{"bundled_item_id":163,"product_id":77315,"menu_order":2,"quantity_min":1,"quantity_max":1,"quantity_default":1,"priced_individually":true,"shipped_individually":false,"override_title":false,"title":"OEM BMW Carbon Becherhalter Abdeckung Schaltgetriebe","override_description":true,"description":"","optional":false,"hide_thumbnail":false,"discount":"","override_variations":false,"allowed_variations":[],"override_default_variation_attributes":false,"default_variation_attributes":[],"single_product_visibility":"visible","cart_visibility":"visible","order_visibility":"visible","single_product_price_visibility":"visible","cart_price_visibility":"visible","order_price_visibility":"visible","stock_status":"on_backorder"},{"bundled_item_id":164,"product_id":77361,"menu_order":3,"quantity_min":1,"quantity_max":1,"quantity_default":1,"priced_individually":true,"shipped_individually":false,"override_title":false,"title":"OEM BMW gl\u00e4nzend schwarz Mittelkonsole trimmen Schaltgetriebe","override_description":true,"description":"","optional":true,"hide_thumbnail":false,"discount":"","override_variations":false,"allowed_variations":[],"override_default_variation_attributes":false,"default_variation_attributes":[],"single_product_visibility":"visible","cart_visibility":"visible","order_visibility":"visible","single_product_price_visibility":"visible","cart_price_visibility":"visible","order_price_visibility":"visible","stock_status":"on_backorder"}],"bundle_sell_ids":[],"_links":{"self":[{"href":"https:\/\/paddleshifterz.com\/de\/wp-json\/wp\/v2\/product\/68865","targetHints":{"allow":["GET"]}}],"collection":[{"href":"https:\/\/paddleshifterz.com\/de\/wp-json\/wp\/v2\/product"}],"about":[{"href":"https:\/\/paddleshifterz.com\/de\/wp-json\/wp\/v2\/types\/product"}],"wp:featuredmedia":[{"embeddable":true,"href":"https:\/\/paddleshifterz.com\/de\/wp-json\/wp\/v2\/media\/101709"}],"wp:attachment":[{"href":"https:\/\/paddleshifterz.com\/de\/wp-json\/wp\/v2\/media?parent=68865"}],"wp:term":[{"taxonomy":"product_brand","embeddable":true,"href":"https:\/\/paddleshifterz.com\/de\/wp-json\/wp\/v2\/product_brand?post=68865"},{"taxonomy":"product_cat","embeddable":true,"href":"https:\/\/paddleshifterz.com\/de\/wp-json\/wp\/v2\/product_cat?post=68865"},{"taxonomy":"product_tag","embeddable":true,"href":"https:\/\/paddleshifterz.com\/de\/wp-json\/wp\/v2\/product_tag?post=68865"}],"curies":[{"name":"wp","href":"https:\/\/api.w.org\/{rel}","templated":true}]}}