{"id":68874,"date":"2022-07-23T18:14:04","date_gmt":"2022-07-23T17:14:04","guid":{"rendered":"https:\/\/paddleshifterz.com\/?post_type=product&#038;p=68874"},"modified":"2026-01-01T12:38:21","modified_gmt":"2026-01-01T11:38:21","slug":"oem-bmw-f30-f80-m3-shadow-line-lci-rear-trunk-lid-right-light-63217456522","status":"publish","type":"product","link":"https:\/\/paddleshifterz.com\/de\/oem-bmw-f30-f80-m3-shadow-line-lci-rear-trunk-lid-right-light-63217456522\/","title":{"rendered":"OEM BMW Rear Trunk Lid Right Light \u2013 63217456522"},"content":{"rendered":"","protected":false},"excerpt":{"rendered":"<p>Original OEM BMW F30, F80 M3 Shadow Line LCI Kofferraumdeckel rechts Licht - <span data-sheets-value=\"{&quot;1&quot;:3,&quot;3&quot;:63217456522}\" data-sheets-userformat=\"{&quot;2&quot;:10819,&quot;3&quot;:{&quot;1&quot;:0},&quot;4&quot;:{&quot;1&quot;:2,&quot;2&quot;:16777215},&quot;9&quot;:0,&quot;12&quot;:0,&quot;14&quot;:{&quot;1&quot;:3,&quot;3&quot;:1},&quot;16&quot;:10}\">63217456522<\/span><\/p>\n<p>Dieses Produkt enth\u00e4lt nur die R\u00fcckleuchte f\u00fcr den rechten Kofferraumdeckel, <a href=\"https:\/\/paddleshifterz.com\/de\/oem-bmw-f30-f80-shadow-line-lci-rear-lights-set\/\">F\u00fcr das komplette Set klicken Sie hier.<\/a><\/p>","protected":false},"featured_media":80774,"template":"","meta":{"bwfblock_default_font":""},"product_brand":[],"product_cat":[1113,1094],"product_tag":[],"class_list":{"0":"post-68874","1":"product","2":"type-product","3":"status-publish","4":"has-post-thumbnail","6":"product_cat-exterior","7":"product_cat-headlights-taillights","8":"product_shipping_class-shifterz","9":"pa_brand-bmw","10":"pa_product-type-oem-original-equipment-manufacturer","11":"pa_vehicles-bmw-f30","12":"pa_vehicles-bmw-f80-m3","14":"first","15":"onbackorder","16":"taxable","17":"shipping-taxable","18":"purchasable","19":"product-type-simple"},"bundled_by":["68891"],"bundle_stock_status":"onbackorder","bundle_stock_quantity":-1,"bundle_virtual":false,"bundle_layout":"","bundle_add_to_cart_form_location":"","bundle_editable_in_cart":false,"bundle_sold_individually_context":"","bundle_item_grouping":"","bundle_min_size":"","bundle_max_size":"","bundle_price":[],"bundled_items":[],"bundle_sell_ids":[],"_links":{"self":[{"href":"https:\/\/paddleshifterz.com\/de\/wp-json\/wp\/v2\/product\/68874","targetHints":{"allow":["GET"]}}],"collection":[{"href":"https:\/\/paddleshifterz.com\/de\/wp-json\/wp\/v2\/product"}],"about":[{"href":"https:\/\/paddleshifterz.com\/de\/wp-json\/wp\/v2\/types\/product"}],"wp:featuredmedia":[{"embeddable":true,"href":"https:\/\/paddleshifterz.com\/de\/wp-json\/wp\/v2\/media\/80774"}],"wp:attachment":[{"href":"https:\/\/paddleshifterz.com\/de\/wp-json\/wp\/v2\/media?parent=68874"}],"wp:term":[{"taxonomy":"product_brand","embeddable":true,"href":"https:\/\/paddleshifterz.com\/de\/wp-json\/wp\/v2\/product_brand?post=68874"},{"taxonomy":"product_cat","embeddable":true,"href":"https:\/\/paddleshifterz.com\/de\/wp-json\/wp\/v2\/product_cat?post=68874"},{"taxonomy":"product_tag","embeddable":true,"href":"https:\/\/paddleshifterz.com\/de\/wp-json\/wp\/v2\/product_tag?post=68874"}],"curies":[{"name":"wp","href":"https:\/\/api.w.org\/{rel}","templated":true}]}}