{"id":68891,"date":"2022-07-23T18:30:38","date_gmt":"2022-07-23T17:30:38","guid":{"rendered":"https:\/\/paddleshifterz.com\/?post_type=product&#038;p=68891"},"modified":"2025-12-01T07:07:36","modified_gmt":"2025-12-01T06:07:36","slug":"oem-bmw-f30-f80-shadow-line-lci-rear-lights-set","status":"publish","type":"product","link":"https:\/\/paddleshifterz.com\/de\/oem-bmw-f30-f80-shadow-line-lci-rear-lights-set\/","title":{"rendered":"OEM BMW F30, F80 Shadow Line LCI R\u00fcckleuchten Set - EU spec"},"content":{"rendered":"","protected":false},"excerpt":{"rendered":"<p>OEM BMW Shadow\/Black Line LCI R\u00fcckleuchten f\u00fcr BMW 3er F30, F80 (nachr\u00fcstbar f\u00fcr Vor-LCI Modelle)<\/p>\n<ul>\n<li>Der Preis beinhaltet ein brandneues Paar original Blackline-R\u00fcckleuchten<\/li>\n<li>Es ist ein echtes BMW Produkt<\/li>\n<li>Installation erfordert Kodierung<\/li>\n<li>F\u00fcr europ\u00e4ische Modelle<\/li>\n<\/ul>\n<p><strong>Teilenummern:<\/strong><\/p>\n<p>63217456519<br \/>\n63217456520<br \/>\n63217456521<br \/>\n63217456522<\/p>\n<p>&nbsp;<\/p>","protected":false},"featured_media":80784,"template":"","meta":{"bwfblock_default_font":""},"product_brand":[],"product_cat":[1113,1094],"product_tag":[],"class_list":{"0":"post-68891","1":"product","2":"type-product","3":"status-publish","4":"has-post-thumbnail","6":"product_cat-exterior","7":"product_cat-headlights-taillights","8":"product_shipping_class-shifterz","9":"pa_brand-bmw","10":"pa_product-type-oem-original-equipment-manufacturer","11":"pa_vehicles-bmw-f30","12":"pa_vehicles-bmw-f80-m3","14":"first","15":"onbackorder","16":"taxable","17":"shipping-taxable","18":"purchasable","19":"product-type-bundle"},"bundled_by":[],"bundle_stock_status":"instock","bundle_stock_quantity":"","bundle_virtual":false,"bundle_layout":"default","bundle_add_to_cart_form_location":"default","bundle_editable_in_cart":true,"bundle_sold_individually_context":"product","bundle_item_grouping":"parent","bundle_min_size":"","bundle_max_size":"","bundle_price":{"price":{"min":{"incl_tax":"1176","excl_tax":"988.22"},"max":{"incl_tax":"1176","excl_tax":"988.22"}},"regular_price":{"min":{"incl_tax":"1176","excl_tax":"988.22"},"max":{"incl_tax":"1176","excl_tax":"988.22"}}},"bundled_items":[{"bundled_item_id":133,"product_id":68884,"menu_order":0,"quantity_min":1,"quantity_max":1,"quantity_default":1,"priced_individually":true,"shipped_individually":false,"override_title":false,"title":"OEM BMW F30 F80 M3 LCI Left Trunk Tail Light | 63217456519","override_description":true,"description":"","optional":false,"hide_thumbnail":true,"discount":"","override_variations":false,"allowed_variations":[],"override_default_variation_attributes":false,"default_variation_attributes":[],"single_product_visibility":"visible","cart_visibility":"visible","order_visibility":"visible","single_product_price_visibility":"visible","cart_price_visibility":"visible","order_price_visibility":"visible","stock_status":"on_backorder"},{"bundled_item_id":134,"product_id":68888,"menu_order":1,"quantity_min":1,"quantity_max":1,"quantity_default":1,"priced_individually":true,"shipped_individually":false,"override_title":false,"title":"OEM BMW F30 F80 M3 LCI Right Trunk Tail Light | 63217456520","override_description":true,"description":"","optional":false,"hide_thumbnail":true,"discount":"","override_variations":false,"allowed_variations":[],"override_default_variation_attributes":false,"default_variation_attributes":[],"single_product_visibility":"visible","cart_visibility":"visible","order_visibility":"visible","single_product_price_visibility":"visible","cart_price_visibility":"visible","order_price_visibility":"visible","stock_status":"on_backorder"},{"bundled_item_id":135,"product_id":68877,"menu_order":2,"quantity_min":1,"quantity_max":1,"quantity_default":1,"priced_individually":true,"shipped_individually":false,"override_title":false,"title":"OEM BMW F30\/F80 Shadowline LCI Kofferraumdeckel hinten links Licht","override_description":true,"description":"","optional":false,"hide_thumbnail":true,"discount":"","override_variations":false,"allowed_variations":[],"override_default_variation_attributes":false,"default_variation_attributes":[],"single_product_visibility":"visible","cart_visibility":"visible","order_visibility":"visible","single_product_price_visibility":"visible","cart_price_visibility":"visible","order_price_visibility":"visible","stock_status":"on_backorder"},{"bundled_item_id":136,"product_id":68874,"menu_order":3,"quantity_min":1,"quantity_max":1,"quantity_default":1,"priced_individually":true,"shipped_individually":false,"override_title":false,"title":"Original BMW Kofferraumdeckel Licht \u2013 63217456522","override_description":true,"description":"","optional":false,"hide_thumbnail":true,"discount":"","override_variations":false,"allowed_variations":[],"override_default_variation_attributes":false,"default_variation_attributes":[],"single_product_visibility":"visible","cart_visibility":"visible","order_visibility":"visible","single_product_price_visibility":"visible","cart_price_visibility":"visible","order_price_visibility":"visible","stock_status":"on_backorder"}],"bundle_sell_ids":[],"_links":{"self":[{"href":"https:\/\/paddleshifterz.com\/de\/wp-json\/wp\/v2\/product\/68891","targetHints":{"allow":["GET"]}}],"collection":[{"href":"https:\/\/paddleshifterz.com\/de\/wp-json\/wp\/v2\/product"}],"about":[{"href":"https:\/\/paddleshifterz.com\/de\/wp-json\/wp\/v2\/types\/product"}],"wp:featuredmedia":[{"embeddable":true,"href":"https:\/\/paddleshifterz.com\/de\/wp-json\/wp\/v2\/media\/80784"}],"wp:attachment":[{"href":"https:\/\/paddleshifterz.com\/de\/wp-json\/wp\/v2\/media?parent=68891"}],"wp:term":[{"taxonomy":"product_brand","embeddable":true,"href":"https:\/\/paddleshifterz.com\/de\/wp-json\/wp\/v2\/product_brand?post=68891"},{"taxonomy":"product_cat","embeddable":true,"href":"https:\/\/paddleshifterz.com\/de\/wp-json\/wp\/v2\/product_cat?post=68891"},{"taxonomy":"product_tag","embeddable":true,"href":"https:\/\/paddleshifterz.com\/de\/wp-json\/wp\/v2\/product_tag?post=68891"}],"curies":[{"name":"wp","href":"https:\/\/api.w.org\/{rel}","templated":true}]}}