{"id":68899,"date":"2022-07-23T19:10:24","date_gmt":"2022-07-23T18:10:24","guid":{"rendered":"https:\/\/paddleshifterz.com\/?post_type=product&#038;p=68899"},"modified":"2026-04-05T22:48:28","modified_gmt":"2026-04-05T21:48:28","slug":"oem-bmw-retrofit-rear-lights-kit-for-5-series-g30-m5-f90-63135a2aec0","status":"publish","type":"product","link":"https:\/\/paddleshifterz.com\/de\/oem-bmw-retrofit-rear-lights-kit-for-5-series-g30-m5-f90-63135a2aec0\/","title":{"rendered":"OEM BMW Nachr\u00fcstsatz Heckleuchten LCI G30, M5 F90 - 63135A2AEC0"},"content":{"rendered":"<h2>Enth\u00e4lt<\/h2>\n<ul>\n<li><strong>Einschlie\u00dflich aller<\/strong> notwendige Hardware f\u00fcr die Installation. Eine Kodierung ist erforderlich. F\u00fcr G31 <a href=\"https:\/\/paddleshifterz.com\/de\/oem-bmw-retrofit-rear-lights-kit-for-5-series-g31-63-13-5-a2a-ec1\/\">w\u00e4hlen Sie bitte dieses Produkt.<\/a><\/li>\n<li>4 Lichter<\/li>\n<li>2x Dachrinnenstreifen<\/li>\n<li>2x Wasserkan\u00e4le (51499448943, 51499448944)<\/li>\n<li>15x Kabelbinder (61 13 1 367 599,<span class=\"p5_cell_content\" style=\"font-size: 14.4px;\" title=\"L=200MM\/B=3,6MM\">L=200MM\/B=3,6MM<\/span><span style=\"font-size: 14.4px;\">)<\/span><\/li>\n<li>4x Buchse MQS (61 13 1 383 776, 0,2-0,35 MM\u00b2\/SN)<\/li>\n<li>12x Kabel, grau (61 12 6 946 211 0,35 MM\u00b2)<\/li>\n<\/ul>\n<h2>Unboxing<\/h2>\n<p>Schauen Sie sich das Unboxing-Video unten an, um zu sehen, was sich in der Schachtel befindet, und um sich das Produkt vor dem Kauf genauer anzusehen.<\/p>\n<p><iframe loading=\"lazy\" title=\"YouTube-Video-Player\" src=\"https:\/\/www.youtube.com\/embed\/oNtuU4peKo8\" width=\"560\" height=\"315\" frameborder=\"0\" allowfullscreen=\"allowfullscreen\"><span data-mce-type=\"bookmark\" style=\"display: inline-block; width: 0px; overflow: hidden; line-height: 0;\" class=\"mce_SELRES_start\"><\/span><\/iframe><\/p>\n<h2>Passende Fahrzeuge<\/h2>\n<p>Dieser Beleuchtungssatz ist so konzipiert, dass er perfekt an die folgenden Fahrzeuge angepasst werden kann:<\/p>\n<ul>\n<li><a href=\"https:\/\/paddleshifterz.com\/de\/vehicles\/bmw-g30\/\">BMW G30 5er Reihe<\/a><\/li>\n<li><a href=\"https:\/\/paddleshifterz.com\/de\/vehicles\/bmw-f90-m5\/\">BMW F90 M5<\/a><\/li>\n<li>F\u00fcr Kunden mit einem BMW G31 5er Touring, siehe <a href=\"https:\/\/paddleshifterz.com\/de\/oem-bmw-retrofit-rear-lights-kit-for-5-series-g31-63-13-5-a2a-ec1\/\">zu diesem Nachr\u00fcstsatz hier<\/a>.<\/li>\n<\/ul>\n<p><em>Haftungsausschluss <\/em>Nicht f\u00fcr Fahrzeuge mit Nationaler Version China (L8AAA).<\/p>","protected":false},"excerpt":{"rendered":"<p>OEM BMW Retrofit Rear lights kit for 5 series G30 and BMW M5 F90.<\/p>\n<p><strong>Besitzen Sie ein G31? <a href=\"https:\/\/paddleshifterz.com\/de\/oem-bmw-retrofit-rear-lights-kit-for-5-series-g31-63-13-5-a2a-ec1\/\">Klicken Sie hier f\u00fcr den Nachr\u00fcstsatz f\u00fcr Ihr Fahrzeug.<\/a><\/strong><\/p>\n<p>SKU: 63135A2AEC0<\/p>","protected":false},"featured_media":73299,"template":"","meta":{"bwfblock_default_font":""},"product_brand":[],"product_cat":[1113,1094],"product_tag":[],"class_list":{"0":"post-68899","1":"product","2":"type-product","3":"status-publish","4":"has-post-thumbnail","6":"product_cat-exterior","7":"product_cat-headlights-taillights","8":"product_shipping_class-shifterz","9":"pa_brand-bmw","10":"pa_product-type-oem-original-equipment-manufacturer","11":"pa_vehicles-bmw-f90-m5","12":"pa_vehicles-bmw-g30","14":"first","15":"onbackorder","16":"taxable","17":"shipping-taxable","18":"purchasable","19":"product-type-simple"},"bundled_by":[],"bundle_stock_status":"onbackorder","bundle_stock_quantity":-8,"bundle_virtual":false,"bundle_layout":"","bundle_add_to_cart_form_location":"","bundle_editable_in_cart":false,"bundle_sold_individually_context":"","bundle_item_grouping":"","bundle_min_size":"","bundle_max_size":"","bundle_price":[],"bundled_items":[],"bundle_sell_ids":[],"_links":{"self":[{"href":"https:\/\/paddleshifterz.com\/de\/wp-json\/wp\/v2\/product\/68899","targetHints":{"allow":["GET"]}}],"collection":[{"href":"https:\/\/paddleshifterz.com\/de\/wp-json\/wp\/v2\/product"}],"about":[{"href":"https:\/\/paddleshifterz.com\/de\/wp-json\/wp\/v2\/types\/product"}],"wp:featuredmedia":[{"embeddable":true,"href":"https:\/\/paddleshifterz.com\/de\/wp-json\/wp\/v2\/media\/73299"}],"wp:attachment":[{"href":"https:\/\/paddleshifterz.com\/de\/wp-json\/wp\/v2\/media?parent=68899"}],"wp:term":[{"taxonomy":"product_brand","embeddable":true,"href":"https:\/\/paddleshifterz.com\/de\/wp-json\/wp\/v2\/product_brand?post=68899"},{"taxonomy":"product_cat","embeddable":true,"href":"https:\/\/paddleshifterz.com\/de\/wp-json\/wp\/v2\/product_cat?post=68899"},{"taxonomy":"product_tag","embeddable":true,"href":"https:\/\/paddleshifterz.com\/de\/wp-json\/wp\/v2\/product_tag?post=68899"}],"curies":[{"name":"wp","href":"https:\/\/api.w.org\/{rel}","templated":true}]}}