{"id":68902,"date":"2022-07-23T19:11:02","date_gmt":"2022-07-23T18:11:02","guid":{"rendered":"https:\/\/paddleshifterz.com\/?post_type=product&#038;p=68902"},"modified":"2026-03-31T10:22:26","modified_gmt":"2026-03-31T09:22:26","slug":"oem-bmw-retrofit-rear-lights-kit-for-5-series-g31-63-13-5-a2a-ec1","status":"publish","type":"product","link":"https:\/\/paddleshifterz.com\/de\/oem-bmw-retrofit-rear-lights-kit-for-5-series-g31-63-13-5-a2a-ec1\/","title":{"rendered":"OEM BMW Nachr\u00fcstsatz Heckleuchten f\u00fcr G31 - 63135A2AEC1"},"content":{"rendered":"<h2>Spezifikationen<\/h2>\n<ul>\n<li><strong>Erh\u00f6hte Beleuchtungsst\u00e4rke:<\/strong> Dieser Nachr\u00fcstsatz bietet eine verbesserte Lichtleistung und sorgt f\u00fcr eine hellere und gezieltere Ausleuchtung. Es wurde entwickelt, um eine bessere Sicht bei schlechten Lichtverh\u00e4ltnissen zu gew\u00e4hrleisten und so die Sicherheit und das Fahrgef\u00fchl zu verbessern.<\/li>\n<li><strong>Schlankes, modernes Design:<\/strong> Die Leuchten haben ein modernes Design, das sich nahtlos in die schlanken Linien des BMW G31 einf\u00fcgt. Das Upgrade verbessert nicht nur die Funktionalit\u00e4t, sondern verleiht Ihrem Fahrzeug auch einen stilvollen, modernen Touch.<\/li>\n<li><strong>OEM-Qualit\u00e4t und Passform:<\/strong> Als BMW-Originalteil wird der Nachr\u00fcst-Lichtsatz nach h\u00f6chsten Standards gefertigt und garantiert eine perfekte Passform und Verarbeitung. Die Komponenten sind so konzipiert, dass sie sich nahtlos in Ihren BMW G31 integrieren und die urspr\u00fcngliche \u00c4sthetik und Leistung des Fahrzeugs erhalten.<\/li>\n<li><strong>Einfache Installation:<\/strong> Dieser Nachr\u00fcstsatz ist f\u00fcr den einfachen Einbau konzipiert, so dass Sie die Beleuchtung Ihres Fahrzeugs mit minimalem Aufwand aufr\u00fcsten k\u00f6nnen. Das Kit enth\u00e4lt alle notwendigen Komponenten und eine Anleitung, die den Einbau einfach und problemlos macht.<\/li>\n<li><strong>SKU: 63135A2AEC1 Kompatibilit\u00e4t:<\/strong> Speziell f\u00fcr den BMW G31 entwickelt, gew\u00e4hrleistet dieser Nachr\u00fcstsatz eine pr\u00e4zise Passform und optimale Leistung. F\u00fcr Kunden mit einem G30 oder F90, siehe bitte <a href=\"https:\/\/paddleshifterz.com\/de\/oem-bmw-retrofit-rear-lights-kit-for-5-series-g30-m5-f90-63135a2aec0\/\">dieses Produkt.<\/a><\/li>\n<\/ul>\n<p>Verwandeln Sie Ihren BMW G31 mit dem Retrofit Lights Kit und verbessern Sie sowohl sein Aussehen als auch seine n\u00e4chtlichen Fahreigenschaften. Dieses Upgrade ist ein Muss f\u00fcr alle, die die Funktionalit\u00e4t ihres Fahrzeugs verbessern und ihm gleichzeitig einen Hauch von moderner Raffinesse verleihen m\u00f6chten.<\/p>\n<h2>Das Kit enth\u00e4lt<\/h2>\n<ul>\n<li>4x Lichter<\/li>\n<li>15x Kabelbinder (61131367599)<\/li>\n<li>4x Buchse MQS (61131383776)<\/li>\n<li>12x Kabel grau (61126946211)<\/li>\n<li>1x Dachrinnenstreifen, links (51499448945)<\/li>\n<li>1x Dachrinnenstreifen, rechts (51499448946)<\/li>\n<\/ul>","protected":false},"excerpt":{"rendered":"<p>Upgrade the lighting of your BMW G31 with the OEM BMW Retrofit Lights Kit, <strong>SKU: 63135A2AEC1<\/strong>. Designed to enhance both the aesthetics and functionality of your vehicle, this kit provides a significant improvement in visibility and style, ensuring your BMW stands out on the road.<\/p>\n<p><strong>Besitzen Sie ein G30 oder ein F90 M5? <a href=\"https:\/\/paddleshifterz.com\/de\/oem-bmw-retrofit-rear-lights-kit-for-5-series-g30-m5-f90-63135a2aec0\/\">Klicken Sie hier f\u00fcr den Nachr\u00fcstsatz f\u00fcr Ihr Fahrzeug.<\/a><\/strong><\/p>","protected":false},"featured_media":71871,"template":"","meta":{"bwfblock_default_font":""},"product_brand":[],"product_cat":[1113,1094],"product_tag":[],"class_list":{"0":"post-68902","1":"product","2":"type-product","3":"status-publish","4":"has-post-thumbnail","6":"product_cat-exterior","7":"product_cat-headlights-taillights","8":"product_shipping_class-shifterz","9":"pa_brand-bmw","10":"pa_product-type-oem-original-equipment-manufacturer","11":"pa_vehicles-bmw-g31","13":"first","14":"onbackorder","15":"taxable","16":"shipping-taxable","17":"purchasable","18":"product-type-simple"},"bundled_by":[],"bundle_stock_status":"onbackorder","bundle_stock_quantity":-21,"bundle_virtual":false,"bundle_layout":"","bundle_add_to_cart_form_location":"","bundle_editable_in_cart":false,"bundle_sold_individually_context":"","bundle_item_grouping":"","bundle_min_size":"","bundle_max_size":"","bundle_price":[],"bundled_items":[],"bundle_sell_ids":[],"_links":{"self":[{"href":"https:\/\/paddleshifterz.com\/de\/wp-json\/wp\/v2\/product\/68902","targetHints":{"allow":["GET"]}}],"collection":[{"href":"https:\/\/paddleshifterz.com\/de\/wp-json\/wp\/v2\/product"}],"about":[{"href":"https:\/\/paddleshifterz.com\/de\/wp-json\/wp\/v2\/types\/product"}],"wp:featuredmedia":[{"embeddable":true,"href":"https:\/\/paddleshifterz.com\/de\/wp-json\/wp\/v2\/media\/71871"}],"wp:attachment":[{"href":"https:\/\/paddleshifterz.com\/de\/wp-json\/wp\/v2\/media?parent=68902"}],"wp:term":[{"taxonomy":"product_brand","embeddable":true,"href":"https:\/\/paddleshifterz.com\/de\/wp-json\/wp\/v2\/product_brand?post=68902"},{"taxonomy":"product_cat","embeddable":true,"href":"https:\/\/paddleshifterz.com\/de\/wp-json\/wp\/v2\/product_cat?post=68902"},{"taxonomy":"product_tag","embeddable":true,"href":"https:\/\/paddleshifterz.com\/de\/wp-json\/wp\/v2\/product_tag?post=68902"}],"curies":[{"name":"wp","href":"https:\/\/api.w.org\/{rel}","templated":true}]}}