{"id":69026,"date":"2022-07-25T19:41:12","date_gmt":"2022-07-25T18:41:12","guid":{"rendered":"https:\/\/paddleshifterz.com\/?post_type=product&#038;p=69026"},"modified":"2026-03-16T11:59:38","modified_gmt":"2026-03-16T10:59:38","slug":"oem-bmw-m-performance-key-case-ix-82295a56c32","status":"publish","type":"product","link":"https:\/\/paddleshifterz.com\/de\/oem-bmw-m-performance-key-case-ix-82295a56c32\/","title":{"rendered":"OEM BMW M Performance Schl\u00fcsseltui - 82295A56C32"},"content":{"rendered":"","protected":false},"excerpt":{"rendered":"<p>Das hochwertige M Performance Schl\u00fcsseletui verbindet in typischer BMW Manier sportliche Eleganz und Funktionalit\u00e4t. Mit dem Materialmix aus Alcantara und Leder in Carbon-Optik f\u00fcgt es sich in die anderen M Performance Angebote ein. Ein gepr\u00e4gtes \"M Logo\" und Ziern\u00e4hte in den \"M\" Farben unterstreichen das sportliche Design. Mit der aufgen\u00e4hten Lederschlaufe kann das Etui an einem Schl\u00fcsselring befestigt werden.<\/p>\n<p>Suitable for ID transmitter Gen3.<\/p>\n<p>SKU: 82295A56C32<\/p>","protected":false},"featured_media":69027,"template":"","meta":{"bwfblock_default_font":""},"product_brand":[],"product_cat":[1082,593],"product_tag":[],"class_list":{"0":"post-69026","1":"product","2":"type-product","3":"status-publish","4":"has-post-thumbnail","6":"product_cat-accessories-oem-bmw-mini-products","7":"product_cat-interior","8":"product_shipping_class-shifterz","9":"pa_brand-bmw","10":"pa_brand-m-performance","11":"pa_product-type-oem-original-equipment-manufacturer","12":"pa_vehicles-bmw-f70","13":"pa_vehicles-bmw-f74","14":"pa_vehicles-bmw-f98-x4m","15":"pa_vehicles-bmw-g07-x7","16":"pa_vehicles-bmw-g07-x7-lci","17":"pa_vehicles-bmw-g09-xm","18":"pa_vehicles-bmw-g45-x3","19":"pa_vehicles-bmw-g60","20":"pa_vehicles-bmw-g61","21":"pa_vehicles-bmw-ix","22":"pa_vehicles-x-series-u10-x2","23":"pa_vehicles-bmw-u11-x1","25":"first","26":"onbackorder","27":"taxable","28":"shipping-taxable","29":"purchasable","30":"product-type-simple"},"bundled_by":[],"bundle_stock_status":"onbackorder","bundle_stock_quantity":-30,"bundle_virtual":false,"bundle_layout":"","bundle_add_to_cart_form_location":"","bundle_editable_in_cart":false,"bundle_sold_individually_context":"","bundle_item_grouping":"","bundle_min_size":"","bundle_max_size":"","bundle_price":[],"bundled_items":[],"bundle_sell_ids":[],"_links":{"self":[{"href":"https:\/\/paddleshifterz.com\/de\/wp-json\/wp\/v2\/product\/69026","targetHints":{"allow":["GET"]}}],"collection":[{"href":"https:\/\/paddleshifterz.com\/de\/wp-json\/wp\/v2\/product"}],"about":[{"href":"https:\/\/paddleshifterz.com\/de\/wp-json\/wp\/v2\/types\/product"}],"wp:featuredmedia":[{"embeddable":true,"href":"https:\/\/paddleshifterz.com\/de\/wp-json\/wp\/v2\/media\/69027"}],"wp:attachment":[{"href":"https:\/\/paddleshifterz.com\/de\/wp-json\/wp\/v2\/media?parent=69026"}],"wp:term":[{"taxonomy":"product_brand","embeddable":true,"href":"https:\/\/paddleshifterz.com\/de\/wp-json\/wp\/v2\/product_brand?post=69026"},{"taxonomy":"product_cat","embeddable":true,"href":"https:\/\/paddleshifterz.com\/de\/wp-json\/wp\/v2\/product_cat?post=69026"},{"taxonomy":"product_tag","embeddable":true,"href":"https:\/\/paddleshifterz.com\/de\/wp-json\/wp\/v2\/product_tag?post=69026"}],"curies":[{"name":"wp","href":"https:\/\/api.w.org\/{rel}","templated":true}]}}