{"id":69059,"date":"2022-07-27T19:57:32","date_gmt":"2022-07-27T18:57:32","guid":{"rendered":"https:\/\/paddleshifterz.com\/?post_type=product&#038;p=69059"},"modified":"2025-11-03T07:22:11","modified_gmt":"2025-11-03T06:22:11","slug":"oem-bmw-carbon-fiber-front-left-lip-for-x3m-x4m-51118077063","status":"publish","type":"product","link":"https:\/\/paddleshifterz.com\/de\/oem-bmw-carbon-fiber-front-left-lip-for-x3m-x4m-51118077063\/","title":{"rendered":"OEM BMW Carbon Fiber Frontlippe links X3M-X4M - 51118077063"},"content":{"rendered":"","protected":false},"excerpt":{"rendered":"<p>OEM BMW Carbon Fiber Frontlippe links f\u00fcr X3M, X4M - 51118077063.<\/p>\n<p>F\u00fcr die Installation ben\u00f6tigen Sie au\u00dferdem:<\/p>\n<ol>\n<li><strong>51111908077<\/strong>\u00a0- Spreizniet D = 6MM<\/li>\n<li><strong>7147311312<\/strong>\u00a0- C-Clip Kunststoffmutter F\u00fcr Thermoplastschraube TS5<\/li>\n<li><strong>51119908446 <\/strong>- Schraube V-TS5X20 ZNS3<\/li>\n<\/ol>","protected":false},"featured_media":69061,"template":"","meta":{"bwfblock_default_font":""},"product_brand":[],"product_cat":[1113,1317],"product_tag":[],"class_list":{"0":"post-69059","1":"product","2":"type-product","3":"status-publish","4":"has-post-thumbnail","6":"product_cat-exterior","7":"product_cat-front-bumper-and-accessories","8":"product_shipping_class-shifterz","9":"pa_brand-bmw","10":"pa_product-type-oem-original-equipment-manufacturer","11":"pa_vehicles-bmw-f97-x3m","12":"pa_vehicles-bmw-f98-x4m","14":"first","15":"onbackorder","16":"taxable","17":"shipping-taxable","18":"purchasable","19":"product-type-simple"},"bundled_by":[],"bundle_stock_status":"onbackorder","bundle_stock_quantity":-1,"bundle_virtual":false,"bundle_layout":"","bundle_add_to_cart_form_location":"","bundle_editable_in_cart":false,"bundle_sold_individually_context":"","bundle_item_grouping":"","bundle_min_size":"","bundle_max_size":"","bundle_price":[],"bundled_items":[],"bundle_sell_ids":[],"_links":{"self":[{"href":"https:\/\/paddleshifterz.com\/de\/wp-json\/wp\/v2\/product\/69059","targetHints":{"allow":["GET"]}}],"collection":[{"href":"https:\/\/paddleshifterz.com\/de\/wp-json\/wp\/v2\/product"}],"about":[{"href":"https:\/\/paddleshifterz.com\/de\/wp-json\/wp\/v2\/types\/product"}],"wp:featuredmedia":[{"embeddable":true,"href":"https:\/\/paddleshifterz.com\/de\/wp-json\/wp\/v2\/media\/69061"}],"wp:attachment":[{"href":"https:\/\/paddleshifterz.com\/de\/wp-json\/wp\/v2\/media?parent=69059"}],"wp:term":[{"taxonomy":"product_brand","embeddable":true,"href":"https:\/\/paddleshifterz.com\/de\/wp-json\/wp\/v2\/product_brand?post=69059"},{"taxonomy":"product_cat","embeddable":true,"href":"https:\/\/paddleshifterz.com\/de\/wp-json\/wp\/v2\/product_cat?post=69059"},{"taxonomy":"product_tag","embeddable":true,"href":"https:\/\/paddleshifterz.com\/de\/wp-json\/wp\/v2\/product_tag?post=69059"}],"curies":[{"name":"wp","href":"https:\/\/api.w.org\/{rel}","templated":true}]}}