{"id":69396,"date":"2022-08-08T09:26:28","date_gmt":"2022-08-08T08:26:28","guid":{"rendered":"https:\/\/paddleshifterz.com\/?post_type=product&#038;p=69396"},"modified":"2026-01-03T12:36:15","modified_gmt":"2026-01-03T11:36:15","slug":"oem-bmw-high-quality-robust-set-of-wheel-bolt-lock-36-13-2-453-961","status":"publish","type":"product","link":"https:\/\/paddleshifterz.com\/de\/oem-bmw-high-quality-robust-set-of-wheel-bolt-lock-36-13-2-453-961\/","title":{"rendered":"OEM BMW robuster Satz Radbolzenschloss - 36132453961"},"content":{"rendered":"","protected":false},"excerpt":{"rendered":"<p>Das hochwertige und besonders zuverl\u00e4ssige Radbolzenschloss beinhaltet vier Radsicherungsschrauben mit speziell eingefr\u00e4ster BMW Codierung. Die Schrauben k\u00f6nnen nur mit dem im Lieferumfang enthaltenen Spezialwerkzeug ge\u00f6ffnet werden und bieten so einen hochwirksamen Schutz gegen Raddiebstahl.<\/p>\n<ul>\n<li>Radsicherungsschrauben mit spezieller BMW Codierung<\/li>\n<li>besonders stabile und hochwertige Verarbeitung<\/li>\n<li>\u00d6ffnen und Schlie\u00dfen nur mit BMW Spezialadapter m\u00f6glich<\/li>\n<li>frei drehbarer Sicherungsring am Radschraubenkopf verhindert Gewaltanwendung durch Zangen oder \u00e4hnliches.<\/li>\n<\/ul>\n<p><strong>Lieferumfang: <\/strong>4 Radschraubensicherungen, Spezialadapter mit Schl\u00fcsselweite 17 mm und Codekarte (zum Nachbestellen des Adapters).<\/p>\n<p><strong>Technische Daten: <\/strong>M14 x 1,25 - Anzugsdrehmoment 140 \u00b1 10 Nm<\/p>\n<p><strong>Technische Informationen: <\/strong>Fahrzeuge, die mit Runflat-Reifen vom Band ausgestattet sind, haben keinen Radschl\u00fcssel. Informationen \u00fcber den Hauptschl\u00fcsselsatz und das Verfahren zum Nachbestellen der Ersatzadapter finden Sie im beigef\u00fcgten Dokument. Die Radbolzensicherungen d\u00fcrfen nicht mit einem Schlagschrauber angezogen werden.<\/p>","protected":false},"featured_media":69397,"template":"","meta":{"bwfblock_default_font":""},"product_brand":[],"product_cat":[1107],"product_tag":[],"class_list":{"0":"post-69396","1":"product","2":"type-product","3":"status-publish","4":"has-post-thumbnail","6":"product_cat-bmw-mini-wheels-and-tires","7":"product_shipping_class-shifterz","8":"pa_brand-bmw","9":"pa_product-type-oem-original-equipment-manufacturer","10":"pa_vehicles-bmw-m6-f06-f12-f13","11":"pa_vehicles-bmw-f07-gt","12":"pa_vehicles-bmw-m5-f10","13":"pa_vehicles-bmw-f10-f11","14":"pa_vehicles-bmw-f15-x5","15":"pa_vehicles-bmw-f16-x6","16":"pa_vehicles-bmw-f20-f21","17":"pa_vehicles-bmw-f22-f23","18":"pa_vehicles-bmw-f25-x3","19":"pa_vehicles-bmw-f26-x4","20":"pa_vehicles-bmw-f30","21":"pa_vehicles-bmw-f31","22":"pa_vehicles-bmw-f32","23":"pa_vehicles-bmw-f33","24":"pa_vehicles-bmw-f34","25":"pa_vehicles-bmw-f36","26":"pa_vehicles-bmw-f39-x2","27":"pa_vehicles-bmw-f45","28":"pa_vehicles-bmw-f46","29":"pa_vehicles-bmw-f48-x1","30":"pa_vehicles-bmw-f80-m3","31":"pa_vehicles-bmw-f82-m4","32":"pa_vehicles-bmw-f85-x5m","33":"pa_vehicles-bmw-f86-x6m","34":"pa_vehicles-bmw-f90-m5","35":"pa_vehicles-bmw-g01-x3","36":"pa_vehicles-bmw-g02-x4","37":"pa_vehicles-bmw-g05-x5","38":"pa_vehicles-bmw-g11-g12","39":"pa_vehicles-bmw-g14-g15-g16","40":"pa_vehicles-bmw-g30","41":"pa_vehicles-bmw-g31","42":"pa_vehicles-bmw-g32","44":"first","45":"onbackorder","46":"taxable","47":"shipping-taxable","48":"purchasable","49":"product-type-simple"},"bundled_by":[],"bundle_stock_status":"onbackorder","bundle_stock_quantity":-3,"bundle_virtual":false,"bundle_layout":"","bundle_add_to_cart_form_location":"","bundle_editable_in_cart":false,"bundle_sold_individually_context":"","bundle_item_grouping":"","bundle_min_size":"","bundle_max_size":"","bundle_price":[],"bundled_items":[],"bundle_sell_ids":[],"_links":{"self":[{"href":"https:\/\/paddleshifterz.com\/de\/wp-json\/wp\/v2\/product\/69396","targetHints":{"allow":["GET"]}}],"collection":[{"href":"https:\/\/paddleshifterz.com\/de\/wp-json\/wp\/v2\/product"}],"about":[{"href":"https:\/\/paddleshifterz.com\/de\/wp-json\/wp\/v2\/types\/product"}],"wp:featuredmedia":[{"embeddable":true,"href":"https:\/\/paddleshifterz.com\/de\/wp-json\/wp\/v2\/media\/69397"}],"wp:attachment":[{"href":"https:\/\/paddleshifterz.com\/de\/wp-json\/wp\/v2\/media?parent=69396"}],"wp:term":[{"taxonomy":"product_brand","embeddable":true,"href":"https:\/\/paddleshifterz.com\/de\/wp-json\/wp\/v2\/product_brand?post=69396"},{"taxonomy":"product_cat","embeddable":true,"href":"https:\/\/paddleshifterz.com\/de\/wp-json\/wp\/v2\/product_cat?post=69396"},{"taxonomy":"product_tag","embeddable":true,"href":"https:\/\/paddleshifterz.com\/de\/wp-json\/wp\/v2\/product_tag?post=69396"}],"curies":[{"name":"wp","href":"https:\/\/api.w.org\/{rel}","templated":true}]}}