{"id":69419,"date":"2022-08-09T06:23:52","date_gmt":"2022-08-09T05:23:52","guid":{"rendered":"https:\/\/paddleshifterz.com\/?post_type=product&#038;p=69419"},"modified":"2025-12-26T05:38:31","modified_gmt":"2025-12-26T04:38:31","slug":"oem-bmw-display-key-case-82-29-2-365-436","status":"publish","type":"product","link":"https:\/\/paddleshifterz.com\/de\/oem-bmw-display-key-case-82-29-2-365-436\/","title":{"rendered":"OEM BMW Display Schl\u00fcsselkasten - 82292365436"},"content":{"rendered":"","protected":false},"excerpt":{"rendered":"<ul>\n<li>Original BMW Etui, Display KeyDas passgenaue BMW Schl\u00fcsseletui aus hochwertigem schwarzem Nappaleder sch\u00fctzt den BMW Display Key zuverl\u00e4ssig vor Schmutz und Kratzern.<br \/>\nDie Vorteile des BMW Schl\u00fcsseletuis f\u00fcr Displayschl\u00fcssel auf einen Blick:<\/p>\n<ul>\n<li>Sichere Aufbewahrung des BMW Display Keys dank passgenauer Form<\/li>\n<li>Sch\u00fctzt zuverl\u00e4ssig vor Schmutz und Kratzern<\/li>\n<li>Einfache Entnahme des Schl\u00fcssels dank eines elastischen Bandes<\/li>\n<li>Betonung der Konturen durch das feinporige Nappaleder<\/li>\n<\/ul>\n<p>Teilenummer: 82292365436<\/li>\n<\/ul>","protected":false},"featured_media":69420,"template":"","meta":{"bwfblock_default_font":""},"product_brand":[],"product_cat":[1082,593],"product_tag":[],"class_list":{"0":"post-69419","1":"product","2":"type-product","3":"status-publish","4":"has-post-thumbnail","6":"product_cat-accessories-oem-bmw-mini-products","7":"product_cat-interior","8":"product_shipping_class-shifterz","9":"pa_brand-bmw","10":"pa_product-type-oem-original-equipment-manufacturer","11":"pa_vehicles-bmw-g01-x3","12":"pa_vehicles-bmw-g02-x4","13":"pa_vehicles-bmw-g05-x5","14":"pa_vehicles-bmw-x6-g06","15":"pa_vehicles-bmw-g07-x7","16":"pa_vehicles-bmw-g07-x7-lci","17":"pa_vehicles-bmw-g11-g12","18":"pa_vehicles-bmw-g14-g15-g16","19":"pa_vehicles-bmw-g20","20":"pa_vehicles-bmw-g21","21":"pa_vehicles-bmw-g30","22":"pa_vehicles-bmw-g31","23":"pa_vehicles-bmw-g32","25":"first","26":"onbackorder","27":"taxable","28":"shipping-taxable","29":"purchasable","30":"product-type-simple"},"bundled_by":[],"bundle_stock_status":"onbackorder","bundle_stock_quantity":-4,"bundle_virtual":false,"bundle_layout":"","bundle_add_to_cart_form_location":"","bundle_editable_in_cart":false,"bundle_sold_individually_context":"","bundle_item_grouping":"","bundle_min_size":"","bundle_max_size":"","bundle_price":[],"bundled_items":[],"bundle_sell_ids":[],"_links":{"self":[{"href":"https:\/\/paddleshifterz.com\/de\/wp-json\/wp\/v2\/product\/69419","targetHints":{"allow":["GET"]}}],"collection":[{"href":"https:\/\/paddleshifterz.com\/de\/wp-json\/wp\/v2\/product"}],"about":[{"href":"https:\/\/paddleshifterz.com\/de\/wp-json\/wp\/v2\/types\/product"}],"wp:featuredmedia":[{"embeddable":true,"href":"https:\/\/paddleshifterz.com\/de\/wp-json\/wp\/v2\/media\/69420"}],"wp:attachment":[{"href":"https:\/\/paddleshifterz.com\/de\/wp-json\/wp\/v2\/media?parent=69419"}],"wp:term":[{"taxonomy":"product_brand","embeddable":true,"href":"https:\/\/paddleshifterz.com\/de\/wp-json\/wp\/v2\/product_brand?post=69419"},{"taxonomy":"product_cat","embeddable":true,"href":"https:\/\/paddleshifterz.com\/de\/wp-json\/wp\/v2\/product_cat?post=69419"},{"taxonomy":"product_tag","embeddable":true,"href":"https:\/\/paddleshifterz.com\/de\/wp-json\/wp\/v2\/product_tag?post=69419"}],"curies":[{"name":"wp","href":"https:\/\/api.w.org\/{rel}","templated":true}]}}