{"id":69452,"date":"2022-08-11T18:03:07","date_gmt":"2022-08-11T17:03:07","guid":{"rendered":"https:\/\/paddleshifterz.com\/?post_type=product&#038;p=69452"},"modified":"2025-12-16T15:27:54","modified_gmt":"2025-12-16T14:27:54","slug":"oem-bmw-f82-f83-m4-black-illuminated-seat-badge-52109503039","status":"publish","type":"product","link":"https:\/\/paddleshifterz.com\/de\/oem-bmw-f82-f83-m4-black-illuminated-seat-badge-52109503039\/","title":{"rendered":"OEM BMW F82\/F83 Schwarze Sitzembleme \u2013 52109503039"},"content":{"rendered":"","protected":false},"excerpt":{"rendered":"<p>OEM BMW F82, F83 M4 schwarz beleuchtetes Sitzabzeichen.<\/p>\n<p>Die Packung enth\u00e4lt 1 St\u00fcck, f\u00fcr die Innenausstattung ben\u00f6tigen Sie zwei St\u00fcck.<\/p>\n<p><strong>Teilenummer:<\/strong><br \/>\n52 10 9 503 039, 52109503039<\/p>","protected":false},"featured_media":69454,"template":"","meta":{"bwfblock_default_font":""},"product_brand":[],"product_cat":[593,1311],"product_tag":[],"class_list":{"0":"post-69452","1":"product","2":"type-product","3":"status-publish","4":"has-post-thumbnail","6":"product_cat-interior","7":"product_cat-seats-accessories","8":"product_shipping_class-shifterz","9":"pa_brand-bmw","10":"pa_product-type-oem-original-equipment-manufacturer","11":"pa_vehicles-bmw-f82-m4","12":"pa_vehicles-4-series-f83-m4","14":"first","15":"onbackorder","16":"taxable","17":"shipping-taxable","18":"purchasable","19":"product-type-simple"},"bundled_by":[],"bundle_stock_status":"onbackorder","bundle_stock_quantity":-16,"bundle_virtual":false,"bundle_layout":"","bundle_add_to_cart_form_location":"","bundle_editable_in_cart":false,"bundle_sold_individually_context":"","bundle_item_grouping":"","bundle_min_size":"","bundle_max_size":"","bundle_price":[],"bundled_items":[],"bundle_sell_ids":[],"_links":{"self":[{"href":"https:\/\/paddleshifterz.com\/de\/wp-json\/wp\/v2\/product\/69452","targetHints":{"allow":["GET"]}}],"collection":[{"href":"https:\/\/paddleshifterz.com\/de\/wp-json\/wp\/v2\/product"}],"about":[{"href":"https:\/\/paddleshifterz.com\/de\/wp-json\/wp\/v2\/types\/product"}],"wp:featuredmedia":[{"embeddable":true,"href":"https:\/\/paddleshifterz.com\/de\/wp-json\/wp\/v2\/media\/69454"}],"wp:attachment":[{"href":"https:\/\/paddleshifterz.com\/de\/wp-json\/wp\/v2\/media?parent=69452"}],"wp:term":[{"taxonomy":"product_brand","embeddable":true,"href":"https:\/\/paddleshifterz.com\/de\/wp-json\/wp\/v2\/product_brand?post=69452"},{"taxonomy":"product_cat","embeddable":true,"href":"https:\/\/paddleshifterz.com\/de\/wp-json\/wp\/v2\/product_cat?post=69452"},{"taxonomy":"product_tag","embeddable":true,"href":"https:\/\/paddleshifterz.com\/de\/wp-json\/wp\/v2\/product_tag?post=69452"}],"curies":[{"name":"wp","href":"https:\/\/api.w.org\/{rel}","templated":true}]}}