{"id":69825,"date":"2022-08-25T20:58:10","date_gmt":"2022-08-25T19:58:10","guid":{"rendered":"https:\/\/paddleshifterz.com\/?post_type=product&#038;p=69825"},"modified":"2026-04-17T10:52:16","modified_gmt":"2026-04-17T09:52:16","slug":"oem-bmw-m-performance-carbon-fiber-aero-rear-winglet-m4-g82","status":"publish","type":"product","link":"https:\/\/paddleshifterz.com\/de\/oem-bmw-m-performance-carbon-fiber-aero-rear-winglet-m4-g82\/","title":{"rendered":"OEM BMW M Performance Carbon Aero Heckfl\u00fcgel - M4 G8X"},"content":{"rendered":"<p>Der Einbau muss in einem Temperaturbereich von 18\u00b0 C bis 35\u00b0 C erfolgen. Bei der Befestigung von Au\u00dfenbauteilen mit Hilfe von Fl\u00fcssigkleber (z.B. Betalink 1K) sind die Aush\u00e4rtezeiten der verwendeten Klebstoffe zu beachten. In der Regel darf das Fahrzeug 24 Stunden lang nicht bewegt werden. Erst nach 48 Stunden ist das Fahrzeug f\u00fcr eine Waschanlage geeignet. Alle Teile m\u00fcssen vor dem Einbau in das Fahrzeug auf Passgenauigkeit gepr\u00fcft werden. Alle Klebefl\u00e4chen m\u00fcssen absolut trocken, sauber, wachs- und fettfrei sein.<\/p>\n<p>Eine ABE (Allgemeine Betriebserlaubnis) ist nicht erforderlich, da der Umfang der Teile bereits mit dem Gesamtfahrzeug homologiert wurde.<\/p>\n<h2>Passende Fahrzeuge<\/h2>\n<ul>\n<li style=\"list-style-type: none;\">\n<ul>\n<li>BMW G82 M4<\/li>\n<\/ul>\n<\/li>\n<\/ul>\n<ul>\n<li>BMW G83 M4<\/li>\n<\/ul>\n<h2>Unboxing<\/h2>\n<p>Schauen Sie sich das Unboxing-Video unten an, um zu sehen, was sich in der Schachtel befindet, und um sich das Produkt vor dem Kauf genauer anzusehen.<\/p>\n<p><iframe loading=\"lazy\" title=\"YouTube-Video-Player\" src=\"https:\/\/www.youtube.com\/embed\/8qJx6K0D7AI\" width=\"560\" height=\"315\" frameborder=\"0\" allowfullscreen=\"allowfullscreen\"><span data-mce-type=\"bookmark\" style=\"display: inline-block; width: 0px; overflow: hidden; line-height: 0;\" class=\"mce_SELRES_start\"><\/span><\/iframe><\/p>","protected":false},"excerpt":{"rendered":"<p>OEM BMW M Performance Kohlefaser Aero Heckfl\u00fcgel - M4 G82, Teilenummern: 51195A1B175, 51195A1B176.<br \/>\nDie M Performance Heckfl\u00fcgel sind aus hochwertigem Carbon gefertigt und unterstreichen den sportlichen Auftritt des Fahrzeugs. Passend zur Sonderausstattung Carbon-Paket (SA71C) unterstreichen die M Performance Heckfl\u00fcgel den sportlichen Auftritt des Fahrzeugs perfekt.<\/p>","protected":false},"featured_media":85066,"template":"","meta":{"bwfblock_default_font":""},"product_brand":[],"product_cat":[1113],"product_tag":[],"class_list":{"0":"post-69825","1":"product","2":"type-product","3":"status-publish","4":"has-post-thumbnail","6":"product_cat-exterior","7":"product_shipping_class-shifterz","8":"pa_brand-bmw","9":"pa_brand-m-performance","10":"pa_product-type-oem-original-equipment-manufacturer","11":"pa_vehicles-bmw-g82-m4","12":"pa_vehicles-bmw-g83-m4","14":"first","15":"onbackorder","16":"taxable","17":"shipping-taxable","18":"purchasable","19":"product-type-variable"},"bundled_by":[],"bundle_stock_status":"onbackorder","bundle_stock_quantity":null,"bundle_virtual":false,"bundle_layout":"","bundle_add_to_cart_form_location":"","bundle_editable_in_cart":false,"bundle_sold_individually_context":"","bundle_item_grouping":"","bundle_min_size":"","bundle_max_size":"","bundle_price":[],"bundled_items":[],"bundle_sell_ids":[],"_links":{"self":[{"href":"https:\/\/paddleshifterz.com\/de\/wp-json\/wp\/v2\/product\/69825","targetHints":{"allow":["GET"]}}],"collection":[{"href":"https:\/\/paddleshifterz.com\/de\/wp-json\/wp\/v2\/product"}],"about":[{"href":"https:\/\/paddleshifterz.com\/de\/wp-json\/wp\/v2\/types\/product"}],"wp:featuredmedia":[{"embeddable":true,"href":"https:\/\/paddleshifterz.com\/de\/wp-json\/wp\/v2\/media\/85066"}],"wp:attachment":[{"href":"https:\/\/paddleshifterz.com\/de\/wp-json\/wp\/v2\/media?parent=69825"}],"wp:term":[{"taxonomy":"product_brand","embeddable":true,"href":"https:\/\/paddleshifterz.com\/de\/wp-json\/wp\/v2\/product_brand?post=69825"},{"taxonomy":"product_cat","embeddable":true,"href":"https:\/\/paddleshifterz.com\/de\/wp-json\/wp\/v2\/product_cat?post=69825"},{"taxonomy":"product_tag","embeddable":true,"href":"https:\/\/paddleshifterz.com\/de\/wp-json\/wp\/v2\/product_tag?post=69825"}],"curies":[{"name":"wp","href":"https:\/\/api.w.org\/{rel}","templated":true}]}}