{"id":69943,"date":"2022-08-30T19:32:00","date_gmt":"2022-08-30T18:32:00","guid":{"rendered":"https:\/\/paddleshifterz.com\/product\/bmw-m-performance-frontaufsatz-carbon-m2-f87-competition\/"},"modified":"2026-03-15T19:56:42","modified_gmt":"2026-03-15T18:56:42","slug":"bmw-m-performance-frontaufsatz-carbon-m2-f87-competition","status":"publish","type":"product","link":"https:\/\/paddleshifterz.com\/de\/bmw-m-performance-frontaufsatz-carbon-m2-f87-competition\/","title":{"rendered":"OEM BMW M Performance Carbon Frontspoiler F87 - 51192449476"},"content":{"rendered":"<h2>Details zum Produkt<\/h2>\n<p>Der Carbon-Frontaufsatz ist aerodynamisch auf das Fahrzeug abgestimmt. Das Fahrzeug wird durch das hochwertige Carbon individualisiert und die sportliche Optik unterstrichen. Das Design ist optimal an das Fahrzeugdesign angepasst. Durch den Einsatz von Carbon wird eine maximale Steifigkeit bei geringem Gewicht f\u00fcr maximale Funktionalit\u00e4t erreicht. Der Carbon-Frontaufsatz ist in aufw\u00e4ndiger Handarbeit gefertigt. Das Bauteil wurde nach den Richtlinien der BMW Group entwickelt und abgesichert und hat somit die gewohnt hohe BMW Qualit\u00e4t. Der Carbon-Frontanbau hat eine hohe Passgenauigkeit und ist harmonisch auf alle anderen M Performance Parts am Fahrzeug abgestimmt. Das Bauteil ist bereits mit dem Gesamtfahrzeug homologiert. Eine separate T\u00dcV-Eintragung ist nicht erforderlich.<\/p>\n<h2>Lieferumfang<\/h2>\n<ul>\n<li>M Performance Carbon Frontaufsatz<\/li>\n<li>Befestigungsmaterial\n<ul>\n<li>2x 51717002953 Spreizniet<\/li>\n<li>2x 51481915964 Spreizniet<\/li>\n<li>4x 07147129160 Sechskantschraube mit Unterlegscheibe<\/li>\n<\/ul>\n<\/li>\n<\/ul>","protected":false},"excerpt":{"rendered":"<p>BMW M Performance Kohlefaser Frontspoiler M2 F87 Competition. Der M Performance Carbon-Frontaufsatz unterstreicht diesen sportlichen Auftritt.<\/p>","protected":false},"featured_media":86102,"template":"","meta":{"bwfblock_default_font":""},"product_brand":[],"product_cat":[1113],"product_tag":[],"class_list":{"0":"post-69943","1":"product","2":"type-product","3":"status-publish","4":"has-post-thumbnail","6":"product_cat-exterior","7":"product_shipping_class-oversized-items","8":"pa_brand-bmw","9":"pa_brand-m-performance","10":"pa_product-type-oem-original-equipment-manufacturer","11":"pa_vehicles-bmw-f87-m2","13":"first","14":"onbackorder","15":"taxable","16":"shipping-taxable","17":"purchasable","18":"product-type-simple"},"bundled_by":[],"bundle_stock_status":"onbackorder","bundle_stock_quantity":-6,"bundle_virtual":false,"bundle_layout":"","bundle_add_to_cart_form_location":"","bundle_editable_in_cart":false,"bundle_sold_individually_context":"","bundle_item_grouping":"","bundle_min_size":"","bundle_max_size":"","bundle_price":[],"bundled_items":[],"bundle_sell_ids":[],"_links":{"self":[{"href":"https:\/\/paddleshifterz.com\/de\/wp-json\/wp\/v2\/product\/69943","targetHints":{"allow":["GET"]}}],"collection":[{"href":"https:\/\/paddleshifterz.com\/de\/wp-json\/wp\/v2\/product"}],"about":[{"href":"https:\/\/paddleshifterz.com\/de\/wp-json\/wp\/v2\/types\/product"}],"wp:featuredmedia":[{"embeddable":true,"href":"https:\/\/paddleshifterz.com\/de\/wp-json\/wp\/v2\/media\/86102"}],"wp:attachment":[{"href":"https:\/\/paddleshifterz.com\/de\/wp-json\/wp\/v2\/media?parent=69943"}],"wp:term":[{"taxonomy":"product_brand","embeddable":true,"href":"https:\/\/paddleshifterz.com\/de\/wp-json\/wp\/v2\/product_brand?post=69943"},{"taxonomy":"product_cat","embeddable":true,"href":"https:\/\/paddleshifterz.com\/de\/wp-json\/wp\/v2\/product_cat?post=69943"},{"taxonomy":"product_tag","embeddable":true,"href":"https:\/\/paddleshifterz.com\/de\/wp-json\/wp\/v2\/product_tag?post=69943"}],"curies":[{"name":"wp","href":"https:\/\/api.w.org\/{rel}","templated":true}]}}