{"id":69950,"date":"2022-08-30T19:32:00","date_gmt":"2022-08-30T18:32:00","guid":{"rendered":"https:\/\/paddleshifterz.com\/product\/bmw-alufelge-y-speiche-763m-schmiederad-2er-f87-m2-coupe\/"},"modified":"2025-12-08T07:39:17","modified_gmt":"2025-12-08T06:39:17","slug":"oem-bmw-light-alloy-wheel-763m-10jx19-et40-36118053422","status":"publish","type":"product","link":"https:\/\/paddleshifterz.com\/de\/oem-bmw-light-alloy-wheel-763m-10jx19-et40-36118053422\/","title":{"rendered":"OEM BMW Leichtmetallrad 763M - 10Jx19 ET40 - 36118053422"},"content":{"rendered":"","protected":false},"excerpt":{"rendered":"<p>OEM BMW mattschwarzes Leichtmetallrad f\u00fcr BMW M2 F87.<\/p>\n<ul>\n<li>Farbe: Mattes Schwarz<\/li>\n<li>Versatz (mm): 40mm<\/li>\n<li>Felgenbreite: 10J<\/li>\n<li>Felgengr\u00f6\u00dfe: 19 Zoll<\/li>\n<li>Felgentyp: Original BMW Leichtmetallr\u00e4der<\/li>\n<li>Lochkreis: 120<\/li>\n<li>Geeignet f\u00fcr Schneeketten: Nein<\/li>\n<li>F\u00fcr die Hinterachse, R\u00e4der f\u00fcr die Vorderachse <a href=\"https:\/\/paddleshifterz.com\/de\/produkt\/bmw-alufelge-y-speiche-763m-schmiederad-9jx19-et-29-m2-f87-m3-f80-m4-f82-f83\/\">k\u00f6nnen hier gefunden werden<\/a><\/li>\n<\/ul>","protected":false},"featured_media":69975,"template":"","meta":{"bwfblock_default_font":""},"product_brand":[],"product_cat":[1107],"product_tag":[],"class_list":{"0":"post-69950","1":"product","2":"type-product","3":"status-publish","4":"has-post-thumbnail","6":"product_cat-bmw-mini-wheels-and-tires","7":"product_shipping_class-shifterz","8":"pa_brand-bmw","9":"pa_product-type-oem-original-equipment-manufacturer","10":"pa_vehicles-bmw-f87-m2","12":"first","13":"onbackorder","14":"taxable","15":"shipping-taxable","16":"purchasable","17":"product-type-simple"},"bundled_by":[],"bundle_stock_status":"onbackorder","bundle_stock_quantity":0,"bundle_virtual":false,"bundle_layout":"","bundle_add_to_cart_form_location":"","bundle_editable_in_cart":false,"bundle_sold_individually_context":"","bundle_item_grouping":"","bundle_min_size":"","bundle_max_size":"","bundle_price":[],"bundled_items":[],"bundle_sell_ids":[],"_links":{"self":[{"href":"https:\/\/paddleshifterz.com\/de\/wp-json\/wp\/v2\/product\/69950","targetHints":{"allow":["GET"]}}],"collection":[{"href":"https:\/\/paddleshifterz.com\/de\/wp-json\/wp\/v2\/product"}],"about":[{"href":"https:\/\/paddleshifterz.com\/de\/wp-json\/wp\/v2\/types\/product"}],"wp:featuredmedia":[{"embeddable":true,"href":"https:\/\/paddleshifterz.com\/de\/wp-json\/wp\/v2\/media\/69975"}],"wp:attachment":[{"href":"https:\/\/paddleshifterz.com\/de\/wp-json\/wp\/v2\/media?parent=69950"}],"wp:term":[{"taxonomy":"product_brand","embeddable":true,"href":"https:\/\/paddleshifterz.com\/de\/wp-json\/wp\/v2\/product_brand?post=69950"},{"taxonomy":"product_cat","embeddable":true,"href":"https:\/\/paddleshifterz.com\/de\/wp-json\/wp\/v2\/product_cat?post=69950"},{"taxonomy":"product_tag","embeddable":true,"href":"https:\/\/paddleshifterz.com\/de\/wp-json\/wp\/v2\/product_tag?post=69950"}],"curies":[{"name":"wp","href":"https:\/\/api.w.org\/{rel}","templated":true}]}}