{"id":70039,"date":"2022-09-01T18:52:53","date_gmt":"2022-09-01T17:52:53","guid":{"rendered":"https:\/\/paddleshifterz.com\/?post_type=product&#038;p=70039"},"modified":"2026-01-01T12:54:30","modified_gmt":"2026-01-01T11:54:30","slug":"oem-bmw-m4-csl-rear-trunk-lid-right-light-63215a261e6","status":"publish","type":"product","link":"https:\/\/paddleshifterz.com\/de\/oem-bmw-m4-csl-rear-trunk-lid-right-light-63215a261e6\/","title":{"rendered":"OEM BMW M4 CSL trunk lid right light EU-RHD &#8211; 63215A261E6"},"content":{"rendered":"","protected":false},"excerpt":{"rendered":"<p>Original OEM BMW M4 CSL Kofferraumdeckel hinten rechts Licht - 63215A261E6<\/p>\n<p><strong>F\u00fcr Fahrzeuge mit europ\u00e4ischer Spezifikation und Rechtslenkung.<\/strong><\/p>\n<p>Dieses Produkt enth\u00e4lt nur die rechte Deckelr\u00fcckleuchte, <a href=\"https:\/\/paddleshifterz.com\/de\/oem-bmw-g82-m4-csl-taillights-set-eu-spec-rhd\/\">f\u00fcr ein komplettes R\u00fccklichtset w\u00e4hlen Sie dieses Produkt hier<\/a>.<\/p>","protected":false},"featured_media":71375,"template":"","meta":{"bwfblock_default_font":""},"product_brand":[],"product_cat":[1113,1094],"product_tag":[],"class_list":{"0":"post-70039","1":"product","2":"type-product","3":"status-publish","4":"has-post-thumbnail","6":"product_cat-exterior","7":"product_cat-headlights-taillights","8":"product_shipping_class-shifterz","9":"pa_brand-bmw","10":"pa_product-type-oem-original-equipment-manufacturer","11":"pa_vehicles-bmw-g22","12":"pa_vehicles-bmw-g26-grancoupe","13":"pa_vehicles-bmw-g82-m4-csl","14":"pa_vehicles-bmw-g82-m4","15":"pa_vehicles-bmw-i4-g26","17":"first","18":"instock","19":"taxable","20":"shipping-taxable","21":"purchasable","22":"product-type-simple"},"bundled_by":["70722"],"bundle_stock_status":"instock","bundle_stock_quantity":7,"bundle_virtual":false,"bundle_layout":"","bundle_add_to_cart_form_location":"","bundle_editable_in_cart":false,"bundle_sold_individually_context":"","bundle_item_grouping":"","bundle_min_size":"","bundle_max_size":"","bundle_price":[],"bundled_items":[],"bundle_sell_ids":[],"_links":{"self":[{"href":"https:\/\/paddleshifterz.com\/de\/wp-json\/wp\/v2\/product\/70039","targetHints":{"allow":["GET"]}}],"collection":[{"href":"https:\/\/paddleshifterz.com\/de\/wp-json\/wp\/v2\/product"}],"about":[{"href":"https:\/\/paddleshifterz.com\/de\/wp-json\/wp\/v2\/types\/product"}],"wp:featuredmedia":[{"embeddable":true,"href":"https:\/\/paddleshifterz.com\/de\/wp-json\/wp\/v2\/media\/71375"}],"wp:attachment":[{"href":"https:\/\/paddleshifterz.com\/de\/wp-json\/wp\/v2\/media?parent=70039"}],"wp:term":[{"taxonomy":"product_brand","embeddable":true,"href":"https:\/\/paddleshifterz.com\/de\/wp-json\/wp\/v2\/product_brand?post=70039"},{"taxonomy":"product_cat","embeddable":true,"href":"https:\/\/paddleshifterz.com\/de\/wp-json\/wp\/v2\/product_cat?post=70039"},{"taxonomy":"product_tag","embeddable":true,"href":"https:\/\/paddleshifterz.com\/de\/wp-json\/wp\/v2\/product_tag?post=70039"}],"curies":[{"name":"wp","href":"https:\/\/api.w.org\/{rel}","templated":true}]}}