{"id":70086,"date":"2022-09-08T15:12:15","date_gmt":"2022-09-08T14:12:15","guid":{"rendered":"https:\/\/paddleshifterz.com\/?post_type=product&#038;p=70086"},"modified":"2026-03-23T14:18:57","modified_gmt":"2026-03-23T13:18:57","slug":"ac-schnitzer-frontsplitter-i4-g26-5111326330","status":"publish","type":"product","link":"https:\/\/paddleshifterz.com\/de\/ac-schnitzer-frontsplitter-i4-g26-5111326330\/","title":{"rendered":"AC Schnitzer Frontsplitter i4 G26 - 5111326330"},"content":{"rendered":"","protected":false},"excerpt":{"rendered":"<p><b>Produkt-Informationen:<\/b><\/p>\n<p>Material: ASA (Acrylester-Styrol-Acrylnitril)<br \/>\nASA ist ein UV-best\u00e4ndiges, ausbleichresistentes Allzweckmaterial mit den mechanischen Eigenschaften eines ABS-Kunststoffes. Das Material verf\u00fcgt \u00fcber eine hohe mechanische Widerstandsf\u00e4higkeit in Verbindung mit einer bestm\u00f6glichen Oberfl\u00e4chenbeschaffenheit und \u00c4sthetik.<br \/>\nDie AC Schnitzer Aerodynamikkomponenten greifen die Linienf\u00fchrung des jeweiligen Fahrzeugs auf, verst\u00e4rken diese dezent und verleihen der Karosserie aufregend neue Konturen.<br \/>\nEfficient Performance by AC Schnitzer<br \/>\nDie original AC Schnitzer Aerodynamikkomponenten verbessern durch die Minimierung des Luftwiderstands das Fahrverhalten<br \/>\nSteigerung der Sicherheit<br \/>\nHohe Langlebigkeit durch den Einsatz von qualitativ hochwertigen Materialien, Passgenauigkeit auf Serienniveau, einfache Lackier- und Verbaubarkeit, Teilegutachten<br \/>\nErh\u00f6hter Fahrspa\u00df<br \/>\nSp\u00fcrbare Steigerung der Sportlichkeit Ihres Fahrzeuges durch die AC Schnitzer Aerodynamikkomponenten, die Sie noch intensiver erleben k\u00f6nnen<\/p>\n<p><b>Philosophie<\/b><br \/>\nFrei von allen Kompromissen der Gro\u00dfserie entwickelt AC Schnitzer ma\u00dfgeschneiderte Komponenten mit dem Anspruch h\u00f6chster Perfektion.<br \/>\n\"Form follows function\" - Nach diesem Grundsatz werden von Ingenieuren und Designern die Aerodynamikkomponenten f\u00fcr BMW konsequent arrangiert.<br \/>\nDie AC Schnitzer Aerodynamikkomponenten greifen die Linienf\u00fchrung des jeweiligen Basisfahrzeugs auf, verst\u00e4rken diese dezent und verleihen der Karosserie aufregend neue Konturen.<br \/>\nGleichzeitig zeigen sie aber auch echte Wirkung: Sie erh\u00f6hen den Abtrieb an Vorder- und\/oder Hinterachse und sorgen so f\u00fcr zus\u00e4tzliche Bodenhaftung.<br \/>\nBei der Produktion unserer AC Schnitzer Aerodynamikkomponenten werden ausschlie\u00dflich hochwertige Verbundstoffe eingesetzt. Denn nur diese Materialien werden unserem hohen Qualit\u00e4tsanspruch gerecht.<\/p>\n<p><b>Material: ASA (Acrylnitril-Styrol-Acrylester)<\/b><br \/>\nASA ist ein hochtechnisches Polymer f\u00fcr die Verwendung im Au\u00dfenbereich. Dieser Kunststoff zeichnet sich durch seine besonders hohe Festigkeit, Steifigkeit und Witterungsbest\u00e4ndigkeit aus. Diese Eigenschaften verdankt ASA seinem besonderen Inhaltsstoff: Acrylesterkautschuk.<br \/>\nWir verarbeiten ASA als Plattenmaterial, d.h. die Teile werden \u201eaus dem vollen Material\u201c gefr\u00e4st. Hierbei wird auch die hochwertige, matte und kratzfeste, schwarze Oberfl\u00e4che herausgearbeitet, die typisch f\u00fcr ASA ist. Die Oberfl\u00e4che von ASA bedarf keiner weiteren Oberfl\u00e4chenbehandlung; AC Schnitzer Aerodynamikkomponenten aus ASA k\u00f6nnen direkt verbaut werden.\u00a0Nat\u00fcrlich ist eine Lackierung auf Wunsch trotzdem m\u00f6glich. Nachdem die Oberfl\u00e4che des ASA Materials vorbehandelt wurde, kann es in jeder Farbe lackiert werden.<\/p>\n<p><b>Kreatives Design<\/b><br \/>\nPUR, ASA oder Carbon: bei AC Schnitzer stammen alle Designentw\u00fcrfe von einem echten italienischen K\u00fcnstler: Michele Viandante; er ist seit vielen Jahren der Head Designer bei AC Schnitzer. Nat\u00fcrlich sind seine Designs nicht nur sch\u00f6n, sie m\u00fcssen sich auch bew\u00e4hren: z. B. werden viele Teile im Windkanal auf ihre Funktion \u00fcberpr\u00fcft.<\/p>\n<p><b>Tests<\/b><br \/>\nStimmen die Berechnungen mit den Ergebnissen \u00fcberein, stehen weitere Pr\u00fcfungen an. Crashtests mit Dummies \u00fcberpr\u00fcfen, ob z. B. der Fu\u00dfg\u00e4ngerschutz eingehalten wird. Erst wenn alle Tests abgeschlossen sind und die Gutachten erteilt wurden, gehen die AC Schnitzer Aerodynamikkomponenten in den weltweiten Verkauf.<\/p>\n<p><b>Gutachten<\/b><br \/>\nDas Teilegutachten ist eine offizielle Urkunde, welche die Verwendung von Tuningteilen im \u00f6ffentlichen Stra\u00dfenverkehr im Rahmen der StVZO in Deutschland (und einigen weiteren Staaten) erlaubt. Nach erfolgtem Ein- oder Umbau des im Gutachten beschriebenen Teils, muss das Fahrzeug einer offiziellen Pr\u00fcfstelle vorgef\u00fchrt werden. Der Pr\u00fcfer stellt den korrekten Verbau sowie die Echtheit des Teils fest und tr\u00e4gt im Anschluss die Modifikation in die Fahrzeugpapiere ein. Die offizielle Betriebserlaubnis des Fahrzeugs bleibt somit bestehen. Das Teilegutachten ist Teil des Lieferumfangs.<\/p>\n<p><b>Lieferumfang: <\/b><br \/>\n&#8211; Frontsplitter inkl. Mittelsteg<br \/>\n- Montagepaket fahrzeugspezifisch<br \/>\n&#8211; Montageanleitung<br \/>\n- Gutachten<\/p>\n<p><b>Einzigartigkeit des Frontsplitters<\/b><br \/>\n&#8211; Frontsplitter, schwarz matt<br \/>\n&#8211; ohne Lackierung einsetzbar<br \/>\n&#8211; Erh\u00f6hung des Abtriebs an der Vorderachse<br \/>\n- sportlichere Optik<br \/>\n- Hergestellt in Deutschland<br \/>\n&#8211; hergestellt aus hochwertigem ASA<br \/>\n&#8211; einfache Verbaubarkeit<br \/>\n&#8211; hohe Witterungsbest\u00e4ndigkeit<br \/>\n- exklusiv f\u00fcr BMW 4er Gran Coup\u00e9 (G26) entwickelt<br \/>\n- Gew\u00e4hrleistung 2 Jahre<\/p>","protected":false},"featured_media":70087,"template":"","meta":{"bwfblock_default_font":""},"product_brand":[],"product_cat":[1113,1317],"product_tag":[],"class_list":{"0":"post-70086","1":"product","2":"type-product","3":"status-publish","4":"has-post-thumbnail","6":"product_cat-exterior","7":"product_cat-front-bumper-and-accessories","8":"product_shipping_class-oversized-items","9":"pa_brand-ac-schnitzer","10":"pa_product-type-aftermarket","11":"pa_vehicles-bmw-i4-g26","13":"first","14":"outofstock","15":"taxable","16":"shipping-taxable","17":"purchasable","18":"product-type-simple"},"bundled_by":[],"bundle_stock_status":"outofstock","bundle_stock_quantity":0,"bundle_virtual":false,"bundle_layout":"","bundle_add_to_cart_form_location":"","bundle_editable_in_cart":false,"bundle_sold_individually_context":"","bundle_item_grouping":"","bundle_min_size":"","bundle_max_size":"","bundle_price":[],"bundled_items":[],"bundle_sell_ids":[],"_links":{"self":[{"href":"https:\/\/paddleshifterz.com\/de\/wp-json\/wp\/v2\/product\/70086","targetHints":{"allow":["GET"]}}],"collection":[{"href":"https:\/\/paddleshifterz.com\/de\/wp-json\/wp\/v2\/product"}],"about":[{"href":"https:\/\/paddleshifterz.com\/de\/wp-json\/wp\/v2\/types\/product"}],"wp:featuredmedia":[{"embeddable":true,"href":"https:\/\/paddleshifterz.com\/de\/wp-json\/wp\/v2\/media\/70087"}],"wp:attachment":[{"href":"https:\/\/paddleshifterz.com\/de\/wp-json\/wp\/v2\/media?parent=70086"}],"wp:term":[{"taxonomy":"product_brand","embeddable":true,"href":"https:\/\/paddleshifterz.com\/de\/wp-json\/wp\/v2\/product_brand?post=70086"},{"taxonomy":"product_cat","embeddable":true,"href":"https:\/\/paddleshifterz.com\/de\/wp-json\/wp\/v2\/product_cat?post=70086"},{"taxonomy":"product_tag","embeddable":true,"href":"https:\/\/paddleshifterz.com\/de\/wp-json\/wp\/v2\/product_tag?post=70086"}],"curies":[{"name":"wp","href":"https:\/\/api.w.org\/{rel}","templated":true}]}}