{"id":70113,"date":"2022-09-09T10:30:37","date_gmt":"2022-09-09T09:30:37","guid":{"rendered":"https:\/\/paddleshifterz.com\/?post_type=product&#038;p=70113"},"modified":"2026-04-07T05:44:14","modified_gmt":"2026-04-07T04:44:14","slug":"oem-bmw-m-performance-carbon-fiber-diffuser-51-19-2-472-778","status":"publish","type":"product","link":"https:\/\/paddleshifterz.com\/de\/oem-bmw-m-performance-carbon-fiber-diffuser-51-19-2-472-778\/","title":{"rendered":"OEM BMW M Performance Diffusor aus Kohlefaser - 51192472778"},"content":{"rendered":"","protected":false},"excerpt":{"rendered":"<p>Die M Performance Aerodynamik- und Exterieurkomponenten f\u00fcr das 4er Gran Coup\u00e9 (G26) und den BMW i4 (G26 BEV). Sie bestehen aus hochwertigem Carbon, Aramid oder schwarzem Hochglanz-PUR und unterstreichen den sportlichen Auftritt des Fahrzeugs. Die Carbon- und Aramid-Komponenten erg\u00e4nzen die Sonderausstattung Carbon-Paket (SA 71C) perfekt.<\/p>\n<p><strong>For vehicles with M Aerodynamics package S715A, without Trailer coupling S3ACA feature.<\/strong><\/p>\n<p>Einzelheiten zum Produkt:<\/p>\n<ul>\n<li>Attraktives, sportliches Aussehen.<\/li>\n<li>Optimale Abstimmung auf das Fahrzeug.<\/li>\n<li>Einfache Konstruktion<\/li>\n<li>Frontanbau: Das innovative Design l\u00e4sst die Front deutlich kraftvoller erscheinen und erm\u00f6glicht einen sportlicheren Fahrstil.<\/li>\n<li>Heck: Der Heckdiffusor und der Heckspoiler runden den Carbon-Rundum-Look perfekt ab.<\/li>\n<li>Die M Performance Aerodynamik- und Exterieurkomponenten sind technisch perfekt aufeinander abgestimmt.<\/li>\n<li>Die Form und das Design der Bauteile wurden speziell f\u00fcr das BMW 4er Gran Coup\u00e9 (G26) und den BMW i4 (G26 BEV) entwickelt. Die Teile f\u00fcgen sich perfekt in die Geometrie und Optik des Fahrzeugs ein.<\/li>\n<li>Die markanten Teile stellen eine klare Abgrenzung zum Serienfahrzeug dar.<\/li>\n<li>Die aufwendige Herstellung der Bauteile verleiht den Komponenten ein hochwertiges Aussehen.<\/li>\n<\/ul>\n<p>F\u00fcr G26 i4 wird empfohlen, die <a href=\"https:\/\/paddleshifterz.com\/de\/oem-bmw-m-performance-bumper-trim-black-high-gloss-rear-51195a36857\/\">OEM BMW M Performance Sto\u00dff\u00e4ngerverkleidung schwarz hochgl\u00e4nzend hinten - 51195A36857<\/a><\/p>","protected":false},"featured_media":73139,"template":"","meta":{"bwfblock_default_font":""},"product_brand":[],"product_cat":[1313,1113],"product_tag":[],"class_list":{"0":"post-70113","1":"product","2":"type-product","3":"status-publish","4":"has-post-thumbnail","6":"product_cat-diffusers","7":"product_cat-exterior","8":"product_shipping_class-shifterz","9":"pa_brand-bmw","10":"pa_brand-m-performance","11":"pa_product-type-oem-original-equipment-manufacturer","12":"pa_vehicles-bmw-g26-grancoupe","13":"pa_vehicles-bmw-i4-g26","15":"first","16":"onbackorder","17":"taxable","18":"shipping-taxable","19":"purchasable","20":"product-type-simple"},"bundled_by":[],"bundle_stock_status":"onbackorder","bundle_stock_quantity":-5,"bundle_virtual":false,"bundle_layout":"","bundle_add_to_cart_form_location":"","bundle_editable_in_cart":false,"bundle_sold_individually_context":"","bundle_item_grouping":"","bundle_min_size":"","bundle_max_size":"","bundle_price":[],"bundled_items":[],"bundle_sell_ids":[],"_links":{"self":[{"href":"https:\/\/paddleshifterz.com\/de\/wp-json\/wp\/v2\/product\/70113","targetHints":{"allow":["GET"]}}],"collection":[{"href":"https:\/\/paddleshifterz.com\/de\/wp-json\/wp\/v2\/product"}],"about":[{"href":"https:\/\/paddleshifterz.com\/de\/wp-json\/wp\/v2\/types\/product"}],"wp:featuredmedia":[{"embeddable":true,"href":"https:\/\/paddleshifterz.com\/de\/wp-json\/wp\/v2\/media\/73139"}],"wp:attachment":[{"href":"https:\/\/paddleshifterz.com\/de\/wp-json\/wp\/v2\/media?parent=70113"}],"wp:term":[{"taxonomy":"product_brand","embeddable":true,"href":"https:\/\/paddleshifterz.com\/de\/wp-json\/wp\/v2\/product_brand?post=70113"},{"taxonomy":"product_cat","embeddable":true,"href":"https:\/\/paddleshifterz.com\/de\/wp-json\/wp\/v2\/product_cat?post=70113"},{"taxonomy":"product_tag","embeddable":true,"href":"https:\/\/paddleshifterz.com\/de\/wp-json\/wp\/v2\/product_tag?post=70113"}],"curies":[{"name":"wp","href":"https:\/\/api.w.org\/{rel}","templated":true}]}}