{"id":70118,"date":"2022-09-09T10:46:51","date_gmt":"2022-09-09T09:46:51","guid":{"rendered":"https:\/\/paddleshifterz.com\/?post_type=product&#038;p=70118"},"modified":"2026-01-01T11:39:06","modified_gmt":"2026-01-01T10:39:06","slug":"oem-bmw-m-performance-gloss-black-rear-bumper-cover-51-19-5-a36-853","status":"publish","type":"product","link":"https:\/\/paddleshifterz.com\/de\/oem-bmw-m-performance-gloss-black-rear-bumper-cover-51-19-5-a36-853\/","title":{"rendered":"Original BMW M Performance Hecksto\u00dfstange \u2013 51195A36853"},"content":{"rendered":"","protected":false},"excerpt":{"rendered":"<p>OEM BMW M Performance Hochglanz schwarz Hecksto\u00dfstangenabdeckung f\u00fcr BMW 4er G26. (F\u00fcr BMW 4er I4 G26, bitte beachten Sie <a href=\"https:\/\/paddleshifterz.com\/de\/oem-bmw-m-performance-bumper-trim-black-high-gloss-rear-51195a36857\/\">dieses Produkt.<\/a>)<\/p>\n<p><b>Nur in Verbindung mit <a href=\"https:\/\/paddleshifterz.com\/de\/oem-bmw-m-performance-carbon-fiber-diffuser-51-19-2-472-778\/\">OEM BMW M Performance Carbon-Diffusor.<\/a><\/b><\/p>\n<p>Teilenummer: 51 19 5 A36 853, 51195A36853<\/p>","protected":false},"featured_media":70119,"template":"","meta":{"bwfblock_default_font":""},"product_brand":[],"product_cat":[1113],"product_tag":[],"class_list":{"0":"post-70118","1":"product","2":"type-product","3":"status-publish","4":"has-post-thumbnail","6":"product_cat-exterior","7":"product_shipping_class-oversized-items","8":"pa_brand-bmw","9":"pa_brand-m-performance","10":"pa_product-type-oem-original-equipment-manufacturer","11":"pa_vehicles-bmw-g26-grancoupe","13":"first","14":"onbackorder","15":"taxable","16":"shipping-taxable","17":"purchasable","18":"product-type-simple"},"bundled_by":[],"bundle_stock_status":"onbackorder","bundle_stock_quantity":0,"bundle_virtual":false,"bundle_layout":"","bundle_add_to_cart_form_location":"","bundle_editable_in_cart":false,"bundle_sold_individually_context":"","bundle_item_grouping":"","bundle_min_size":"","bundle_max_size":"","bundle_price":[],"bundled_items":[],"bundle_sell_ids":[],"_links":{"self":[{"href":"https:\/\/paddleshifterz.com\/de\/wp-json\/wp\/v2\/product\/70118","targetHints":{"allow":["GET"]}}],"collection":[{"href":"https:\/\/paddleshifterz.com\/de\/wp-json\/wp\/v2\/product"}],"about":[{"href":"https:\/\/paddleshifterz.com\/de\/wp-json\/wp\/v2\/types\/product"}],"wp:featuredmedia":[{"embeddable":true,"href":"https:\/\/paddleshifterz.com\/de\/wp-json\/wp\/v2\/media\/70119"}],"wp:attachment":[{"href":"https:\/\/paddleshifterz.com\/de\/wp-json\/wp\/v2\/media?parent=70118"}],"wp:term":[{"taxonomy":"product_brand","embeddable":true,"href":"https:\/\/paddleshifterz.com\/de\/wp-json\/wp\/v2\/product_brand?post=70118"},{"taxonomy":"product_cat","embeddable":true,"href":"https:\/\/paddleshifterz.com\/de\/wp-json\/wp\/v2\/product_cat?post=70118"},{"taxonomy":"product_tag","embeddable":true,"href":"https:\/\/paddleshifterz.com\/de\/wp-json\/wp\/v2\/product_tag?post=70118"}],"curies":[{"name":"wp","href":"https:\/\/api.w.org\/{rel}","templated":true}]}}