{"id":70128,"date":"2022-09-10T12:43:23","date_gmt":"2022-09-10T11:43:23","guid":{"rendered":"https:\/\/paddleshifterz.com\/?post_type=product&#038;p=70128"},"modified":"2026-02-17T19:34:58","modified_gmt":"2026-02-17T18:34:58","slug":"oem-bmw-gloss-black-supporting-ring-for-m-mirror-caps-g26","status":"publish","type":"product","link":"https:\/\/paddleshifterz.com\/de\/oem-bmw-gloss-black-supporting-ring-for-m-mirror-caps-g26\/","title":{"rendered":"OEM BMW Schwarze St\u00fctzring f\u00fcr M Spiegelkappen"},"content":{"rendered":"<h2>Spezifikationen<\/h2>\n<ul>\n<li>Original BMW Produkte<\/li>\n<li>Ausf\u00fchrung: schwarz gl\u00e4nzend<\/li>\n<li>Material: Kunststoff<\/li>\n<li>Das Paket enth\u00e4lt sowohl die linke als auch die rechte Seite.<\/li>\n<li>Erh\u00e4ltlich f\u00fcr Fahrzeuge mit Links- und Rechtslenkung.<\/li>\n<li>Teilenummern\n<ul>\n<li>LHD:\n<ul>\n<li>51 16 8 746 848, 51168746848<\/li>\n<\/ul>\n<\/li>\n<li>RHD:\n<ul>\n<li>51 16 8 746 850, 51168746850<\/li>\n<\/ul>\n<\/li>\n<\/ul>\n<\/li>\n<\/ul>\n<h2>Unboxing<\/h2>\n<p>Schauen Sie sich das Unboxing-Video unten an, um zu sehen, was sich in der Schachtel befindet, und um sich das Produkt vor dem Kauf genauer anzusehen.<\/p>\n<p><iframe loading=\"lazy\" title=\"YouTube-Video-Player\" src=\"https:\/\/www.youtube.com\/embed\/Xjzac4wS_bs\" width=\"560\" height=\"315\" frameborder=\"0\" allowfullscreen=\"allowfullscreen\"><\/iframe><\/p>","protected":false},"excerpt":{"rendered":"<p>OEM BMW Teil f\u00fcr BMW G-Serie. Wandeln Sie Ihre Standard-Spiegel in \/\/\/M-Stil Spiegel, genau wie in der M440i. Es wird empfohlen, die Spiegelkappen ebenfalls umzur\u00fcsten, da die serienm\u00e4\u00dfigen Kappen im \/\/\/M-Stil nicht mehr passen. Sie k\u00f6nnen die Standard <a href=\"https:\/\/paddleshifterz.com\/de\/produkt\/oem-bmw-primed-m-mirror-caps-g26\/\">unlackierte Spiegelkappen<\/a> oder die <a href=\"https:\/\/paddleshifterz.com\/de\/produkt\/carbon-fiber-mirror-caps-oem-bmw-m-performance-g8x\/\">M performance carbon fiber ones<\/a>.<\/p>","protected":false},"featured_media":70644,"template":"","meta":{"bwfblock_default_font":""},"product_brand":[],"product_cat":[1113,1114],"product_tag":[],"class_list":{"0":"post-70128","1":"product","2":"type-product","3":"status-publish","4":"has-post-thumbnail","6":"product_cat-exterior","7":"product_cat-mirror-caps-accessories","8":"product_shipping_class-shifterz","9":"pa_brand-bmw","10":"pa_product-type-oem-original-equipment-manufacturer","11":"pa_vehicles-bmw-g20","12":"pa_vehicles-bmw-g21","13":"pa_vehicles-bmw-g22","14":"pa_vehicles-bmw-g23","15":"pa_vehicles-bmw-g26-grancoupe","16":"pa_vehicles-bmw-g42","17":"pa_vehicles-bmw-g80-m3","18":"pa_vehicles-bmw-g81-m3-touring","19":"pa_vehicles-bmw-g82-m4-csl","20":"pa_vehicles-bmw-g82-m4","21":"pa_vehicles-bmw-g87-m2","22":"pa_vehicles-bmw-i4-g26","24":"first","25":"onbackorder","26":"taxable","27":"shipping-taxable","28":"purchasable","29":"product-type-variable"},"bundled_by":["77124","77123"],"bundle_stock_status":"onbackorder","bundle_stock_quantity":-36,"bundle_virtual":false,"bundle_layout":"","bundle_add_to_cart_form_location":"","bundle_editable_in_cart":false,"bundle_sold_individually_context":"","bundle_item_grouping":"","bundle_min_size":"","bundle_max_size":"","bundle_price":[],"bundled_items":[],"bundle_sell_ids":[],"_links":{"self":[{"href":"https:\/\/paddleshifterz.com\/de\/wp-json\/wp\/v2\/product\/70128","targetHints":{"allow":["GET"]}}],"collection":[{"href":"https:\/\/paddleshifterz.com\/de\/wp-json\/wp\/v2\/product"}],"about":[{"href":"https:\/\/paddleshifterz.com\/de\/wp-json\/wp\/v2\/types\/product"}],"wp:featuredmedia":[{"embeddable":true,"href":"https:\/\/paddleshifterz.com\/de\/wp-json\/wp\/v2\/media\/70644"}],"wp:attachment":[{"href":"https:\/\/paddleshifterz.com\/de\/wp-json\/wp\/v2\/media?parent=70128"}],"wp:term":[{"taxonomy":"product_brand","embeddable":true,"href":"https:\/\/paddleshifterz.com\/de\/wp-json\/wp\/v2\/product_brand?post=70128"},{"taxonomy":"product_cat","embeddable":true,"href":"https:\/\/paddleshifterz.com\/de\/wp-json\/wp\/v2\/product_cat?post=70128"},{"taxonomy":"product_tag","embeddable":true,"href":"https:\/\/paddleshifterz.com\/de\/wp-json\/wp\/v2\/product_tag?post=70128"}],"curies":[{"name":"wp","href":"https:\/\/api.w.org\/{rel}","templated":true}]}}