{"id":70133,"date":"2022-09-10T12:58:33","date_gmt":"2022-09-10T11:58:33","guid":{"rendered":"https:\/\/paddleshifterz.com\/?post_type=product&#038;p=70133"},"modified":"2026-03-28T13:04:09","modified_gmt":"2026-03-28T12:04:09","slug":"oem-bmw-primed-m-mirror-caps-g26","status":"publish","type":"product","link":"https:\/\/paddleshifterz.com\/de\/oem-bmw-primed-m-mirror-caps-g26\/","title":{"rendered":"OEM BMW Grundierte M Style Spiegelkappen - G Serie"},"content":{"rendered":"<h2>Spezifikationen<\/h2>\n<ul>\n<li><strong>Beenden:<\/strong> grundiert (muss noch lackiert werden, um der Au\u00dfenfarbe Ihres Fahrzeugs zu entsprechen)<\/li>\n<li><strong>Material:<\/strong> Kunststoff<\/li>\n<li>Das Paket enth\u00e4lt sowohl die linke als auch die rechte Seite.<\/li>\n<li>Erh\u00e4ltlich f\u00fcr Fahrzeuge mit Links- und Rechtslenkung<\/li>\n<\/ul>\n<h2>Passende Fahrzeuge<\/h2>\n<p>Diese Spiegelkappen k\u00f6nnen in alle 2er, 3er und 4er BMWs der G-Serie eingebaut werden. Siehe die vollst\u00e4ndige Liste unten:<\/p>\n<ul>\n<li>BMW G42<\/li>\n<li><a href=\"https:\/\/paddleshifterz.com\/de\/vehicles\/bmw-g87-m2\/\">BMW G87 M2<\/a><\/li>\n<li>BMW G20<\/li>\n<li>BMW G21<\/li>\n<li><a href=\"https:\/\/paddleshifterz.com\/de\/vehicles\/bmw-g80-m3\/\">BMW G80 M3<\/a><\/li>\n<li><a href=\"https:\/\/paddleshifterz.com\/de\/vehicles\/bmw-g81-m3-touring\/\">BMW G81 M3 Touring<\/a><\/li>\n<li>BMW G22<\/li>\n<li>BMW G23<\/li>\n<li>BMW G26<\/li>\n<li><a href=\"https:\/\/paddleshifterz.com\/de\/vehicles\/bmw-i4-g26\/\">BMW G26 i4<\/a><\/li>\n<li><a href=\"https:\/\/paddleshifterz.com\/de\/vehicles\/bmw-g82-m4\/\">BMW G82 M4<\/a><\/li>\n<li>BMW G83 M4<\/li>\n<\/ul>\n<p>Durchsuchen Sie unsere anderen <a href=\"https:\/\/paddleshifterz.com\/de\/exterior\/mirror-caps-accessories\/\">Spiegelkappen und Zubeh\u00f6r hier<\/a>. Die Kohlefaser M-Stil <a href=\"https:\/\/paddleshifterz.com\/de\/produkt\/carbon-fiber-mirror-caps-oem-bmw-m-performance-g8x\/\">Spiegelkappen sind hier zu finden.<\/a><\/p>","protected":false},"excerpt":{"rendered":"<p>OEM BMW Spiegelkappen f\u00fcr BMW G-Serie. Wandeln Sie Ihre Standard-Spiegel in \/\/\/M-Stil Spiegel, genau wie in der BMW G82 M4. Um das Upgrade in Ihrem nicht M BMW zu vervollst\u00e4ndigen, w\u00fcrden Sie die St\u00fctzringe als auch ben\u00f6tigen, <a href=\"https:\/\/paddleshifterz.com\/de\/oem-bmw-gloss-black-supporting-ring-for-m-mirror-caps-g26\/\">Sie finden sie hier.<\/a><\/p>\n<p>SKU: 51169500711-51169500712 (Left hand drive), 51169500713-51169500714 (Right hand drive)<\/p>","protected":false},"featured_media":70649,"template":"","meta":{"bwfblock_default_font":""},"product_brand":[],"product_cat":[1113,1114],"product_tag":[],"class_list":{"0":"post-70133","1":"product","2":"type-product","3":"status-publish","4":"has-post-thumbnail","6":"product_cat-exterior","7":"product_cat-mirror-caps-accessories","8":"product_shipping_class-shifterz","9":"pa_brand-bmw","10":"pa_product-type-oem-original-equipment-manufacturer","11":"pa_vehicles-bmw-g20","12":"pa_vehicles-bmw-g21","13":"pa_vehicles-bmw-g22","14":"pa_vehicles-bmw-g23","15":"pa_vehicles-bmw-g26-grancoupe","16":"pa_vehicles-bmw-g42","17":"pa_vehicles-bmw-g80-m3","18":"pa_vehicles-bmw-g81-m3-touring","19":"pa_vehicles-bmw-g82-m4-csl","20":"pa_vehicles-bmw-g82-m4","21":"pa_vehicles-bmw-g87-m2","22":"pa_vehicles-bmw-i4-g26","24":"first","25":"onbackorder","26":"taxable","27":"shipping-taxable","28":"purchasable","29":"product-type-variable"},"bundled_by":["77124"],"bundle_stock_status":"onbackorder","bundle_stock_quantity":-25,"bundle_virtual":false,"bundle_layout":"","bundle_add_to_cart_form_location":"","bundle_editable_in_cart":false,"bundle_sold_individually_context":"","bundle_item_grouping":"","bundle_min_size":"","bundle_max_size":"","bundle_price":[],"bundled_items":[],"bundle_sell_ids":[],"_links":{"self":[{"href":"https:\/\/paddleshifterz.com\/de\/wp-json\/wp\/v2\/product\/70133","targetHints":{"allow":["GET"]}}],"collection":[{"href":"https:\/\/paddleshifterz.com\/de\/wp-json\/wp\/v2\/product"}],"about":[{"href":"https:\/\/paddleshifterz.com\/de\/wp-json\/wp\/v2\/types\/product"}],"wp:featuredmedia":[{"embeddable":true,"href":"https:\/\/paddleshifterz.com\/de\/wp-json\/wp\/v2\/media\/70649"}],"wp:attachment":[{"href":"https:\/\/paddleshifterz.com\/de\/wp-json\/wp\/v2\/media?parent=70133"}],"wp:term":[{"taxonomy":"product_brand","embeddable":true,"href":"https:\/\/paddleshifterz.com\/de\/wp-json\/wp\/v2\/product_brand?post=70133"},{"taxonomy":"product_cat","embeddable":true,"href":"https:\/\/paddleshifterz.com\/de\/wp-json\/wp\/v2\/product_cat?post=70133"},{"taxonomy":"product_tag","embeddable":true,"href":"https:\/\/paddleshifterz.com\/de\/wp-json\/wp\/v2\/product_tag?post=70133"}],"curies":[{"name":"wp","href":"https:\/\/api.w.org\/{rel}","templated":true}]}}