{"id":70169,"date":"2022-09-13T10:01:48","date_gmt":"2022-09-13T09:01:48","guid":{"rendered":"https:\/\/paddleshifterz.com\/?post_type=product&#038;p=70169"},"modified":"2026-02-24T07:49:45","modified_gmt":"2026-02-24T06:49:45","slug":"oem-bmw-m-performance-floor-mats-g26-i4-51-47-5-a43-3b0-51-47-5-a43-3d2","status":"publish","type":"product","link":"https:\/\/paddleshifterz.com\/de\/oem-bmw-m-performance-floor-mats-g26-i4-51-47-5-a43-3b0-51-47-5-a43-3d2\/","title":{"rendered":"OEM BMW M Performance Fu\u00dfmatten I4 51475A433B0-51475A433D2"},"content":{"rendered":"<p>Versehen mit dem M Performance Schriftzug und einer Fahne in den typischen M Farben unterstreichen die Fu\u00dfmatten den sportlichen Look. Eine Einfassung in Lederoptik mit farblich abgesetzter Ziernaht rundet die hochwertige Optik ab.<\/p>\n<h2>Das Paket enth\u00e4lt<\/h2>\n<ul>\n<li>4-tlg. Satz Fu\u00dfmatten vorne und hinten, Klettelemente mit Bajonettverschluss (4 St\u00fcck), Montagehinweise<\/li>\n<li><a href=\"https:\/\/paddleshifterz.com\/de\/vehicles\/bmw-i4-g26\/\">Passend f\u00fcr BMW 4er G26 i4<\/a><\/li>\n<li>F\u00fcr Fahrzeuge mit Linkslenkung: 51475A433B0<\/li>\n<li>F\u00fcr Fahrzeuge mit Rechtslenkung: 51475A433D2<\/li>\n<\/ul>\n<p><a href=\"https:\/\/paddleshifterz.com\/de\/vehicles\/bmw-i4-g26\/\">St\u00f6bern Sie hier in unserem Angebot an BMW und M Performance Originalteilen f\u00fcr Ihren BMW i4 G26.<\/a><\/p>","protected":false},"excerpt":{"rendered":"<p>OEM M Performance Fu\u00dfmatten erg\u00e4nzen das sportliche Erscheinungsbild des BMW, insbesondere f\u00fcr Fahrzeuge mit vorhandenen M Performance Produkten.<\/p>","protected":false},"featured_media":70172,"template":"","meta":{"bwfblock_default_font":""},"product_brand":[],"product_cat":[1115,593],"product_tag":[],"class_list":{"0":"post-70169","1":"product","2":"type-product","3":"status-publish","4":"has-post-thumbnail","6":"product_cat-floor-mats","7":"product_cat-interior","8":"product_shipping_class-shifterz","9":"pa_brand-bmw","10":"pa_brand-m-performance","11":"pa_product-type-oem-original-equipment-manufacturer","12":"pa_vehicles-bmw-i4-g26","14":"first","15":"onbackorder","16":"taxable","17":"shipping-taxable","18":"purchasable","19":"product-type-variable"},"bundled_by":[],"bundle_stock_status":"onbackorder","bundle_stock_quantity":null,"bundle_virtual":false,"bundle_layout":"","bundle_add_to_cart_form_location":"","bundle_editable_in_cart":false,"bundle_sold_individually_context":"","bundle_item_grouping":"","bundle_min_size":"","bundle_max_size":"","bundle_price":[],"bundled_items":[],"bundle_sell_ids":[],"_links":{"self":[{"href":"https:\/\/paddleshifterz.com\/de\/wp-json\/wp\/v2\/product\/70169","targetHints":{"allow":["GET"]}}],"collection":[{"href":"https:\/\/paddleshifterz.com\/de\/wp-json\/wp\/v2\/product"}],"about":[{"href":"https:\/\/paddleshifterz.com\/de\/wp-json\/wp\/v2\/types\/product"}],"wp:featuredmedia":[{"embeddable":true,"href":"https:\/\/paddleshifterz.com\/de\/wp-json\/wp\/v2\/media\/70172"}],"wp:attachment":[{"href":"https:\/\/paddleshifterz.com\/de\/wp-json\/wp\/v2\/media?parent=70169"}],"wp:term":[{"taxonomy":"product_brand","embeddable":true,"href":"https:\/\/paddleshifterz.com\/de\/wp-json\/wp\/v2\/product_brand?post=70169"},{"taxonomy":"product_cat","embeddable":true,"href":"https:\/\/paddleshifterz.com\/de\/wp-json\/wp\/v2\/product_cat?post=70169"},{"taxonomy":"product_tag","embeddable":true,"href":"https:\/\/paddleshifterz.com\/de\/wp-json\/wp\/v2\/product_tag?post=70169"}],"curies":[{"name":"wp","href":"https:\/\/api.w.org\/{rel}","templated":true}]}}