{"id":70174,"date":"2022-09-13T10:05:53","date_gmt":"2022-09-13T09:05:53","guid":{"rendered":"https:\/\/paddleshifterz.com\/?post_type=product&#038;p=70174"},"modified":"2025-11-03T07:20:14","modified_gmt":"2025-11-03T06:20:14","slug":"oem-bmw-m-performance-floor-mats-g26-51-47-2-457-270-51-47-2-457-271","status":"publish","type":"product","link":"https:\/\/paddleshifterz.com\/de\/oem-bmw-m-performance-floor-mats-g26-51-47-2-457-270-51-47-2-457-271\/","title":{"rendered":"OEM BMW M Performance Flurmatte \u2013 51472457270, 51472457271"},"content":{"rendered":"","protected":false},"excerpt":{"rendered":"<p>Die M Performance Fu\u00dfmatten erg\u00e4nzen das sportliche Erscheinungsbild des BMW, insbesondere f\u00fcr Fahrzeuge mit bestehenden M Performance Produkten. So passen die Wildleder-Fu\u00dfmatten zur bestehenden M Performance Produktpalette und bringen das Thema Sportlichkeit auch in den Fu\u00dfraum.<\/p>\n<p>Versehen mit dem M Performance Schriftzug und einer Fahne in den typischen M Farben unterstreichen die Fu\u00dfmatten den sportlichen Look. Eine Einfassung in Lederoptik mit farblich abgesetzter Ziernaht rundet die hochwertige Optik ab.<\/p>\n<p>Das Paket enth\u00e4lt:<\/p>\n<ul>\n<li>4-tlg. Satz Fu\u00dfmatten vorne und hinten, Klettelemente mit Bajonettverschluss (4 St\u00fcck), Montagehinweise<\/li>\n<\/ul>\n<p>Sicherheitshinweise:<\/p>\n<ul>\n<li>Entfernen Sie immer alle Fu\u00dfmatten oder andere Gegenst\u00e4nde vom Fahrzeugboden, bevor Sie die Fu\u00dfmatten verlegen.<\/li>\n<li>Vergewissern Sie sich nach jeder Reinigung, dass die Fu\u00dfmatten richtig befestigt sind, damit sie w\u00e4hrend der Fahrt nicht verrutschen.<\/li>\n<li>Verwenden Sie immer die mitgelieferten Klettverschlussplatten. Falls bereits Klettplatten im Fahrzeug vorhanden sind, tauschen Sie diese bitte gegen die mitgelieferten aus.<\/li>\n<\/ul>\n<p>51472457270, 51472457271<\/p>","protected":false},"featured_media":70172,"template":"","meta":{"bwfblock_default_font":""},"product_brand":[],"product_cat":[1115,593],"product_tag":[],"class_list":{"0":"post-70174","1":"product","2":"type-product","3":"status-publish","4":"has-post-thumbnail","6":"product_cat-floor-mats","7":"product_cat-interior","8":"product_shipping_class-shifterz","9":"pa_brand-bmw","10":"pa_brand-m-performance","11":"pa_product-type-oem-original-equipment-manufacturer","12":"pa_vehicles-bmw-g20","13":"pa_vehicles-bmw-g21","14":"pa_vehicles-bmw-g26-grancoupe","15":"pa_vehicles-bmw-g80-m3","16":"pa_vehicles-bmw-g81-m3-touring","18":"first","19":"onbackorder","20":"taxable","21":"shipping-taxable","22":"purchasable","23":"product-type-variable"},"bundled_by":[],"bundle_stock_status":"onbackorder","bundle_stock_quantity":null,"bundle_virtual":false,"bundle_layout":"","bundle_add_to_cart_form_location":"","bundle_editable_in_cart":false,"bundle_sold_individually_context":"","bundle_item_grouping":"","bundle_min_size":"","bundle_max_size":"","bundle_price":[],"bundled_items":[],"bundle_sell_ids":[],"_links":{"self":[{"href":"https:\/\/paddleshifterz.com\/de\/wp-json\/wp\/v2\/product\/70174","targetHints":{"allow":["GET"]}}],"collection":[{"href":"https:\/\/paddleshifterz.com\/de\/wp-json\/wp\/v2\/product"}],"about":[{"href":"https:\/\/paddleshifterz.com\/de\/wp-json\/wp\/v2\/types\/product"}],"wp:featuredmedia":[{"embeddable":true,"href":"https:\/\/paddleshifterz.com\/de\/wp-json\/wp\/v2\/media\/70172"}],"wp:attachment":[{"href":"https:\/\/paddleshifterz.com\/de\/wp-json\/wp\/v2\/media?parent=70174"}],"wp:term":[{"taxonomy":"product_brand","embeddable":true,"href":"https:\/\/paddleshifterz.com\/de\/wp-json\/wp\/v2\/product_brand?post=70174"},{"taxonomy":"product_cat","embeddable":true,"href":"https:\/\/paddleshifterz.com\/de\/wp-json\/wp\/v2\/product_cat?post=70174"},{"taxonomy":"product_tag","embeddable":true,"href":"https:\/\/paddleshifterz.com\/de\/wp-json\/wp\/v2\/product_tag?post=70174"}],"curies":[{"name":"wp","href":"https:\/\/api.w.org\/{rel}","templated":true}]}}