{"id":70199,"date":"2022-09-13T13:58:28","date_gmt":"2022-09-13T12:58:28","guid":{"rendered":"https:\/\/paddleshifterz.com\/?post_type=product&#038;p=70199"},"modified":"2026-02-05T15:41:16","modified_gmt":"2026-02-05T14:41:16","slug":"oem-bmw-cerium-grey-m-mirror-caps-g-series","status":"publish","type":"product","link":"https:\/\/paddleshifterz.com\/de\/oem-bmw-cerium-grey-m-mirror-caps-g-series\/","title":{"rendered":"OEM BMW Cerium Grau \/\/\/M Spiegelkappen - G Serie"},"content":{"rendered":"","protected":false},"excerpt":{"rendered":"<p>OEM BMW Teil f\u00fcr BMW G-Serie. Wandeln Sie Ihre Standard-Spiegel in \/\/\/M-Stil Spiegel, genau wie in der M440i. Um das Upgrade zu vervollst\u00e4ndigen, w\u00fcrden Sie die St\u00fctzringe als auch ben\u00f6tigen, <a href=\"https:\/\/paddleshifterz.com\/de\/produkt\/oem-bmw-gloss-black-supporting-ring-for-m-mirror-caps-g26\/\">Sie finden sie hier.<\/a><\/p>\n<ul>\n<li>Ausf\u00fchrung: Cerium grau<\/li>\n<li>Material: Kunststoff<\/li>\n<li><strong>Das Paket enth\u00e4lt sowohl die linke als auch die rechte Seite.<\/strong><\/li>\n<li>Erh\u00e4ltlich f\u00fcr Fahrzeuge mit Links- und Rechtslenkung.<\/li>\n<\/ul>\n<p>Teilenummern:<\/p>\n<p>LHD: 51165A121C1, 51165A121C2<\/p>\n<p>RHD: 51165A121C3, 51165A121C4<\/p>","protected":false},"featured_media":70202,"template":"","meta":{"bwfblock_default_font":""},"product_brand":[],"product_cat":[1113,1114],"product_tag":[],"class_list":{"0":"post-70199","1":"product","2":"type-product","3":"status-publish","4":"has-post-thumbnail","6":"product_cat-exterior","7":"product_cat-mirror-caps-accessories","8":"product_shipping_class-shifterz","9":"pa_brand-bmw","10":"pa_product-type-oem-original-equipment-manufacturer","11":"pa_vehicles-bmw-g20","12":"pa_vehicles-bmw-g21","13":"pa_vehicles-bmw-g22","14":"pa_vehicles-bmw-g23","15":"pa_vehicles-bmw-g26-grancoupe","16":"pa_vehicles-bmw-g42","17":"pa_vehicles-bmw-g80-m3","18":"pa_vehicles-bmw-g81-m3-touring","19":"pa_vehicles-bmw-g82-m4-csl","20":"pa_vehicles-bmw-g82-m4","21":"pa_vehicles-bmw-g87-m2","22":"pa_vehicles-bmw-i4-g26","24":"first","25":"instock","26":"taxable","27":"shipping-taxable","28":"purchasable","29":"product-type-variable"},"bundled_by":[],"bundle_stock_status":"instock","bundle_stock_quantity":null,"bundle_virtual":false,"bundle_layout":"","bundle_add_to_cart_form_location":"","bundle_editable_in_cart":false,"bundle_sold_individually_context":"","bundle_item_grouping":"","bundle_min_size":"","bundle_max_size":"","bundle_price":[],"bundled_items":[],"bundle_sell_ids":[],"_links":{"self":[{"href":"https:\/\/paddleshifterz.com\/de\/wp-json\/wp\/v2\/product\/70199","targetHints":{"allow":["GET"]}}],"collection":[{"href":"https:\/\/paddleshifterz.com\/de\/wp-json\/wp\/v2\/product"}],"about":[{"href":"https:\/\/paddleshifterz.com\/de\/wp-json\/wp\/v2\/types\/product"}],"wp:featuredmedia":[{"embeddable":true,"href":"https:\/\/paddleshifterz.com\/de\/wp-json\/wp\/v2\/media\/70202"}],"wp:attachment":[{"href":"https:\/\/paddleshifterz.com\/de\/wp-json\/wp\/v2\/media?parent=70199"}],"wp:term":[{"taxonomy":"product_brand","embeddable":true,"href":"https:\/\/paddleshifterz.com\/de\/wp-json\/wp\/v2\/product_brand?post=70199"},{"taxonomy":"product_cat","embeddable":true,"href":"https:\/\/paddleshifterz.com\/de\/wp-json\/wp\/v2\/product_cat?post=70199"},{"taxonomy":"product_tag","embeddable":true,"href":"https:\/\/paddleshifterz.com\/de\/wp-json\/wp\/v2\/product_tag?post=70199"}],"curies":[{"name":"wp","href":"https:\/\/api.w.org\/{rel}","templated":true}]}}