{"id":70314,"date":"2022-09-19T06:41:33","date_gmt":"2022-09-19T05:41:33","guid":{"rendered":"https:\/\/paddleshifterz.com\/?post_type=product&#038;p=70314"},"modified":"2026-03-23T14:18:53","modified_gmt":"2026-03-23T13:18:53","slug":"ac-schnitzer-pedals-352020120","status":"publish","type":"product","link":"https:\/\/paddleshifterz.com\/de\/ac-schnitzer-pedals-352020120\/","title":{"rendered":"AC Schnitzer Pedale - 352020120"},"content":{"rendered":"","protected":false},"excerpt":{"rendered":"<p><strong>Philosophie\/Gestaltung<\/strong><br \/>\nModernes, zeitloses Design gepaart mit pr\u00e4ziser Verarbeitung: Die matt eloxierten AC Schnitzer Aluminium-Pedale f\u00fcr Schalt- und Automatikfahrzeuge sind aus hochwertigem Aluminium gefr\u00e4st und verleihen dem Innenraum einen exklusiven, sportlichen Charakter. Die austauschbaren Gummieins\u00e4tze aus thermoplastischem Elastomer (TPE) geben dem Fahrer sicheren Halt; auch bei N\u00e4sse. Die AC Schnitzer Aluminium-Pedals\u00e4tze werden in einer hochwertigen Geschenkverpackung geliefert und passen zu vielen anderen AC Schnitzer Aluminium-Interieurkomponenten<\/p>\n<p><strong>Materialien\/Montage<\/strong><br \/>\nThe AC Schnitzer aluminum pedal sets are made from a 4 mm thick wrought aluminum alloy (AlMgSi) and are matt anodised after milling. They are screwed to the standard vehicle pedals. This completely covers the standard pedals.<br \/>\nThe form-bound, non-slip rubber inserts made of thermoplastic elastomer TPE are used in the aluminum pedals and fixed by screwing them to the standard pedals.<\/p>\n<p><strong>Lieferumfang<\/strong><br \/>\n&#8211; 2-part set consisting of: Anodised aluminum pads with non-slip rubber inserts for the gas and brake pedals<br \/>\n&#8211; ABE \/ general operating permit<br \/>\n&#8211; Quality trailer<br \/>\n&#8211; Gift wrapping<\/p>\n<p><strong>Einzigartigkeit der AC Schnitzer Aluminium-Pedale<\/strong><br \/>\n&#8211; milled aluminum: the highlight of the footwell<br \/>\n&#8211; sporty, dynamic look<br \/>\n&#8211; no registration due to ABE<br \/>\n&#8211; quick and easy assembly<br \/>\n&#8211; non-slip<br \/>\n&#8211; Milled AC Schnitzer logo on visible side<br \/>\n&#8211; replaceable rubber inserts<br \/>\n&#8211; matt anodized<\/p>","protected":false},"featured_media":70315,"template":"","meta":{"bwfblock_default_font":""},"product_brand":[],"product_cat":[593],"product_tag":[],"class_list":{"0":"post-70314","1":"product","2":"type-product","3":"status-publish","4":"has-post-thumbnail","6":"product_cat-interior","7":"product_shipping_class-shifterz","8":"pa_brand-ac-schnitzer","9":"pa_product-type-aftermarket","10":"pa_vehicles-bmw-f90-m5","11":"pa_vehicles-bmw-g20","12":"pa_vehicles-bmw-g21","13":"pa_vehicles-bmw-g22","14":"pa_vehicles-bmw-g23","15":"pa_vehicles-bmw-g26-grancoupe","16":"pa_vehicles-bmw-g30","17":"pa_vehicles-bmw-g31","18":"pa_vehicles-bmw-g32","19":"pa_vehicles-bmw-g42","20":"pa_vehicles-bmw-g80-m3","21":"pa_vehicles-bmw-g81-m3-touring","22":"pa_vehicles-bmw-g82-m4-csl","23":"pa_vehicles-bmw-g82-m4","24":"pa_vehicles-bmw-g87-m2","25":"pa_vehicles-bmw-i4-g26","27":"first","28":"outofstock","29":"taxable","30":"shipping-taxable","31":"purchasable","32":"product-type-simple"},"bundled_by":[],"bundle_stock_status":"outofstock","bundle_stock_quantity":0,"bundle_virtual":false,"bundle_layout":"","bundle_add_to_cart_form_location":"","bundle_editable_in_cart":false,"bundle_sold_individually_context":"","bundle_item_grouping":"","bundle_min_size":"","bundle_max_size":"","bundle_price":[],"bundled_items":[],"bundle_sell_ids":[],"_links":{"self":[{"href":"https:\/\/paddleshifterz.com\/de\/wp-json\/wp\/v2\/product\/70314","targetHints":{"allow":["GET"]}}],"collection":[{"href":"https:\/\/paddleshifterz.com\/de\/wp-json\/wp\/v2\/product"}],"about":[{"href":"https:\/\/paddleshifterz.com\/de\/wp-json\/wp\/v2\/types\/product"}],"wp:featuredmedia":[{"embeddable":true,"href":"https:\/\/paddleshifterz.com\/de\/wp-json\/wp\/v2\/media\/70315"}],"wp:attachment":[{"href":"https:\/\/paddleshifterz.com\/de\/wp-json\/wp\/v2\/media?parent=70314"}],"wp:term":[{"taxonomy":"product_brand","embeddable":true,"href":"https:\/\/paddleshifterz.com\/de\/wp-json\/wp\/v2\/product_brand?post=70314"},{"taxonomy":"product_cat","embeddable":true,"href":"https:\/\/paddleshifterz.com\/de\/wp-json\/wp\/v2\/product_cat?post=70314"},{"taxonomy":"product_tag","embeddable":true,"href":"https:\/\/paddleshifterz.com\/de\/wp-json\/wp\/v2\/product_tag?post=70314"}],"curies":[{"name":"wp","href":"https:\/\/api.w.org\/{rel}","templated":true}]}}