{"id":70319,"date":"2022-09-19T11:17:09","date_gmt":"2022-09-19T10:17:09","guid":{"rendered":"https:\/\/paddleshifterz.com\/?post_type=product&#038;p=70319"},"modified":"2026-02-06T20:31:00","modified_gmt":"2026-02-06T19:31:00","slug":"oem-bmw-gloss-black-front-grill-g20-g21-lci-51-11-5-a1b-fb2-51-11-5-a1b-fb1","status":"publish","type":"product","link":"https:\/\/paddleshifterz.com\/de\/oem-bmw-gloss-black-front-grill-g20-g21-lci-51-11-5-a1b-fb2-51-11-5-a1b-fb1\/","title":{"rendered":"Original BMW Frontziergitter LCI - 51115A1BFB2-51115A1BFB1"},"content":{"rendered":"<h2>Spezifikationen<\/h2>\n<ul>\n<li>Original BMW Produkt<\/li>\n<li>Shadow Line Produkt, schwarz gl\u00e4nzend<\/li>\n<li>Erh\u00e4ltlich f\u00fcr Fahrzeuge mit und ohne Parkassistenzsystem Plus (S5DNA).<\/li>\n<li>Kann in einen BMW G20 oder G21 eingebaut werden, aber <strong>nur in AKI-Modelle<\/strong><\/li>\n<li>Teilenummer: 51 11 5 A1B FB2, 51 11 5 A1B FB1<\/li>\n<\/ul>\n<h2>Unboxing<\/h2>\n<p>Schauen Sie sich das Unboxing-Video unten an, um zu sehen, was sich in der Schachtel befindet, und um sich das Produkt vor dem Kauf genauer anzusehen.<\/p>\n<p><iframe loading=\"lazy\" title=\"YouTube-Video-Player\" src=\"https:\/\/www.youtube.com\/embed\/jF_NKN11vN4\" width=\"560\" height=\"315\" frameborder=\"0\" allowfullscreen=\"allowfullscreen\"><span data-mce-type=\"bookmark\" style=\"display: inline-block; width: 0px; overflow: hidden; line-height: 0;\" class=\"mce_SELRES_start\"><\/span><\/iframe><\/p>","protected":false},"excerpt":{"rendered":"<p>OEM BMW Gloss black K\u00fchlergrill f\u00fcr die <strong>BMW G20, G21 aus dem Modell M340i.\u00a0<\/strong>Geeignet f\u00fcr Facelift- und LCI-Fahrzeuge.<\/p>\n<p>Brauchen Sie einen regelm\u00e4\u00dfigeren K\u00fchlergrill? <a href=\"https:\/\/paddleshifterz.com\/de\/oem-bmw-gloss-black-front-grill-g20-g21-lci-51-11-5-a1b-fb0-51-11-5-a1b-fa9\/\">Click here for the standard LCI grille.<\/a><\/p>","protected":false},"featured_media":70832,"template":"","meta":{"bwfblock_default_font":""},"product_brand":[],"product_cat":[1113,1095],"product_tag":[],"class_list":{"0":"post-70319","1":"product","2":"type-product","3":"status-publish","4":"has-post-thumbnail","6":"product_cat-exterior","7":"product_cat-front-grilles","8":"product_shipping_class-shifterz","9":"pa_brand-bmw","10":"pa_product-type-oem-original-equipment-manufacturer","11":"pa_vehicles-bmw-g20","12":"pa_vehicles-bmw-g21","14":"first","15":"onbackorder","16":"taxable","17":"shipping-taxable","18":"purchasable","19":"product-type-variable"},"bundled_by":[],"bundle_stock_status":"onbackorder","bundle_stock_quantity":null,"bundle_virtual":false,"bundle_layout":"","bundle_add_to_cart_form_location":"","bundle_editable_in_cart":false,"bundle_sold_individually_context":"","bundle_item_grouping":"","bundle_min_size":"","bundle_max_size":"","bundle_price":[],"bundled_items":[],"bundle_sell_ids":[],"_links":{"self":[{"href":"https:\/\/paddleshifterz.com\/de\/wp-json\/wp\/v2\/product\/70319","targetHints":{"allow":["GET"]}}],"collection":[{"href":"https:\/\/paddleshifterz.com\/de\/wp-json\/wp\/v2\/product"}],"about":[{"href":"https:\/\/paddleshifterz.com\/de\/wp-json\/wp\/v2\/types\/product"}],"wp:featuredmedia":[{"embeddable":true,"href":"https:\/\/paddleshifterz.com\/de\/wp-json\/wp\/v2\/media\/70832"}],"wp:attachment":[{"href":"https:\/\/paddleshifterz.com\/de\/wp-json\/wp\/v2\/media?parent=70319"}],"wp:term":[{"taxonomy":"product_brand","embeddable":true,"href":"https:\/\/paddleshifterz.com\/de\/wp-json\/wp\/v2\/product_brand?post=70319"},{"taxonomy":"product_cat","embeddable":true,"href":"https:\/\/paddleshifterz.com\/de\/wp-json\/wp\/v2\/product_cat?post=70319"},{"taxonomy":"product_tag","embeddable":true,"href":"https:\/\/paddleshifterz.com\/de\/wp-json\/wp\/v2\/product_tag?post=70319"}],"curies":[{"name":"wp","href":"https:\/\/api.w.org\/{rel}","templated":true}]}}